{"id":899,"date":"2021-12-05T09:06:56","date_gmt":"2021-12-05T09:06:56","guid":{"rendered":"https:\/\/ciguawatch.ilm.pf\/\/?page_id=899"},"modified":"2022-03-31T19:11:02","modified_gmt":"2022-03-31T19:11:02","slug":"terms-of-use","status":"publish","type":"page","link":"https:\/\/ciguawatch.ilm.pf\/fr\/terms-of-use\/","title":{"rendered":"Conditions d&rsquo;utilisation"},"content":{"rendered":"\n<h3 class=\"wp-block-heading\"><strong>Droit d&rsquo;auteur et propri\u00e9t\u00e9 intellectuelle<\/strong><\/h3>\n\n\n\n<p>L&rsquo;ensemble des \u00e9l\u00e9ments contenus sur ce site rel\u00e8ve de la l\u00e9gislation fran\u00e7aise et internationale sur le droit d&rsquo;auteur et droits associ\u00e9s.&nbsp;<\/p>\n\n\n\n<p>La reproduction des textes est autoris\u00e9e pour un usage personnel moyennant mention de la source (\u00a9 Institut Louis Malard\u00e9). Pour toute autre utilisation, une autorisation pr\u00e9alable doit \u00eatre obtenue aupr\u00e8s du Laboratoire des Biotoxines Marines de l&rsquo;Institut Louis Malard\u00e9 (ILM).<\/p>\n\n\n\n<p>Les droits de propri\u00e9t\u00e9 intellectuelle prot\u00e8gent \u00e9galement les photos et images contenus sur ce site. Par cons\u00e9quent, leur reproduction ou utilisation sans autorisation du Laboratoire des Biotoxines Marines de l&rsquo;ILM est interdite. La mention des cr\u00e9dits photos (\u00a9 Institut Louis Malard\u00e9\/Nom de l&rsquo;auteur) est obligatoire.<\/p>\n\n\n\n<h3 class=\"wp-block-heading\"><strong>Clause de non-responsabilit\u00e9&nbsp;<\/strong><\/h3>\n\n\n\n<p>Les informations diffus\u00e9es sur ce site sont pr\u00e9sent\u00e9es \u00e0 titre purement informatif et sont sans valeur contractuelle. Le Laboratoire des Biotoxines Marines (LBM) ne donne aucune garantie, de quelque nature que ce soit, expresse ou implicite, quant \u00e0 la nature, \u00e0 l&rsquo;exactitude, \u00e0 l&rsquo;exhaustivit\u00e9 ou \u00e0 la fiabilit\u00e9 des informations contenues sur ce site. Les informations sont susceptibles d&rsquo;\u00eatre modifi\u00e9es \u00e0 tout moment sans pr\u00e9avis.&nbsp;<\/p>\n\n\n\n<p>Le LBM d\u00e9cline toute responsabilit\u00e9 quant \u00e0 l&rsquo;utilisation de ce site et ne peut \u00eatre tenu responsable de quelque mani\u00e8re que ce soit des dommages, directs ou indirects, li\u00e9s \u00e0 l&rsquo;acc\u00e8s ou \u00e0 l&rsquo;utilisation de ce site.<\/p>\n\n\n\n<p>Le LBM ne peut \u00eatre tenu pour responsable en cas de disfonctionnement du site et d\u00e9cline toute responsabilit\u00e9 concernant les \u00e9ventuels virus pouvant infecter le mat\u00e9riel informatique de l\u2019Utilisateur apr\u00e8s l\u2019utilisation ou l\u2019acc\u00e8s \u00e0 ce site<\/p>\n\n\n\n<p>Ce site peut contenir des liens vers des sites tiers. Ces liens sont fournis uniquement \u00e0 titre informatif. M\u00eame si le LBM v\u00e9rifie la qualit\u00e9 de ces sites tiers, il ne contr\u00f4le pas et n&rsquo;est pas responsable de leur contenu.&nbsp; Aussi, le LBM n&rsquo;assume aucune responsabilit\u00e9 quant \u00e0 l&rsquo;exactitude ou la fiabilit\u00e9 de toute information, donn\u00e9e, conseil ou d\u00e9claration faite sur ces sites tiers.&nbsp;<\/p>\n\n\n\n<p>Toutes les marques cit\u00e9es sur ce site sont la propri\u00e9t\u00e9 exclusive de leurs propri\u00e9taires respectifs.&nbsp;<\/p>\n\n\n\n<h3 class=\"wp-block-heading\"><strong>Lien vers ce site<\/strong><\/h3>\n\n\n\n<p>&nbsp;Les sites Internet publics ou priv\u00e9s peuvent, apr\u00e8s notification pr\u00e9alable au Laboratoire des Biotoxines Marines (LBM) de l&rsquo;ILM, fournir un lien vers la page d&rsquo;accueil de ce site ou toute autre page d&rsquo;information qu&rsquo;il contient. Cependant, l\u2019utilisation de liens profonds est strictement interdite.&nbsp;<\/p>\n\n\n\n<p>Le LBM d\u00e9cline toute responsabilit\u00e9 quant aux liens cr\u00e9\u00e9s vers le pr\u00e9sent site.<\/p>\n","protected":false},"excerpt":{"rendered":"<p>Droit d&rsquo;auteur et propri\u00e9t\u00e9 intellectuelle L&rsquo;ensemble des \u00e9l\u00e9ments contenus sur ce site rel\u00e8ve de la l\u00e9gislation fran\u00e7aise et internationale sur le droit d&rsquo;auteur et droits associ\u00e9s.&nbsp; La reproduction des textes est autoris\u00e9e pour un usage personnel moyennant mention de la source (\u00a9 Institut Louis Malard\u00e9). Pour toute autre utilisation, une autorisation pr\u00e9alable doit \u00eatre obtenue &#8230; <a title=\"Conditions d&rsquo;utilisation\" class=\"read-more\" href=\"https:\/\/ciguawatch.ilm.pf\/fr\/terms-of-use\/\" aria-label=\"En savoir plus sur Conditions d&rsquo;utilisation\">Lire la suite<\/a><\/p>\n","protected":false},"author":1,"featured_media":0,"parent":0,"menu_order":0,"comment_status":"closed","ping_status":"closed","template":"","meta":{"footnotes":""},"tags":[],"class_list":["post-899","page","type-page","status-publish"],"translation":{"provider":"WPGlobus","version":"3.0.0","language":"fr","enabled_languages":["en","fr"],"languages":{"en":{"title":true,"content":true,"excerpt":false},"fr":{"title":true,"content":true,"excerpt":false}}},"_links":{"self":[{"href":"https:\/\/ciguawatch.ilm.pf\/fr\/wp-json\/wp\/v2\/pages\/899","targetHints":{"allow":["GET"]}}],"collection":[{"href":"https:\/\/ciguawatch.ilm.pf\/fr\/wp-json\/wp\/v2\/pages"}],"about":[{"href":"https:\/\/ciguawatch.ilm.pf\/fr\/wp-json\/wp\/v2\/types\/page"}],"author":[{"embeddable":true,"href":"https:\/\/ciguawatch.ilm.pf\/fr\/wp-json\/wp\/v2\/users\/1"}],"replies":[{"embeddable":true,"href":"https:\/\/ciguawatch.ilm.pf\/fr\/wp-json\/wp\/v2\/comments?post=899"}],"version-history":[{"count":0,"href":"https:\/\/ciguawatch.ilm.pf\/fr\/wp-json\/wp\/v2\/pages\/899\/revisions"}],"wp:attachment":[{"href":"https:\/\/ciguawatch.ilm.pf\/fr\/wp-json\/wp\/v2\/media?parent=899"}],"wp:term":[{"taxonomy":"post_tag","embeddable":true,"href":"https:\/\/ciguawatch.ilm.pf\/fr\/wp-json\/wp\/v2\/tags?post=899"}],"curies":[{"name":"wp","href":"https:\/\/api.w.org\/{rel}","templated":true}]}}