{"id":892,"date":"2021-12-05T08:45:42","date_gmt":"2021-12-05T08:45:42","guid":{"rendered":"https:\/\/ciguawatch.ilm.pf\/\/?page_id=892"},"modified":"2022-10-17T20:20:20","modified_gmt":"2022-10-17T20:20:20","slug":"legal-notice","status":"publish","type":"page","link":"https:\/\/ciguawatch.ilm.pf\/fr\/legal-notice\/","title":{"rendered":"Mentions l\u00e9gales"},"content":{"rendered":"\n<div class=\"wp-block-group\"><div class=\"wp-block-group__inner-container is-layout-flow wp-block-group-is-layout-flow\">\n<h3 class=\"wp-block-heading\" id=\"website-names-addresses\"><span style=\"background-color: rgb(255, 255, 255);\"><strong><strong>Adresse<\/strong><\/strong><\/span>\/nom du site<\/h3>\n\n\n\n<p>ciguawatch.ilm.pf<\/p>\n\n\n\n<hr class=\"wp-block-separator has-css-opacity\"\/>\n\n\n\n<h3 class=\"wp-block-heading\" id=\"laboratory-name-ownership\"><strong>Nom du laboratoire<\/strong> propri\u00e9taire<\/h3>\n\n\n\n<h5 class=\"wp-block-heading\" id=\"laboratoire-des-biotoxines-marines-institut-louis-malarde\">INSTITUT LOUIS MALARDE (<a href=\"http:\/\/www.ilm.pf\">www.ilm.pf<\/a>)<\/h5>\n\n\n\n<ul class=\"wp-block-list\"><li>Phone: (+689) 40 41 64 65<\/li><li>Fax&nbsp;: (+689) 40&nbsp;431&nbsp;590<\/li><\/ul>\n\n\n\n<div class=\"wp-block-buttons is-horizontal is-content-justification-left is-layout-flex wp-container-core-buttons-is-layout-7e5fce0a wp-block-buttons-is-layout-flex\">\n<div class=\"wp-block-button mt-3\"><a class=\"wp-block-button__link has-accent-background-color has-background\" href=\"https:\/\/ciguawatch.ilm.pf\/fr\/contact\/\" style=\"border-radius:5px\">Contactez-nous<\/a><\/div>\n<\/div>\n\n\n\n<hr class=\"wp-block-separator has-css-opacity\"\/>\n\n\n\n<h3 class=\"wp-block-heading\" id=\"publication-director-editorial-manager\">Direction de la publication &amp; responsable \u00e9ditorial<\/h3>\n\n\n\n<ul class=\"wp-block-list\"><li>Mireille CHINAIN<\/li><li>Taiana DARIUS<\/li><li>Cl\u00e9mence GATTI<\/li><\/ul>\n\n\n\n<p><\/p>\n\n\n\n<p>Laboratoire des biotoxines marines &#8211; Institut Louis Malard\u00e9 (<a href=\"http:\/\/www.ilm.pf\">www.ilm.pf<\/a>)<\/p>\n\n\n\n<hr class=\"wp-block-separator has-css-opacity\"\/>\n\n\n\n<h3 class=\"wp-block-heading\" id=\"graphic-design\">Design Graphique &amp; d\u00e9veloppement web<\/h3>\n\n\n\n<p>Taema Cuneo\/Cr\u00e9aPassion (<a rel=\"noreferrer noopener\" href=\"https:\/\/crea-passion.pf\/\" target=\"_blank\">crea-passion.pf<\/a>)<\/p>\n\n\n\n<hr class=\"wp-block-separator has-css-opacity\"\/>\n\n\n\n<h3 class=\"wp-block-heading\" id=\"graphic-design\">R\u00e9daction\/Traduction\/Web Design<\/h3>\n\n\n\n<p>Laboratoire des biotoxines marines &#8211; Institut Louis Malard\u00e9 (<a href=\"http:\/\/www.ilm.pf\">www.ilm.pf<\/a>) &#8211; Taema Cuneo\/Cr\u00e9aPassion (<a rel=\"noreferrer noopener\" href=\"https:\/\/crea-passion.pf\/\" target=\"_blank\">crea-passion.pf<\/a>)<\/p>\n<\/div><\/div>\n","protected":false},"excerpt":{"rendered":"<p>Adresse\/nom du site ciguawatch.ilm.pf Nom du laboratoire propri\u00e9taire INSTITUT LOUIS MALARDE (www.ilm.pf) Phone: (+689) 40 41 64 65 Fax&nbsp;: (+689) 40&nbsp;431&nbsp;590 Direction de la publication &amp; responsable \u00e9ditorial Mireille CHINAIN Taiana DARIUS Cl\u00e9mence GATTI Laboratoire des biotoxines marines &#8211; Institut Louis Malard\u00e9 (www.ilm.pf) Design Graphique &amp; d\u00e9veloppement web Taema Cuneo\/Cr\u00e9aPassion (crea-passion.pf) R\u00e9daction\/Traduction\/Web Design Laboratoire des &#8230; <a title=\"Mentions l\u00e9gales\" class=\"read-more\" href=\"https:\/\/ciguawatch.ilm.pf\/fr\/legal-notice\/\" aria-label=\"En savoir plus sur Mentions l\u00e9gales\">Lire la suite<\/a><\/p>\n","protected":false},"author":1,"featured_media":0,"parent":0,"menu_order":0,"comment_status":"closed","ping_status":"closed","template":"","meta":{"footnotes":""},"tags":[],"class_list":["post-892","page","type-page","status-publish"],"translation":{"provider":"WPGlobus","version":"3.0.0","language":"fr","enabled_languages":["en","fr"],"languages":{"en":{"title":true,"content":true,"excerpt":false},"fr":{"title":true,"content":true,"excerpt":false}}},"_links":{"self":[{"href":"https:\/\/ciguawatch.ilm.pf\/fr\/wp-json\/wp\/v2\/pages\/892","targetHints":{"allow":["GET"]}}],"collection":[{"href":"https:\/\/ciguawatch.ilm.pf\/fr\/wp-json\/wp\/v2\/pages"}],"about":[{"href":"https:\/\/ciguawatch.ilm.pf\/fr\/wp-json\/wp\/v2\/types\/page"}],"author":[{"embeddable":true,"href":"https:\/\/ciguawatch.ilm.pf\/fr\/wp-json\/wp\/v2\/users\/1"}],"replies":[{"embeddable":true,"href":"https:\/\/ciguawatch.ilm.pf\/fr\/wp-json\/wp\/v2\/comments?post=892"}],"version-history":[{"count":0,"href":"https:\/\/ciguawatch.ilm.pf\/fr\/wp-json\/wp\/v2\/pages\/892\/revisions"}],"wp:attachment":[{"href":"https:\/\/ciguawatch.ilm.pf\/fr\/wp-json\/wp\/v2\/media?parent=892"}],"wp:term":[{"taxonomy":"post_tag","embeddable":true,"href":"https:\/\/ciguawatch.ilm.pf\/fr\/wp-json\/wp\/v2\/tags?post=892"}],"curies":[{"name":"wp","href":"https:\/\/api.w.org\/{rel}","templated":true}]}}