{"id":83,"date":"2021-11-28T03:24:02","date_gmt":"2021-11-28T03:24:02","guid":{"rendered":"https:\/\/ciguawatch.ilm.pf\/\/?page_id=83"},"modified":"2022-02-23T19:43:02","modified_gmt":"2022-02-23T19:43:02","slug":"request-planning-of-live-meetings-with-our-team","status":"publish","type":"page","link":"https:\/\/ciguawatch.ilm.pf\/fr\/request-planning-of-live-meetings-with-our-team\/","title":{"rendered":"Demande &#038; planification de visioconf\u00e9rences avec notre \u00e9quipe"},"content":{"rendered":"\n<h4 class=\"wp-block-heading\">Accompagnement personnalis\u00e9 \u00e0 distance<\/h4>\n\n\n\n<p><em>Sur demande, des sessions de visioconf\u00e9rences, individuelles, ou par groupe, peuvent \u00eatre organis\u00e9es afin de vous offrir un accompagnement adapt\u00e9 et personnalis\u00e9. Il vous suffit de nous contacter via le formulaire ci-dessous.<\/em><\/p>\n\n\n\n<div style=\"height:15px\" aria-hidden=\"true\" class=\"wp-block-spacer\"><\/div>\n\n\n<div class=\"wpforms-container wpforms-container-full wpforms-block\" id=\"wpforms-162\"><form id=\"wpforms-form-162\" class=\"wpforms-validate wpforms-form wpforms-ajax-form\" data-formid=\"162\" method=\"post\" enctype=\"multipart\/form-data\" action=\"\/fr\/wp-json\/wp\/v2\/pages\/83\" data-token=\"a6a6dcbbcd28da1ef3cfce9de284f344\" data-token-time=\"1775409971\"><div class=\"wpforms-head-container\"><div class=\"wpforms-title\">Formulaire de demande de r\u00e9union<\/div><\/div><noscript class=\"wpforms-error-noscript\">Veuillez activer JavaScript dans votre navigateur pour remplir ce formulaire.<\/noscript><div class=\"wpforms-field-container\"><div id=\"wpforms-162-field_4-container\" class=\"wpforms-field wpforms-field-select wpforms-field-select-style-modern\" data-field-id=\"4\"><label class=\"wpforms-field-label\" for=\"wpforms-162-field_4\">S\u00e9lectionnez votre pays <span class=\"wpforms-required-label\">*<\/span><\/label><select id=\"wpforms-162-field_4\" class=\"wpforms-field-medium wpforms-field-required choicesjs-select\" data-size-class=\"wpforms-field-row wpforms-field-medium\" data-search-enabled=\"1\" name=\"wpforms[fields][4]\" required=\"required\"><option value=\"\" class=\"placeholder\" disabled  selected='selected'><\/option><option value=\"\u00celes Cook\" >\u00celes Cook<\/option><option value=\"Etats f\u00e9d\u00e9r\u00e9s de Micron\u00e9sie\" >Etats f\u00e9d\u00e9r\u00e9s de Micron\u00e9sie<\/option><option value=\"Fidji\" >Fidji<\/option><option value=\"Guam\" >Guam<\/option><option value=\"Kiribati\" >Kiribati<\/option><option value=\"\u00celes Mariannes du Nord\" >\u00celes Mariannes du Nord<\/option><option value=\"\u00celes Marshall\" >\u00celes Marshall<\/option><option value=\"Nauru\" >Nauru<\/option><option value=\"Niue\" >Niue<\/option><option value=\"Nouvelle-Cal\u00e9donie\" >Nouvelle-Cal\u00e9donie<\/option><option value=\"Palau\" >Palau<\/option><option value=\"Papouasie-Nouvelle-Guin\u00e9e\" >Papouasie-Nouvelle-Guin\u00e9e<\/option><option value=\"Polyn\u00e9sie fran\u00e7aise\" >Polyn\u00e9sie fran\u00e7aise<\/option><option value=\"\u00celes Salomon\" >\u00celes Salomon<\/option><option value=\"Samoa\" >Samoa<\/option><option value=\"Samoa am\u00e9ricaines\" >Samoa am\u00e9ricaines<\/option><option value=\"Tokelau\" >Tokelau<\/option><option value=\"Tonga\" >Tonga<\/option><option value=\"Tuvalu\" >Tuvalu<\/option><option value=\"Vanuatu\" >Vanuatu<\/option><option value=\"Wallis et Futuna\" >Wallis et Futuna<\/option><\/select><\/div><div id=\"wpforms-162-field_0-container\" class=\"wpforms-field wpforms-field-name\" data-field-id=\"0\"><label class=\"wpforms-field-label wpforms-label-hide\" for=\"wpforms-162-field_0\">Nom <span class=\"wpforms-required-label\">*<\/span><\/label><div class=\"wpforms-field-row wpforms-field-medium\"><div class=\"wpforms-field-row-block wpforms-first wpforms-one-half\"><input type=\"text\" id=\"wpforms-162-field_0\" class=\"wpforms-field-name-first wpforms-field-required\" name=\"wpforms[fields][0][first]\" placeholder=\"Pr\u00e9nom\" required><label for=\"wpforms-162-field_0\" class=\"wpforms-field-sublabel after wpforms-sublabel-hide\">Pr\u00e9nom<\/label><\/div><div class=\"wpforms-field-row-block wpforms-one-half\"><input type=\"text\" id=\"wpforms-162-field_0-last\" class=\"wpforms-field-name-last wpforms-field-required\" name=\"wpforms[fields][0][last]\" placeholder=\"Nom\" required><label for=\"wpforms-162-field_0-last\" class=\"wpforms-field-sublabel after wpforms-sublabel-hide\">Nom<\/label><\/div><\/div><\/div><div id=\"wpforms-162-field_1-container\" class=\"wpforms-field wpforms-field-email\" data-field-id=\"1\"><label class=\"wpforms-field-label wpforms-label-hide\" for=\"wpforms-162-field_1\">Email <span class=\"wpforms-required-label\">*<\/span><\/label><div class=\"wpforms-field-row wpforms-field-medium\"><div class=\"wpforms-field-row-block wpforms-one-half wpforms-first\"><input type=\"email\" id=\"wpforms-162-field_1\" class=\"wpforms-field-required wpforms-field-email-primary\" name=\"wpforms[fields][1][primary]\" placeholder=\"Votre Email\" spellcheck=\"false\" required><label for=\"wpforms-162-field_1\" class=\"wpforms-field-sublabel after wpforms-sublabel-hide\">E-mail<\/label><\/div><div class=\"wpforms-field-row-block wpforms-one-half\"><input type=\"email\" id=\"wpforms-162-field_1-secondary\" class=\"wpforms-field-email-secondary wpforms-field-required\" data-rule-confirm=\"#wpforms-162-field_1\" name=\"wpforms[fields][1][secondary]\" placeholder=\"Confirmez votre Email\" spellcheck=\"false\" required><label for=\"wpforms-162-field_1-secondary\" class=\"wpforms-field-sublabel after wpforms-sublabel-hide\">Confirmez l\u2019e-mail<\/label><\/div><\/div><\/div><div id=\"wpforms-162-field_6-container\" class=\"wpforms-field wpforms-field-text\" data-field-id=\"6\"><label class=\"wpforms-field-label\" for=\"wpforms-162-field_6\">Organisme<\/label><input type=\"text\" id=\"wpforms-162-field_6\" class=\"wpforms-field-medium\" name=\"wpforms[fields][6]\" ><\/div><div id=\"wpforms-162-field_7-container\" class=\"wpforms-field wpforms-field-text\" data-field-id=\"7\"><label class=\"wpforms-field-label\" for=\"wpforms-162-field_7\">Fonction<\/label><input type=\"text\" id=\"wpforms-162-field_7\" class=\"wpforms-field-medium\" name=\"wpforms[fields][7]\" ><\/div><div id=\"wpforms-162-field_9-container\" class=\"wpforms-field wpforms-field-checkbox\" data-field-id=\"9\"><label class=\"wpforms-field-label\">Nature de la demande <span class=\"wpforms-required-label\">*<\/span><\/label><ul id=\"wpforms-162-field_9\" class=\"wpforms-field-required\"><li class=\"choice-10 depth-1\"><input type=\"checkbox\" id=\"wpforms-162-field_9_10\" name=\"wpforms[fields][9][]\" value=\"Cartographie\" required ><label class=\"wpforms-field-label-inline\" for=\"wpforms-162-field_9_10\">Cartographie<\/label><\/li><li class=\"choice-11 depth-1\"><input type=\"checkbox\" id=\"wpforms-162-field_9_11\" name=\"wpforms[fields][9][]\" value=\"Gestion des donn\u00e9es\" required ><label class=\"wpforms-field-label-inline\" for=\"wpforms-162-field_9_11\">Gestion des donn\u00e9es<\/label><\/li><li class=\"choice-12 depth-1\"><input type=\"checkbox\" id=\"wpforms-162-field_9_12\" name=\"wpforms[fields][9][]\" value=\"Sensibilisation \u00e0 la Ciguat\u00e9ra\" required ><label class=\"wpforms-field-label-inline\" for=\"wpforms-162-field_9_12\">Sensibilisation \u00e0 la Ciguat\u00e9ra<\/label><\/li><li class=\"choice-13 depth-1\"><input type=\"checkbox\" id=\"wpforms-162-field_9_13\" name=\"wpforms[fields][9][]\" value=\"Surveillance \u00e9pid\u00e9miologique\" required ><label class=\"wpforms-field-label-inline\" for=\"wpforms-162-field_9_13\">Surveillance \u00e9pid\u00e9miologique<\/label><\/li><li class=\"choice-14 depth-1\"><input type=\"checkbox\" id=\"wpforms-162-field_9_14\" name=\"wpforms[fields][9][]\" value=\"Window Screen et pr\u00e9l\u00e8vements de macroalgues\" required ><label class=\"wpforms-field-label-inline\" for=\"wpforms-162-field_9_14\">Window Screen et pr\u00e9l\u00e8vements de macroalgues<\/label><\/li><li class=\"choice-15 depth-1\"><input type=\"checkbox\" id=\"wpforms-162-field_9_15\" name=\"wpforms[fields][9][]\" value=\"Autre\" required ><label class=\"wpforms-field-label-inline\" for=\"wpforms-162-field_9_15\">Autre<\/label><\/li><\/ul><\/div><div id=\"wpforms-162-field_2-container\" class=\"wpforms-field wpforms-field-textarea\" data-field-id=\"2\"><label class=\"wpforms-field-label wpforms-label-hide\" for=\"wpforms-162-field_2\">D\u00e9crivez votre demande<\/label><textarea id=\"wpforms-162-field_2\" class=\"wpforms-field-medium wpforms-limit-characters-enabled\" data-form-id=\"162\" data-field-id=\"2\" data-text-limit=\"2000\" name=\"wpforms[fields][2]\" placeholder=\"Inscrivez votre demande ici (limit\u00e9e \u00e0 2 000 caract\u00e8res)\" maxlength=\"2000\" ><\/textarea><\/div><\/div><!-- .wpforms-field-container --><div class=\"wpforms-submit-container\" ><input type=\"hidden\" name=\"wpforms[id]\" value=\"162\"><input type=\"hidden\" name=\"page_title\" value=\"\"><input type=\"hidden\" name=\"page_url\" value=\"https:\/\/ciguawatch.ilm.pf\/fr\/wp-json\/wp\/v2\/pages\/83\"><input type=\"hidden\" name=\"url_referer\" value=\"\"><span class=\"wpcf7-form-control-wrap cf7ic-wpf kc_captcha\" data-name=\"kc_captcha\"><span class=\"wpcf7-form-control wpcf7-cf7ic\"><span class=\"captcha-image cf7ic-style1\" style=\"border:none;\"><span class=\"cf7ic_instructions\">Veuillez prouver que vous \u00eates humain en s\u00e9lectionnant <span>la maison<\/span>:<span class=\"cf7ic-icon-wrapper\"><label><input aria-label=\"1\" type=\"radio\" name=\"kc_captcha\" value=\"afa66a076f037f712630c2758ce21818359635750869ffe1e7e7e41329145986\" \/><i class=\"fa fa-flag\"><\/i><\/label><label><input aria-label=\"2\" type=\"radio\" name=\"kc_captcha\" value=\"4b3f393b77b506c6c6aace53ae2ef5c9ca6c698cb38e13be18ad9cdc1518ba5f\" \/><i class=\"fa fa-coffee\"><\/i><\/label><label><input aria-label=\"3\" type=\"radio\" name=\"kc_captcha\" value=\"31568aaa042c44dfff1095abc3e51223705f6482a0c6dd8353d8ed77fb229148\" \/><i class=\"fa fa-home\"><\/i><\/label><span aria-hidden=\"true\" class=\"ai1ic-fields\"><input type=\"hidden\" name=\"cf7ic_exists\" value=\"true\"\/><input type=\"hidden\" name=\"kc_key\" value=\"72NUZQQ3HqZu9oWd3YbI\"><input type=\"text\" name=\"kc_honeypot\" tabindex=\"-1\" value=\"\"><\/span><\/span><\/span><\/span><\/span><\/span><button type=\"submit\" name=\"wpforms[submit]\" id=\"wpforms-submit-162\" class=\"wpforms-submit\" data-alt-text=\"En cours d&#039;envoi...\" data-submit-text=\"Envoyer\" aria-live=\"assertive\" value=\"wpforms-submit\">Envoyer<\/button><img loading=\"lazy\" decoding=\"async\" src=\"https:\/\/ciguawatch.ilm.pf\/wp-content\/plugins\/wpforms-lite\/assets\/images\/submit-spin.svg\" class=\"wpforms-submit-spinner\" style=\"display: none;\" width=\"26\" height=\"26\" alt=\"Chargement en cours\"><\/div><\/form><\/div>  <!-- .wpforms-container -->","protected":false},"excerpt":{"rendered":"<p>Accompagnement personnalis\u00e9 \u00e0 distance Sur demande, des sessions de visioconf\u00e9rences, individuelles, ou par groupe, peuvent \u00eatre organis\u00e9es afin de vous offrir un accompagnement adapt\u00e9 et personnalis\u00e9. Il vous suffit de nous contacter via le formulaire ci-dessous.<\/p>\n","protected":false},"author":1,"featured_media":1292,"parent":0,"menu_order":0,"comment_status":"closed","ping_status":"closed","template":"","meta":{"footnotes":""},"tags":[],"class_list":["post-83","page","type-page","status-publish","has-post-thumbnail"],"translation":{"provider":"WPGlobus","version":"3.0.0","language":"fr","enabled_languages":["en","fr"],"languages":{"en":{"title":true,"content":true,"excerpt":false},"fr":{"title":true,"content":true,"excerpt":false}}},"_links":{"self":[{"href":"https:\/\/ciguawatch.ilm.pf\/fr\/wp-json\/wp\/v2\/pages\/83","targetHints":{"allow":["GET"]}}],"collection":[{"href":"https:\/\/ciguawatch.ilm.pf\/fr\/wp-json\/wp\/v2\/pages"}],"about":[{"href":"https:\/\/ciguawatch.ilm.pf\/fr\/wp-json\/wp\/v2\/types\/page"}],"author":[{"embeddable":true,"href":"https:\/\/ciguawatch.ilm.pf\/fr\/wp-json\/wp\/v2\/users\/1"}],"replies":[{"embeddable":true,"href":"https:\/\/ciguawatch.ilm.pf\/fr\/wp-json\/wp\/v2\/comments?post=83"}],"version-history":[{"count":0,"href":"https:\/\/ciguawatch.ilm.pf\/fr\/wp-json\/wp\/v2\/pages\/83\/revisions"}],"wp:featuredmedia":[{"embeddable":true,"href":"https:\/\/ciguawatch.ilm.pf\/fr\/wp-json\/wp\/v2\/media\/1292"}],"wp:attachment":[{"href":"https:\/\/ciguawatch.ilm.pf\/fr\/wp-json\/wp\/v2\/media?parent=83"}],"wp:term":[{"taxonomy":"post_tag","embeddable":true,"href":"https:\/\/ciguawatch.ilm.pf\/fr\/wp-json\/wp\/v2\/tags?post=83"}],"curies":[{"name":"wp","href":"https:\/\/api.w.org\/{rel}","templated":true}]}}