{"id":75,"date":"2022-01-20T03:17:00","date_gmt":"2022-01-20T03:17:00","guid":{"rendered":"https:\/\/ciguawatch.ilm.pf\/\/?page_id=75"},"modified":"2025-09-11T23:05:57","modified_gmt":"2025-09-11T23:05:57","slug":"the-pacific-ciguawatch-initiative","status":"publish","type":"page","link":"https:\/\/ciguawatch.ilm.pf\/fr\/the-pacific-ciguawatch-initiative\/","title":{"rendered":"L&rsquo;initiative Pacific-CIGUAWATCH"},"content":{"rendered":"\n<h5 class=\"wp-block-heading\" id=\"although-regarded-as-the-most-common-non-bacterial-seafood-poisoning-associated-with-fish-consumption-worldwide-ciguatera-poisoning-cp-remains-an-unrecognized-and-thus-poorly-managed-issue-in-most-pacific-island-countries-and-territories-picts-where-this-disease-is-reportedly-highly-prevalent\">Bien que consid\u00e9r\u00e9e comme l&rsquo;intoxication d\u2019origine non-bact\u00e9rienne associ\u00e9e \u00e0 la consommation de produits de la mer la plus r\u00e9pandue au monde, la ciguat\u00e9ra ( ou Ciguatera Poisoning, CP) demeure n\u00e9anmoins une menace sanitaire, \u00e9cologique et \u00e9conomique m\u00e9connue, particuli\u00e8rement compliqu\u00e9e \u00e0 appr\u00e9hender et g\u00e9rer dans la plupart des Pays et Territoires Insulaires du Pacifique (PICTS),&nbsp; o\u00f9 cette&nbsp; affection est pourtant hautement pr\u00e9valente.&nbsp;<\/h5>\n\n\n\n<p>Le recensement des cas d\u2019intoxication \u00e0 l\u2019\u00e9chelle mondiale repr\u00e9sente un v\u00e9ritable d\u00e9fi car tr\u00e8s fortement sous-estim\u00e9 en raison de nombreuses lacunes qui affectent \u00e0 la fois l&rsquo;exhaustivit\u00e9 et l&rsquo;exactitude des donn\u00e9es collect\u00e9es (programmes de surveillance n&rsquo;existant que dans un nombre limit\u00e9 des pays\/r\u00e9gions, erreurs diagnostiques fr\u00e9quentes, etc.). Les Pays et Territoires Insulaires du Pacifique (PICTS), dont les habitudes de vie, les ressources alimentaires, culturelles et \u00e9conomiques d\u00e9pendent fortement des produits de la mer, sont particuli\u00e8rement vuln\u00e9rables \u00e0 la menace ciguat\u00e9rique. A ce jour, \u00e9valuer l&rsquo;impact r\u00e9el de cette derni\u00e8re sur ces soci\u00e9t\u00e9s reste un vrai challenge, sans parler des facteurs de for\u00e7age environnementaux susceptibles de l&rsquo;exacerber. <\/p>\n\n\n\n<blockquote class=\"wp-block-quote is-layout-flow wp-block-quote-is-layout-flow\">\n<p>Dans ce contexte, il appara\u00eet urgent de mutualiser les efforts et les capacit\u00e9s techniques, de mobiliser des outils et strat\u00e9gies adapt\u00e9s pour la mise en \u0153uvre d&rsquo;une gestion plus fiable et durable de la ciguat\u00e9ra dans l&rsquo;ensemble de la r\u00e9gion Pacifique.\u00a0<\/p>\n<\/blockquote>\n\n\n\n<p>L&rsquo;objectif de l\u2019initiative \u00ab&nbsp;Pacific CIGUAWATCH&nbsp;\u00bb est de fournir des bases de connaissances actualis\u00e9es&nbsp; sur la ciguat\u00e9ra ainsi que des outils pratiques, des tutoriels complets, un soutien technique et\/ou d&rsquo;expertise pour accompagner les communaut\u00e9s insulaires du Pacifique dans la gestion du risque ciguat\u00e9rique sous la forme d&rsquo;une plateforme r\u00e9gionale de formation, d\u2019entraide et de partage de donn\u00e9es.<\/p>\n\n\n\n<hr class=\"wp-block-separator has-css-opacity\"\/>\n\n\n\n<h2 class=\"wp-block-heading\" id=\"what-will-you-find-on-this-platform\">Ce que vous trouverez sur cette plateforme<\/h2>\n\n\n\n<div class=\"wp-block-columns p-2 has-global-color-10-background-color has-background is-layout-flex wp-container-core-columns-is-layout-9d6595d7 wp-block-columns-is-layout-flex\">\n<div class=\"wp-block-column is-vertically-aligned-center is-layout-flow wp-block-column-is-layout-flow\" style=\"flex-basis:28%\">\n<figure class=\"wp-block-image size-large mb-2\"><img loading=\"lazy\" decoding=\"async\" width=\"1024\" height=\"576\" src=\"https:\/\/ciguawatch.ilm.pf\/wp-content\/uploads\/2022\/01\/1-Acquisition-des-connaissances-de-base-1024x576.jpg\" alt=\"\" class=\"wp-image-1258\" srcset=\"https:\/\/ciguawatch.ilm.pf\/wp-content\/uploads\/2022\/01\/1-Acquisition-des-connaissances-de-base-1024x576.jpg 1024w, https:\/\/ciguawatch.ilm.pf\/wp-content\/uploads\/2022\/01\/1-Acquisition-des-connaissances-de-base-300x169.jpg 300w, https:\/\/ciguawatch.ilm.pf\/wp-content\/uploads\/2022\/01\/1-Acquisition-des-connaissances-de-base-768x432.jpg 768w, https:\/\/ciguawatch.ilm.pf\/wp-content\/uploads\/2022\/01\/1-Acquisition-des-connaissances-de-base.jpg 1320w\" sizes=\"auto, (max-width: 1024px) 100vw, 1024px\" \/><\/figure>\n<\/div>\n\n\n\n<div class=\"wp-block-column is-vertically-aligned-center is-layout-flow wp-block-column-is-layout-flow\" style=\"flex-basis:66.66%\">\n<h5 class=\"wp-block-heading\" id=\"access-to-various-educational-material-and-academic-e-learning-courses-for-an-updated-base-knowledge-on-ciguatera-poisoning-and-the-environmental-and-health-risks-associated-with-the-proliferation-of-benthic-harmful-algal-bloom-hab-organisms\">Des acc\u00e8s \u00e0 divers supports p\u00e9dagogiques et cours universitaires en ligne permettant d\u2019acqu\u00e9rir les connaissances de base sur l\u2019intoxication ciguat\u00e9ra, et les risques environnementaux et sanitaires associ\u00e9s \u00e0 la prolif\u00e9ration d&rsquo;algues nuisibles benthiques (HABs).&nbsp;<\/h5>\n\n\n\n<div class=\"wp-block-buttons is-horizontal is-content-justification-left is-layout-flex wp-container-core-buttons-is-layout-7e5fce0a wp-block-buttons-is-layout-flex\">\n<div class=\"wp-block-button\"><a class=\"wp-block-button__link has-accent-background-color has-background wp-element-button\" href=\"https:\/\/ciguawatch.ilm.pf\/fr\/starter-pack-base-knowledge-on-ciguatera\/\" style=\"border-radius:5px\">Voir les cours en ligne<\/a><\/div>\n<\/div>\n<\/div>\n<\/div>\n\n\n\n<div class=\"wp-block-columns p-2 has-global-color-10-background-color has-background is-layout-flex wp-container-core-columns-is-layout-9d6595d7 wp-block-columns-is-layout-flex\">\n<div class=\"wp-block-column is-vertically-aligned-center is-layout-flow wp-block-column-is-layout-flow\" style=\"flex-basis:28%\">\n<figure class=\"wp-block-image size-large mb-2\"><img loading=\"lazy\" decoding=\"async\" width=\"1024\" height=\"576\" src=\"https:\/\/ciguawatch.ilm.pf\/wp-content\/uploads\/2022\/01\/3-Tutos-surveillance-epide\u0301mio-et-environnementale-1-1024x576.jpg\" alt=\"\" class=\"wp-image-1264\" srcset=\"https:\/\/ciguawatch.ilm.pf\/wp-content\/uploads\/2022\/01\/3-Tutos-surveillance-epide\u0301mio-et-environnementale-1-1024x576.jpg 1024w, https:\/\/ciguawatch.ilm.pf\/wp-content\/uploads\/2022\/01\/3-Tutos-surveillance-epide\u0301mio-et-environnementale-1-300x169.jpg 300w, https:\/\/ciguawatch.ilm.pf\/wp-content\/uploads\/2022\/01\/3-Tutos-surveillance-epide\u0301mio-et-environnementale-1-768x432.jpg 768w, https:\/\/ciguawatch.ilm.pf\/wp-content\/uploads\/2022\/01\/3-Tutos-surveillance-epide\u0301mio-et-environnementale-1.jpg 1320w\" sizes=\"auto, (max-width: 1024px) 100vw, 1024px\" \/><\/figure>\n<\/div>\n\n\n\n<div class=\"wp-block-column is-vertically-aligned-center is-layout-flow wp-block-column-is-layout-flow\" style=\"flex-basis:66.66%\">\n<h5 class=\"wp-block-heading\" id=\"free-online-training-on-cp-epidemiological-surveillance-and-environmental-monitoring\">Une formation en ligne et gratuite \u00e0 la surveillance \u00e9pid\u00e9miologique et environnementale de la ciguat\u00e9ra.&nbsp;<\/h5>\n\n\n\n<div class=\"wp-block-buttons is-horizontal is-content-justification-left is-layout-flex wp-container-core-buttons-is-layout-7e5fce0a wp-block-buttons-is-layout-flex\">\n<div class=\"wp-block-button\"><a class=\"wp-block-button__link has-accent-background-color has-background wp-element-button\" href=\"https:\/\/ciguawatch.ilm.pf\/fr\/ciguatera-environmental-monitoring-methodology-2\/\" style=\"border-radius:5px\">Voir nos tutos<\/a><\/div>\n<\/div>\n<\/div>\n<\/div>\n\n\n\n<div class=\"wp-block-columns p-2 has-accent-background-color has-background is-layout-flex wp-container-core-columns-is-layout-9d6595d7 wp-block-columns-is-layout-flex\">\n<div class=\"wp-block-column is-vertically-aligned-center is-layout-flow wp-block-column-is-layout-flow\" style=\"flex-basis:28%\">\n<figure class=\"wp-block-image size-large mb-2\"><img loading=\"lazy\" decoding=\"async\" width=\"1024\" height=\"676\" src=\"https:\/\/ciguawatch.ilm.pf\/wp-content\/uploads\/2021\/12\/cpmap-1024x676.jpg\" alt=\"\" class=\"wp-image-869\" srcset=\"https:\/\/ciguawatch.ilm.pf\/wp-content\/uploads\/2021\/12\/cpmap-1024x676.jpg 1024w, https:\/\/ciguawatch.ilm.pf\/wp-content\/uploads\/2021\/12\/cpmap-300x198.jpg 300w, https:\/\/ciguawatch.ilm.pf\/wp-content\/uploads\/2021\/12\/cpmap-768x507.jpg 768w, https:\/\/ciguawatch.ilm.pf\/wp-content\/uploads\/2021\/12\/cpmap.jpg 1320w\" sizes=\"auto, (max-width: 1024px) 100vw, 1024px\" \/><\/figure>\n<\/div>\n\n\n\n<div class=\"wp-block-column is-vertically-aligned-center is-layout-flow wp-block-column-is-layout-flow\" style=\"flex-basis:66.66%\">\n<h5 class=\"wp-block-heading has-base-3-color has-text-color\" id=\"shared-database-on-cp-case-reports-from-participating-picts-and-related-country-based-dashboard-on-cp-status-within-the-pacific-region\">Une base de donn\u00e9es partag\u00e9e des cas d\u2019intoxication recens\u00e9s et un tableau de bord synth\u00e9tique permettant de suivre en temps r\u00e9el l\u2019\u00e9volution de la ciguat\u00e9ra au sein des PICTS.<\/h5>\n\n\n\n<div class=\"wp-block-buttons is-horizontal is-content-justification-left is-layout-flex wp-container-core-buttons-is-layout-7e5fce0a wp-block-buttons-is-layout-flex\">\n<div class=\"wp-block-button\"><a class=\"wp-block-button__link has-global-color-11-background-color has-background wp-element-button\" href=\"https:\/\/ciguawatch-app.ilm.pf\/ciguawatch\/case\/report\/new\" style=\"border-radius:5px\">Voir carte et tableau de bord<\/a><\/div>\n<\/div>\n<\/div>\n<\/div>\n\n\n\n<div class=\"wp-block-columns p-2 has-global-color-11-background-color has-background is-layout-flex wp-container-core-columns-is-layout-9d6595d7 wp-block-columns-is-layout-flex\">\n<div class=\"wp-block-column is-vertically-aligned-center is-layout-flow wp-block-column-is-layout-flow\" style=\"flex-basis:28%\">\n<figure class=\"wp-block-image size-large mb-2\"><img loading=\"lazy\" decoding=\"async\" width=\"1024\" height=\"676\" src=\"https:\/\/ciguawatch.ilm.pf\/wp-content\/uploads\/2021\/12\/Report-form-1024x676.jpg\" alt=\"\" class=\"wp-image-867\" srcset=\"https:\/\/ciguawatch.ilm.pf\/wp-content\/uploads\/2021\/12\/Report-form-1024x676.jpg 1024w, https:\/\/ciguawatch.ilm.pf\/wp-content\/uploads\/2021\/12\/Report-form-300x198.jpg 300w, https:\/\/ciguawatch.ilm.pf\/wp-content\/uploads\/2021\/12\/Report-form-768x507.jpg 768w, https:\/\/ciguawatch.ilm.pf\/wp-content\/uploads\/2021\/12\/Report-form.jpg 1320w\" sizes=\"auto, (max-width: 1024px) 100vw, 1024px\" \/><\/figure>\n<\/div>\n\n\n\n<div class=\"wp-block-column is-vertically-aligned-center is-layout-flow wp-block-column-is-layout-flow\" style=\"flex-basis:66.66%\">\n<h5 class=\"wp-block-heading has-base-3-color has-text-color\" id=\"access-to-an-online-cp-cases-declaration-application-and-a-real-time-interactive-map-of-fishing-zones-and-species-responsible-for-ciguatoxic-events\">Un syst\u00e8me de d\u00e9claration en ligne des cas d\u2019intoxication et une cartographie interactive, en temps r\u00e9el des zones de p\u00eache et des esp\u00e8ces responsables d&rsquo;\u00e9v\u00e9nements ciguatoxiques.<\/h5>\n\n\n\n<div class=\"wp-block-buttons is-horizontal is-content-justification-left is-layout-flex wp-container-core-buttons-is-layout-7e5fce0a wp-block-buttons-is-layout-flex\">\n<div class=\"wp-block-button\"><a class=\"wp-block-button__link has-accent-background-color has-background wp-element-button\" href=\"https:\/\/ciguawatch-app.ilm.pf\/ciguawatch\/case\/report\/new\" style=\"border-radius:5px\">Voir le formulaire<\/a><\/div>\n<\/div>\n<\/div>\n<\/div>\n\n\n\n<div class=\"wp-block-columns p-2 has-global-color-10-background-color has-background is-layout-flex wp-container-core-columns-is-layout-9d6595d7 wp-block-columns-is-layout-flex\">\n<div class=\"wp-block-column is-vertically-aligned-center is-layout-flow wp-block-column-is-layout-flow\" style=\"flex-basis:28%\">\n<figure class=\"wp-block-image size-large mb-2\"><img loading=\"lazy\" decoding=\"async\" width=\"1024\" height=\"576\" src=\"https:\/\/ciguawatch.ilm.pf\/wp-content\/uploads\/2022\/01\/4-Espace-de\u0301die\u0301-aux-partages-des-savoirs-traditionnels-1024x576.jpg\" alt=\"\" class=\"wp-image-1290\" srcset=\"https:\/\/ciguawatch.ilm.pf\/wp-content\/uploads\/2022\/01\/4-Espace-de\u0301die\u0301-aux-partages-des-savoirs-traditionnels-1024x576.jpg 1024w, https:\/\/ciguawatch.ilm.pf\/wp-content\/uploads\/2022\/01\/4-Espace-de\u0301die\u0301-aux-partages-des-savoirs-traditionnels-300x169.jpg 300w, https:\/\/ciguawatch.ilm.pf\/wp-content\/uploads\/2022\/01\/4-Espace-de\u0301die\u0301-aux-partages-des-savoirs-traditionnels-768x432.jpg 768w, https:\/\/ciguawatch.ilm.pf\/wp-content\/uploads\/2022\/01\/4-Espace-de\u0301die\u0301-aux-partages-des-savoirs-traditionnels.jpg 1320w\" sizes=\"auto, (max-width: 1024px) 100vw, 1024px\" \/><\/figure>\n<\/div>\n\n\n\n<div class=\"wp-block-column is-vertically-aligned-center is-layout-flow wp-block-column-is-layout-flow\" style=\"flex-basis:66.66%\">\n<h5 class=\"wp-block-heading\" id=\"shared-database-for-traditional-knowledge-on-ciguatera-identification-of-toxic-fish-species-traditional-remedies-etc\">Un syst\u00e8me de partage de donn\u00e9es ayant trait aux connaissances traditionnelles sur la ciguat\u00e9ra (identification des esp\u00e8ces de poissons toxiques, rem\u00e8des traditionnels, strat\u00e9gies d\u2019\u00e9vitement, etc.).<\/h5>\n\n\n\n<div class=\"wp-block-buttons is-horizontal is-content-justification-left is-layout-flex wp-container-core-buttons-is-layout-7e5fce0a wp-block-buttons-is-layout-flex\">\n<div class=\"wp-block-button\"><a class=\"wp-block-button__link has-accent-background-color has-background wp-element-button\" href=\"https:\/\/ciguawatch.ilm.pf\/fr\/sharing-traditional-knowledge-on-ciguatera\/\" style=\"border-radius:5px\">Partager vos connaissances<\/a><\/div>\n<\/div>\n<\/div>\n<\/div>\n\n\n\n<div class=\"wp-block-columns p-2 has-global-color-10-background-color has-background is-layout-flex wp-container-core-columns-is-layout-9d6595d7 wp-block-columns-is-layout-flex\">\n<div class=\"wp-block-column is-vertically-aligned-center is-layout-flow wp-block-column-is-layout-flow\" style=\"flex-basis:28%\">\n<figure class=\"wp-block-image size-large mb-2\"><img loading=\"lazy\" decoding=\"async\" width=\"1024\" height=\"576\" src=\"https:\/\/ciguawatch.ilm.pf\/wp-content\/uploads\/2022\/01\/2-Espace-de\u0301die\u0301-aux-supports-dinformation-1024x576.jpg\" alt=\"\" class=\"wp-image-1262\" srcset=\"https:\/\/ciguawatch.ilm.pf\/wp-content\/uploads\/2022\/01\/2-Espace-de\u0301die\u0301-aux-supports-dinformation-1024x576.jpg 1024w, https:\/\/ciguawatch.ilm.pf\/wp-content\/uploads\/2022\/01\/2-Espace-de\u0301die\u0301-aux-supports-dinformation-300x169.jpg 300w, https:\/\/ciguawatch.ilm.pf\/wp-content\/uploads\/2022\/01\/2-Espace-de\u0301die\u0301-aux-supports-dinformation-768x432.jpg 768w, https:\/\/ciguawatch.ilm.pf\/wp-content\/uploads\/2022\/01\/2-Espace-de\u0301die\u0301-aux-supports-dinformation.jpg 1320w\" sizes=\"auto, (max-width: 1024px) 100vw, 1024px\" \/><\/figure>\n<\/div>\n\n\n\n<div class=\"wp-block-column is-vertically-aligned-center is-layout-flow wp-block-column-is-layout-flow\" style=\"flex-basis:66.66%\">\n<h5 class=\"wp-block-heading\" id=\"shared-public-outreach-and-awareness-material\">Des conseils et un espace de partage de supports d\u2019information et de sensibilisation du grand public.&nbsp;<\/h5>\n\n\n\n<div class=\"wp-block-buttons is-horizontal is-content-justification-left is-layout-flex wp-container-core-buttons-is-layout-7e5fce0a wp-block-buttons-is-layout-flex\">\n<div class=\"wp-block-button\"><a class=\"wp-block-button__link has-accent-background-color has-background wp-element-button\" href=\"https:\/\/ciguawatch.ilm.pf\/fr\/awareness-material\/\" style=\"border-radius:5px\">Voir les supports<\/a><\/div>\n<\/div>\n<\/div>\n<\/div>\n\n\n\n<div class=\"wp-block-columns p-2 has-global-color-10-background-color has-background is-layout-flex wp-container-core-columns-is-layout-9d6595d7 wp-block-columns-is-layout-flex\">\n<div class=\"wp-block-column is-vertically-aligned-center is-layout-flow wp-block-column-is-layout-flow\" style=\"flex-basis:28%\">\n<figure class=\"wp-block-image size-large mb-2\"><img loading=\"lazy\" decoding=\"async\" width=\"1024\" height=\"576\" src=\"https:\/\/ciguawatch.ilm.pf\/wp-content\/uploads\/2022\/01\/7-Accompagnement-a\u0300-distance-1024x576.jpg\" alt=\"\" class=\"wp-image-1292\" srcset=\"https:\/\/ciguawatch.ilm.pf\/wp-content\/uploads\/2022\/01\/7-Accompagnement-a\u0300-distance-1024x576.jpg 1024w, https:\/\/ciguawatch.ilm.pf\/wp-content\/uploads\/2022\/01\/7-Accompagnement-a\u0300-distance-300x169.jpg 300w, https:\/\/ciguawatch.ilm.pf\/wp-content\/uploads\/2022\/01\/7-Accompagnement-a\u0300-distance-768x432.jpg 768w, https:\/\/ciguawatch.ilm.pf\/wp-content\/uploads\/2022\/01\/7-Accompagnement-a\u0300-distance.jpg 1320w\" sizes=\"auto, (max-width: 1024px) 100vw, 1024px\" \/><\/figure>\n<\/div>\n\n\n\n<div class=\"wp-block-column is-vertically-aligned-center is-layout-flow wp-block-column-is-layout-flow\" style=\"flex-basis:66.66%\">\n<h5 class=\"wp-block-heading\" id=\"request-for-customized-online-support\">Un espace d\u00e9di\u00e9 \u00e0 la demande d&rsquo;assistance en ligne personnalis\u00e9e.&nbsp;<\/h5>\n\n\n\n<div class=\"wp-block-buttons is-horizontal is-content-justification-left is-layout-flex wp-container-core-buttons-is-layout-7e5fce0a wp-block-buttons-is-layout-flex\">\n<div class=\"wp-block-button\"><a class=\"wp-block-button__link has-accent-background-color has-background wp-element-button\" href=\"https:\/\/ciguawatch.ilm.pf\/fr\/request-planning-of-live-meetings-with-our-team\/\" style=\"border-radius:5px\">Contactez-nous<\/a><\/div>\n<\/div>\n<\/div>\n<\/div>\n\n\n\n<div class=\"wp-block-columns p-2 has-global-color-10-background-color has-background is-layout-flex wp-container-core-columns-is-layout-9d6595d7 wp-block-columns-is-layout-flex\">\n<div class=\"wp-block-column is-vertically-aligned-center is-layout-flow wp-block-column-is-layout-flow\" style=\"flex-basis:28%\">\n<figure class=\"wp-block-image size-large mb-2\"><img loading=\"lazy\" decoding=\"async\" width=\"1024\" height=\"576\" src=\"https:\/\/ciguawatch.ilm.pf\/wp-content\/uploads\/2022\/02\/5-Services-et-expertises-en-plus-1024x576.jpg\" alt=\"\" class=\"wp-image-1402\" srcset=\"https:\/\/ciguawatch.ilm.pf\/wp-content\/uploads\/2022\/02\/5-Services-et-expertises-en-plus-1024x576.jpg 1024w, https:\/\/ciguawatch.ilm.pf\/wp-content\/uploads\/2022\/02\/5-Services-et-expertises-en-plus-300x169.jpg 300w, https:\/\/ciguawatch.ilm.pf\/wp-content\/uploads\/2022\/02\/5-Services-et-expertises-en-plus-768x432.jpg 768w, https:\/\/ciguawatch.ilm.pf\/wp-content\/uploads\/2022\/02\/5-Services-et-expertises-en-plus.jpg 1320w\" sizes=\"auto, (max-width: 1024px) 100vw, 1024px\" \/><\/figure>\n<\/div>\n\n\n\n<div class=\"wp-block-column is-vertically-aligned-center is-layout-flow wp-block-column-is-layout-flow\" style=\"flex-basis:66.66%\">\n<h5 class=\"wp-block-heading\" id=\"request-for-analytical-services-expertise-support-or-in-country-training-for-skill-transfer\">Un espace d\u00e9di\u00e9 \u00e0 la demande de services analytiques, de soutiens sous forme d\u2019expertise ou de formation <em>in situ<\/em> (transfert de comp\u00e9tences).<\/h5>\n\n\n\n<div class=\"wp-block-buttons is-horizontal is-content-justification-left is-layout-flex wp-container-core-buttons-is-layout-7e5fce0a wp-block-buttons-is-layout-flex\">\n<div class=\"wp-block-button\"><a class=\"wp-block-button__link has-accent-background-color has-background wp-element-button\" href=\"https:\/\/ciguawatch.ilm.pf\/fr\/expertise-support-skill-transfer\/\" style=\"border-radius:5px\">Voir notre expertise<\/a><\/div>\n<\/div>\n<\/div>\n<\/div>\n\n\n\n<hr class=\"wp-block-separator has-css-opacity\"\/>\n\n\n\n<p><meta charset=\"utf-8\">Vous souhaitez apportez votre soutien \u00e0 l&rsquo;initiative Pacific CIGUAWATCH ?<\/p>\n\n\n\n<div class=\"wp-block-buttons is-horizontal is-content-justification-left is-layout-flex wp-container-core-buttons-is-layout-7e5fce0a wp-block-buttons-is-layout-flex\">\n<div class=\"wp-block-button\"><a class=\"wp-block-button__link has-accent-background-color has-background wp-element-button\" href=\"https:\/\/ciguawatch.ilm.pf\/fr\/contact-2\/\" style=\"border-radius:5px\"><meta charset=\"utf-8\"><strong><strong>Demandez votre adh\u00e9sion !<\/strong><\/strong><\/a><\/div>\n<\/div>\n","protected":false},"excerpt":{"rendered":"<p>Bien que consid\u00e9r\u00e9e comme l&rsquo;intoxication d\u2019origine non-bact\u00e9rienne associ\u00e9e \u00e0 la consommation de produits de la mer la plus r\u00e9pandue au monde, la ciguat\u00e9ra ( ou Ciguatera Poisoning, CP) demeure n\u00e9anmoins une menace sanitaire, \u00e9cologique et \u00e9conomique m\u00e9connue, particuli\u00e8rement compliqu\u00e9e \u00e0 appr\u00e9hender et g\u00e9rer dans la plupart des Pays et Territoires Insulaires du Pacifique (PICTS),\u00a0 o\u00f9 cette\u00a0 affection est pourtant hautement pr\u00e9valente.\u00a0<\/p>\n","protected":false},"author":1,"featured_media":0,"parent":0,"menu_order":0,"comment_status":"closed","ping_status":"closed","template":"","meta":{"footnotes":""},"tags":[],"class_list":["post-75","page","type-page","status-publish"],"translation":{"provider":"WPGlobus","version":"3.0.0","language":"fr","enabled_languages":["en","fr"],"languages":{"en":{"title":true,"content":true,"excerpt":true},"fr":{"title":true,"content":true,"excerpt":true}}},"_links":{"self":[{"href":"https:\/\/ciguawatch.ilm.pf\/fr\/wp-json\/wp\/v2\/pages\/75","targetHints":{"allow":["GET"]}}],"collection":[{"href":"https:\/\/ciguawatch.ilm.pf\/fr\/wp-json\/wp\/v2\/pages"}],"about":[{"href":"https:\/\/ciguawatch.ilm.pf\/fr\/wp-json\/wp\/v2\/types\/page"}],"author":[{"embeddable":true,"href":"https:\/\/ciguawatch.ilm.pf\/fr\/wp-json\/wp\/v2\/users\/1"}],"replies":[{"embeddable":true,"href":"https:\/\/ciguawatch.ilm.pf\/fr\/wp-json\/wp\/v2\/comments?post=75"}],"version-history":[{"count":3,"href":"https:\/\/ciguawatch.ilm.pf\/fr\/wp-json\/wp\/v2\/pages\/75\/revisions"}],"predecessor-version":[{"id":400679,"href":"https:\/\/ciguawatch.ilm.pf\/fr\/wp-json\/wp\/v2\/pages\/75\/revisions\/400679"}],"wp:attachment":[{"href":"https:\/\/ciguawatch.ilm.pf\/fr\/wp-json\/wp\/v2\/media?parent=75"}],"wp:term":[{"taxonomy":"post_tag","embeddable":true,"href":"https:\/\/ciguawatch.ilm.pf\/fr\/wp-json\/wp\/v2\/tags?post=75"}],"curies":[{"name":"wp","href":"https:\/\/api.w.org\/{rel}","templated":true}]}}