{"id":681,"date":"2021-12-04T07:30:32","date_gmt":"2021-12-04T07:30:32","guid":{"rendered":"https:\/\/ciguawatch.ilm.pf\/\/?page_id=681"},"modified":"2022-06-21T01:53:44","modified_gmt":"2022-06-21T01:53:44","slug":"starter-pack-base-knowledge-on-ciguatera","status":"publish","type":"page","link":"https:\/\/ciguawatch.ilm.pf\/fr\/starter-pack-base-knowledge-on-ciguatera\/","title":{"rendered":"Ciguatera starter pack : acqu\u00e9rir les connaissances de base"},"content":{"rendered":"\n<h3 class=\"wp-block-heading\" id=\"prerequesite\"><strong>Pr\u00e9requis<\/strong><\/h3>\n\n\n\n<p>Pr\u00e9alablement \u00e0 votre participation \u00e0 la formation en ligne sur la surveillance \u00e9pid\u00e9miologique et environnementale de la ciguat\u00e9ra, il est fortement recommand\u00e9 de suivre deux cours virtuels mis en place respectivement par la FAO (<em>Surveillance et Pr\u00e9vention de la ciguat\u00e9ra<\/em>) et l\u2019IOC UNESCO (<em>Ocean Teacher, <\/em>module consacr\u00e9 aux micro-algues benthiques nuisibles) qui permettront d\u2019acqu\u00e9rir de solides connaissances de base sur l\u2019\u00e9tiologie et les aspects cliniques de la ciguat\u00e9ra, les outils de d\u00e9tections et de gestion du risque, et plus largement, les risques li\u00e9s \u00e0 la prolif\u00e9ration des micro-algues toxiques benthiques.&nbsp;<\/p>\n\n\n\n<p>Des informations g\u00e9n\u00e9rales sont \u00e9galement disponibles sur le site internet d\u00e9di\u00e9 \u00e0 la ciguat\u00e9ra de l\u2019Institut Louis Malard\u00e9 : <a rel=\"noreferrer noopener\" href=\"https:\/\/www.ciguatera.pf\/index.php\/fr\/\" target=\"_blank\">www.ciguatera.pf&nbsp;<\/a><\/p>\n\n\n\n<div id=\"accordion-1\" class=\"wp-block-group accordion-flush shadow\"><div class=\"wp-block-group__inner-container is-layout-flow wp-block-group-is-layout-flow\">\n<div class=\"wp-block-group accordion-item\"><div class=\"wp-block-group__inner-container is-layout-flow wp-block-group-is-layout-flow\">\n<h3 class=\"accordion-header wp-block-heading\" id=\"monitoring-and-preventing-ciguatera-poisoning\">Suivi et pr\u00e9vention de la ciguat\u00e9ra<\/h3>\n\n\n\n<div class=\"wp-block-group accordion-body pb-3\"><div class=\"wp-block-group__inner-container is-layout-flow wp-block-group-is-layout-flow\">\n<div class=\"wp-block-image m-5 img-link\"><figure class=\"aligncenter size-full is-resized\"><a href=\"https:\/\/www.fao.org\/home\/en\/\" target=\"_blank\" rel=\"noopener\"><img loading=\"lazy\" decoding=\"async\" src=\"https:\/\/ciguawatch.ilm.pf\/\/wp-content\/uploads\/2021\/12\/FAOUN-logo-105h.png\" alt=\"\" class=\"wp-image-693\" width=\"379\" height=\"105\" srcset=\"https:\/\/ciguawatch.ilm.pf\/wp-content\/uploads\/2021\/12\/FAOUN-logo-105h.png 379w, https:\/\/ciguawatch.ilm.pf\/wp-content\/uploads\/2021\/12\/FAOUN-logo-105h-300x83.png 300w\" sizes=\"auto, (max-width: 379px) 100vw, 379px\" \/><\/a><\/figure><\/div>\n\n\n\n<div class=\"wp-block-columns is-layout-flex wp-container-core-columns-is-layout-9d6595d7 wp-block-columns-is-layout-flex\">\n<div class=\"wp-block-column is-layout-flow wp-block-column-is-layout-flow\">\n<figure class=\"wp-block-image size-full\"><a href=\"https:\/\/elearning.fao.org\/course\/view.php?id=648\" target=\"_blank\" rel=\"noopener\"><img loading=\"lazy\" decoding=\"async\" width=\"1320\" height=\"927\" src=\"https:\/\/ciguawatch.ilm.pf\/\/wp-content\/uploads\/2021\/12\/FAO-elearning-cover.jpg\" alt=\"\" class=\"wp-image-690\" srcset=\"https:\/\/ciguawatch.ilm.pf\/wp-content\/uploads\/2021\/12\/FAO-elearning-cover.jpg 1320w, https:\/\/ciguawatch.ilm.pf\/wp-content\/uploads\/2021\/12\/FAO-elearning-cover-300x211.jpg 300w, https:\/\/ciguawatch.ilm.pf\/wp-content\/uploads\/2021\/12\/FAO-elearning-cover-1024x719.jpg 1024w, https:\/\/ciguawatch.ilm.pf\/wp-content\/uploads\/2021\/12\/FAO-elearning-cover-768x539.jpg 768w\" sizes=\"auto, (max-width: 1320px) 100vw, 1320px\" \/><\/a><\/figure>\n<\/div>\n\n\n\n<div class=\"wp-block-column is-layout-flow wp-block-column-is-layout-flow\">\n<p>Ce cours permettra de mieux comprendre l&rsquo;\u00e9cologie des microorganismes responsables de la ciguat\u00e9ra, ainsi que le risque potentiel de contamination des poissons et d\u2019intoxication humaine qui en d\u00e9coule. Ce cours propose des outils, des approches et des strat\u00e9gies pour la conception et la mise en \u0153uvre de programmes ayant trait \u00e0 la surveillance \u00e9pid\u00e9miologique et&nbsp; environnementale, et la s\u00e9curit\u00e9 alimentaire, en vue de l\u2019\u00e9laboration d\u2019un plan de gestion adapt\u00e9&nbsp; du risque ciguat\u00e9rique.&nbsp;<\/p>\n\n\n\n<p>A l\u2019issue du cours, un certificat num\u00e9rique de la FAO validant l\u2019acquisition des comp\u00e9tences apprises vous sera d\u00e9livr\u00e9 apr\u00e8s avoir compl\u00e9t\u00e9 avec succ\u00e8s l&rsquo;examen d&rsquo;\u00e9valuation final .<\/p>\n\n\n\n<div class=\"wp-block-buttons is-horizontal is-content-justification-left is-layout-flex wp-container-core-buttons-is-layout-7e5fce0a wp-block-buttons-is-layout-flex\">\n<div class=\"wp-block-button\"><a class=\"wp-block-button__link has-accent-background-color has-background\" href=\"https:\/\/elearning.fao.org\/course\/view.php?id=648\" style=\"border-radius:5px\" target=\"_blank\" rel=\"noreferrer noopener\">Cours en ligne FAO*<\/a><\/div>\n<\/div>\n\n\n\n<p class=\"mt-2\"><em>*Cours dispens\u00e9 en anglais.<\/em><\/p>\n<\/div>\n<\/div>\n\n\n\n<figure class=\"wp-block-gallery has-nested-images columns-default is-cropped wp-block-gallery-1 is-layout-flex wp-block-gallery-is-layout-flex\">\n<figure class=\"wp-block-image size-large\"><a href=\"https:\/\/ciguawatch.ilm.pf\/wp-content\/uploads\/2021\/12\/FAO-elearning-1.jpg\"><img loading=\"lazy\" decoding=\"async\" width=\"1024\" height=\"673\" data-id=\"699\" src=\"https:\/\/ciguawatch.ilm.pf\/\/wp-content\/uploads\/2021\/12\/FAO-elearning-1-1024x673.jpg\" alt=\"\" class=\"wp-image-699\" srcset=\"https:\/\/ciguawatch.ilm.pf\/wp-content\/uploads\/2021\/12\/FAO-elearning-1-1024x673.jpg 1024w, https:\/\/ciguawatch.ilm.pf\/wp-content\/uploads\/2021\/12\/FAO-elearning-1-300x197.jpg 300w, https:\/\/ciguawatch.ilm.pf\/wp-content\/uploads\/2021\/12\/FAO-elearning-1-768x504.jpg 768w, https:\/\/ciguawatch.ilm.pf\/wp-content\/uploads\/2021\/12\/FAO-elearning-1.jpg 1320w\" sizes=\"auto, (max-width: 1024px) 100vw, 1024px\" \/><\/a><\/figure>\n\n\n\n<figure class=\"wp-block-image size-large\"><a href=\"https:\/\/ciguawatch.ilm.pf\/wp-content\/uploads\/2021\/12\/FAO-elearning-2.jpg\"><img loading=\"lazy\" decoding=\"async\" width=\"1024\" height=\"673\" data-id=\"700\" src=\"https:\/\/ciguawatch.ilm.pf\/\/wp-content\/uploads\/2021\/12\/FAO-elearning-2-1024x673.jpg\" alt=\"\" class=\"wp-image-700\" srcset=\"https:\/\/ciguawatch.ilm.pf\/wp-content\/uploads\/2021\/12\/FAO-elearning-2-1024x673.jpg 1024w, https:\/\/ciguawatch.ilm.pf\/wp-content\/uploads\/2021\/12\/FAO-elearning-2-300x197.jpg 300w, https:\/\/ciguawatch.ilm.pf\/wp-content\/uploads\/2021\/12\/FAO-elearning-2-768x504.jpg 768w, https:\/\/ciguawatch.ilm.pf\/wp-content\/uploads\/2021\/12\/FAO-elearning-2.jpg 1320w\" sizes=\"auto, (max-width: 1024px) 100vw, 1024px\" \/><\/a><\/figure>\n\n\n\n<figure class=\"wp-block-image size-large\"><a href=\"https:\/\/ciguawatch.ilm.pf\/wp-content\/uploads\/2021\/12\/FAO-elearning-3.jpg\"><img loading=\"lazy\" decoding=\"async\" width=\"1024\" height=\"673\" data-id=\"701\" src=\"https:\/\/ciguawatch.ilm.pf\/\/wp-content\/uploads\/2021\/12\/FAO-elearning-3-1024x673.jpg\" alt=\"\" class=\"wp-image-701\" srcset=\"https:\/\/ciguawatch.ilm.pf\/wp-content\/uploads\/2021\/12\/FAO-elearning-3-1024x673.jpg 1024w, https:\/\/ciguawatch.ilm.pf\/wp-content\/uploads\/2021\/12\/FAO-elearning-3-300x197.jpg 300w, https:\/\/ciguawatch.ilm.pf\/wp-content\/uploads\/2021\/12\/FAO-elearning-3-768x504.jpg 768w, https:\/\/ciguawatch.ilm.pf\/wp-content\/uploads\/2021\/12\/FAO-elearning-3.jpg 1320w\" sizes=\"auto, (max-width: 1024px) 100vw, 1024px\" \/><\/a><\/figure>\n<\/figure>\n\n\n\n<hr class=\"wp-block-separator\"\/>\n\n\n\n<h3 class=\"has-text-align-center wp-block-heading\" id=\"partners\">Partenaires<\/h3>\n\n\n\n<div class=\"wp-block-columns px-3 is-layout-flex wp-container-core-columns-is-layout-9d6595d7 wp-block-columns-is-layout-flex\">\n<div class=\"wp-block-column is-layout-flow wp-block-column-is-layout-flow\">\n<div class=\"wp-block-image img-link\"><figure class=\"aligncenter size-full is-resized\"><a href=\"https:\/\/www.iaea.org\" target=\"_blank\" rel=\"noopener\"><img loading=\"lazy\" decoding=\"async\" src=\"https:\/\/ciguawatch.ilm.pf\/\/wp-content\/uploads\/2021\/12\/IAEA-logo-105h.png\" alt=\"\" class=\"wp-image-705\" width=\"372\" height=\"87\" srcset=\"https:\/\/ciguawatch.ilm.pf\/wp-content\/uploads\/2021\/12\/IAEA-logo-105h.png 448w, https:\/\/ciguawatch.ilm.pf\/wp-content\/uploads\/2021\/12\/IAEA-logo-105h-300x70.png 300w\" sizes=\"auto, (max-width: 372px) 100vw, 372px\" \/><\/a><\/figure><\/div>\n<\/div>\n\n\n\n<div class=\"wp-block-column is-layout-flow wp-block-column-is-layout-flow\">\n<div class=\"wp-block-image img-link\"><figure class=\"aligncenter size-full is-resized\"><a href=\"https:\/\/ioc.unesco.org\/\" target=\"_blank\" rel=\"noopener\"><img loading=\"lazy\" decoding=\"async\" src=\"https:\/\/ciguawatch.ilm.pf\/\/wp-content\/uploads\/2021\/12\/UNSECO-IOC-logos.png\" alt=\"\" class=\"wp-image-704\" width=\"245\" height=\"133\" srcset=\"https:\/\/ciguawatch.ilm.pf\/wp-content\/uploads\/2021\/12\/UNSECO-IOC-logos.png 305w, https:\/\/ciguawatch.ilm.pf\/wp-content\/uploads\/2021\/12\/UNSECO-IOC-logos-300x162.png 300w\" sizes=\"auto, (max-width: 245px) 100vw, 245px\" \/><\/a><\/figure><\/div>\n<\/div>\n\n\n\n<div class=\"wp-block-column is-layout-flow wp-block-column-is-layout-flow\">\n<div class=\"wp-block-image img-link\"><figure class=\"aligncenter size-full is-resized\"><a href=\"https:\/\/www.who.int\/\" target=\"_blank\" rel=\"noopener\"><img loading=\"lazy\" decoding=\"async\" src=\"https:\/\/ciguawatch.ilm.pf\/wp-content\/uploads\/2022\/01\/World_Health_Organization_Logo.png\" alt=\"\" class=\"wp-image-1129\" width=\"299\" height=\"93\" srcset=\"https:\/\/ciguawatch.ilm.pf\/wp-content\/uploads\/2022\/01\/World_Health_Organization_Logo.png 320w, https:\/\/ciguawatch.ilm.pf\/wp-content\/uploads\/2022\/01\/World_Health_Organization_Logo-300x94.png 300w\" sizes=\"auto, (max-width: 299px) 100vw, 299px\" \/><\/a><\/figure><\/div>\n<\/div>\n<\/div>\n\n\n\n<hr class=\"wp-block-separator\"\/>\n\n\n\n<h3 class=\"has-text-align-center wp-block-heading\" id=\"reviewers\">Reviewers<\/h3>\n\n\n\n<div class=\"wp-block-columns px-3 is-layout-flex wp-container-core-columns-is-layout-9d6595d7 wp-block-columns-is-layout-flex\">\n<div class=\"wp-block-column is-layout-flow wp-block-column-is-layout-flow\">\n<div class=\"wp-block-image img-link\"><figure class=\"aligncenter size-full is-resized\"><a href=\"https:\/\/wwz.ifremer.fr\/\" target=\"_blank\" rel=\"noopener\"><img loading=\"lazy\" decoding=\"async\" src=\"https:\/\/ciguawatch.ilm.pf\/wp-content\/uploads\/2022\/01\/Ifremer-logo.jpg\" alt=\"\" class=\"wp-image-1141\" width=\"212\" height=\"74\" srcset=\"https:\/\/ciguawatch.ilm.pf\/wp-content\/uploads\/2022\/01\/Ifremer-logo.jpg 344w, https:\/\/ciguawatch.ilm.pf\/wp-content\/uploads\/2022\/01\/Ifremer-logo-300x105.jpg 300w\" sizes=\"auto, (max-width: 212px) 100vw, 212px\" \/><\/a><\/figure><\/div>\n<\/div>\n\n\n\n<div class=\"wp-block-column is-layout-flow wp-block-column-is-layout-flow\">\n<div class=\"wp-block-image img-link\"><figure class=\"aligncenter size-full is-resized\"><a href=\"www.ilm.pf\" target=\"_blank\" rel=\"noopener\"><img loading=\"lazy\" decoding=\"async\" src=\"https:\/\/ciguawatch.ilm.pf\/wp-content\/uploads\/2021\/12\/ILM-LOGO-1.png\" alt=\"\" class=\"wp-image-378\" width=\"130\" height=\"130\" srcset=\"https:\/\/ciguawatch.ilm.pf\/wp-content\/uploads\/2021\/12\/ILM-LOGO-1.png 512w, https:\/\/ciguawatch.ilm.pf\/wp-content\/uploads\/2021\/12\/ILM-LOGO-1-300x300.png 300w, https:\/\/ciguawatch.ilm.pf\/wp-content\/uploads\/2021\/12\/ILM-LOGO-1-150x150.png 150w\" sizes=\"auto, (max-width: 130px) 100vw, 130px\" \/><\/a><\/figure><\/div>\n<\/div>\n\n\n\n<div class=\"wp-block-column is-layout-flow wp-block-column-is-layout-flow\">\n<figure class=\"wp-block-image size-full is-resized img-link\"><img loading=\"lazy\" decoding=\"async\" src=\"https:\/\/ciguawatch.ilm.pf\/wp-content\/uploads\/2022\/01\/ocean-tester-logo.jpg\" alt=\"\" class=\"wp-image-1144\" width=\"259\" height=\"112\" srcset=\"https:\/\/ciguawatch.ilm.pf\/wp-content\/uploads\/2022\/01\/ocean-tester-logo.jpg 328w, https:\/\/ciguawatch.ilm.pf\/wp-content\/uploads\/2022\/01\/ocean-tester-logo-300x130.jpg 300w\" sizes=\"auto, (max-width: 259px) 100vw, 259px\" \/><\/figure>\n<\/div>\n<\/div>\n<\/div><\/div>\n<\/div><\/div>\n\n\n\n<div class=\"wp-block-group accordion-item\"><div class=\"wp-block-group__inner-container is-layout-flow wp-block-group-is-layout-flow\">\n<h3 class=\"accordion-header wp-block-heading\" id=\"identification-of-marine-harmful-algal-bloom-species\">Identification des esp\u00e8ces d&rsquo;algues marines nuisibles&nbsp;<\/h3>\n\n\n\n<div class=\"wp-block-group accordion-body pb-5 pt-5\"><div class=\"wp-block-group__inner-container is-layout-flow wp-block-group-is-layout-flow\">\n<div class=\"wp-block-columns is-layout-flex wp-container-core-columns-is-layout-9d6595d7 wp-block-columns-is-layout-flex\">\n<div class=\"wp-block-column is-vertically-aligned-center is-layout-flow wp-block-column-is-layout-flow\">\n<div class=\"wp-block-columns is-layout-flex wp-container-core-columns-is-layout-9d6595d7 wp-block-columns-is-layout-flex\">\n<div class=\"wp-block-column is-layout-flow wp-block-column-is-layout-flow\">\n<div class=\"wp-block-image\"><figure class=\"aligncenter size-full\"><a href=\"https:\/\/classroom.oceanteacher.org\/enrol\/index.php?id=584\" target=\"_blank\" rel=\"noopener\"><img loading=\"lazy\" decoding=\"async\" width=\"276\" height=\"276\" src=\"https:\/\/ciguawatch.ilm.pf\/\/wp-content\/uploads\/2021\/12\/Algal-2.jpg\" alt=\"\" class=\"wp-image-714\" srcset=\"https:\/\/ciguawatch.ilm.pf\/wp-content\/uploads\/2021\/12\/Algal-2.jpg 276w, https:\/\/ciguawatch.ilm.pf\/wp-content\/uploads\/2021\/12\/Algal-2-150x150.jpg 150w\" sizes=\"auto, (max-width: 276px) 100vw, 276px\" \/><\/a><\/figure><\/div>\n<\/div>\n\n\n\n<div class=\"wp-block-column is-layout-flow wp-block-column-is-layout-flow\">\n<div class=\"wp-block-image\"><figure class=\"aligncenter size-full\"><img loading=\"lazy\" decoding=\"async\" width=\"276\" height=\"276\" src=\"https:\/\/ciguawatch.ilm.pf\/\/wp-content\/uploads\/2021\/12\/Algal-1.jpg\" alt=\"\" class=\"wp-image-715\" srcset=\"https:\/\/ciguawatch.ilm.pf\/wp-content\/uploads\/2021\/12\/Algal-1.jpg 276w, https:\/\/ciguawatch.ilm.pf\/wp-content\/uploads\/2021\/12\/Algal-1-150x150.jpg 150w\" sizes=\"auto, (max-width: 276px) 100vw, 276px\" \/><\/figure><\/div>\n<\/div>\n\n\n\n<div class=\"wp-block-column is-layout-flow wp-block-column-is-layout-flow\">\n<div class=\"wp-block-image\"><figure class=\"aligncenter size-full\"><img loading=\"lazy\" decoding=\"async\" width=\"276\" height=\"276\" src=\"https:\/\/ciguawatch.ilm.pf\/\/wp-content\/uploads\/2021\/12\/Algal-3.jpg\" alt=\"\" class=\"wp-image-716\" srcset=\"https:\/\/ciguawatch.ilm.pf\/wp-content\/uploads\/2021\/12\/Algal-3.jpg 276w, https:\/\/ciguawatch.ilm.pf\/wp-content\/uploads\/2021\/12\/Algal-3-150x150.jpg 150w\" sizes=\"auto, (max-width: 276px) 100vw, 276px\" \/><\/figure><\/div>\n<\/div>\n<\/div>\n<\/div>\n\n\n\n<div class=\"wp-block-column is-layout-flow wp-block-column-is-layout-flow\">\n<p>L&rsquo;objectif de ce cours, d\u00e9velopp\u00e9 par la Commission Oc\u00e9anographique Intergouvernementale de l&rsquo;Organisation des Nations Unies pour l\u2019Education, la Science et la Culture (IOC-UNESCO), est de fournir des outils en vue de l\u2019identification des principales esp\u00e8ces de micro-algues nuisibles. A l&rsquo;issue de ce cours, vous serez autonomes dans l&rsquo;identification des micro-algues d&rsquo;int\u00e9r\u00eat, dont celles responsables de la Ciguat\u00e9ra.&nbsp;<\/p>\n<\/div>\n<\/div>\n\n\n\n<div class=\"wp-block-buttons is-horizontal is-content-justification-center is-layout-flex wp-container-core-buttons-is-layout-499968f5 wp-block-buttons-is-layout-flex\">\n<div class=\"wp-block-button\"><a class=\"wp-block-button__link has-accent-background-color has-background\" href=\"https:\/\/classroom.oceanteacher.org\/\" style=\"border-radius:5px\">ACCEDER A LA PLATEFORME OCEAN TEACHER <\/a><\/div>\n<\/div>\n\n\n\n<div style=\"height:50px\" aria-hidden=\"true\" class=\"wp-block-spacer\"><\/div>\n\n\n\n<div class=\"wp-block-columns is-layout-flex wp-container-core-columns-is-layout-9d6595d7 wp-block-columns-is-layout-flex\">\n<div class=\"wp-block-column is-vertically-aligned-center img-link is-layout-flow wp-block-column-is-layout-flow\">\n<div class=\"wp-block-image\"><figure class=\"aligncenter size-full is-resized\"><a href=\"https:\/\/www.iode.org\/\" target=\"_blank\" rel=\"noopener\"><img loading=\"lazy\" decoding=\"async\" src=\"https:\/\/ciguawatch.ilm.pf\/\/wp-content\/uploads\/2021\/12\/IODE-logo-105h.png\" alt=\"\" class=\"wp-image-752\" width=\"256\" height=\"53\" srcset=\"https:\/\/ciguawatch.ilm.pf\/wp-content\/uploads\/2021\/12\/IODE-logo-105h.png 512w, https:\/\/ciguawatch.ilm.pf\/wp-content\/uploads\/2021\/12\/IODE-logo-105h-300x62.png 300w\" sizes=\"auto, (max-width: 256px) 100vw, 256px\" \/><\/a><\/figure><\/div>\n<\/div>\n\n\n\n<div class=\"wp-block-column is-layout-flow wp-block-column-is-layout-flow\">\n<div class=\"wp-block-image img-link\"><figure class=\"aligncenter size-full is-resized\"><a href=\"https:\/\/ioc.unesco.org\/\" target=\"_blank\" rel=\"noopener\"><img loading=\"lazy\" decoding=\"async\" src=\"https:\/\/ciguawatch.ilm.pf\/\/wp-content\/uploads\/2021\/12\/UNSECO-IOC-logos-1.png\" alt=\"\" class=\"wp-image-753\" width=\"229\" height=\"124\" srcset=\"https:\/\/ciguawatch.ilm.pf\/wp-content\/uploads\/2021\/12\/UNSECO-IOC-logos-1.png 305w, https:\/\/ciguawatch.ilm.pf\/wp-content\/uploads\/2021\/12\/UNSECO-IOC-logos-1-300x162.png 300w\" sizes=\"auto, (max-width: 229px) 100vw, 229px\" \/><\/a><\/figure><\/div>\n<\/div>\n\n\n\n<div class=\"wp-block-column is-layout-flow wp-block-column-is-layout-flow\">\n<div class=\"wp-block-image img-link\"><figure class=\"aligncenter size-full\"><a href=\"https:\/\/classroom.oceanteacher.org\/\" target=\"_blank\" rel=\"noopener\"><img loading=\"lazy\" decoding=\"async\" width=\"210\" height=\"105\" src=\"https:\/\/ciguawatch.ilm.pf\/\/wp-content\/uploads\/2021\/12\/logo_OTGA_105h.png\" alt=\"\" class=\"wp-image-754\"\/><\/a><\/figure><\/div>\n<\/div>\n<\/div>\n<\/div><\/div>\n<\/div><\/div>\n<\/div><\/div>\n","protected":false},"excerpt":{"rendered":"<p>Pr\u00e9requis Pr\u00e9alablement \u00e0 votre participation \u00e0 la formation en ligne sur la surveillance \u00e9pid\u00e9miologique et environnementale de la ciguat\u00e9ra, il est fortement recommand\u00e9 de suivre deux cours virtuels mis en place respectivement par la FAO (Surveillance et Pr\u00e9vention de la ciguat\u00e9ra) et l\u2019IOC UNESCO (Ocean Teacher, module consacr\u00e9 aux micro-algues benthiques nuisibles) qui permettront d\u2019acqu\u00e9rir &#8230; <a title=\"Ciguatera starter pack : acqu\u00e9rir les connaissances de base\" class=\"read-more\" href=\"https:\/\/ciguawatch.ilm.pf\/fr\/starter-pack-base-knowledge-on-ciguatera\/\" aria-label=\"En savoir plus sur Ciguatera starter pack : acqu\u00e9rir les connaissances de base\">Lire la suite<\/a><\/p>\n","protected":false},"author":1,"featured_media":1258,"parent":0,"menu_order":0,"comment_status":"closed","ping_status":"closed","template":"","meta":{"footnotes":""},"tags":[],"class_list":["post-681","page","type-page","status-publish","has-post-thumbnail"],"translation":{"provider":"WPGlobus","version":"3.0.0","language":"fr","enabled_languages":["en","fr"],"languages":{"en":{"title":true,"content":true,"excerpt":false},"fr":{"title":true,"content":true,"excerpt":false}}},"_links":{"self":[{"href":"https:\/\/ciguawatch.ilm.pf\/fr\/wp-json\/wp\/v2\/pages\/681","targetHints":{"allow":["GET"]}}],"collection":[{"href":"https:\/\/ciguawatch.ilm.pf\/fr\/wp-json\/wp\/v2\/pages"}],"about":[{"href":"https:\/\/ciguawatch.ilm.pf\/fr\/wp-json\/wp\/v2\/types\/page"}],"author":[{"embeddable":true,"href":"https:\/\/ciguawatch.ilm.pf\/fr\/wp-json\/wp\/v2\/users\/1"}],"replies":[{"embeddable":true,"href":"https:\/\/ciguawatch.ilm.pf\/fr\/wp-json\/wp\/v2\/comments?post=681"}],"version-history":[{"count":0,"href":"https:\/\/ciguawatch.ilm.pf\/fr\/wp-json\/wp\/v2\/pages\/681\/revisions"}],"wp:featuredmedia":[{"embeddable":true,"href":"https:\/\/ciguawatch.ilm.pf\/fr\/wp-json\/wp\/v2\/media\/1258"}],"wp:attachment":[{"href":"https:\/\/ciguawatch.ilm.pf\/fr\/wp-json\/wp\/v2\/media?parent=681"}],"wp:term":[{"taxonomy":"post_tag","embeddable":true,"href":"https:\/\/ciguawatch.ilm.pf\/fr\/wp-json\/wp\/v2\/tags?post=681"}],"curies":[{"name":"wp","href":"https:\/\/api.w.org\/{rel}","templated":true}]}}