{"id":541,"date":"2021-12-04T03:21:46","date_gmt":"2021-12-04T03:21:46","guid":{"rendered":"https:\/\/ciguawatch.ilm.pf\/\/?page_id=541"},"modified":"2022-02-23T01:43:44","modified_gmt":"2022-02-23T01:43:44","slug":"expertise-support-skill-transfer","status":"publish","type":"page","link":"https:\/\/ciguawatch.ilm.pf\/fr\/expertise-support-skill-transfer\/","title":{"rendered":"Expertises et transfert de comp\u00e9tences"},"content":{"rendered":"\n<div class=\"wp-block-group alignwide my-0 p-2 p-md-5 has-global-color-10-background-color has-background\"><div class=\"wp-block-group__inner-container is-layout-flow wp-block-group-is-layout-flow\">\n<h3 class=\"wp-block-heading\" id=\"our-team-proposes-the-following-expertise-support-and-skill-transfer-activities\">Notre \u00e9quipe propose les activit\u00e9s d\u2019expertise et de transfert de comp\u00e9tences suivantes :<\/h3>\n\n\n\n<div class=\"wp-block-group post-list post-list-shorter p-0\"><div class=\"wp-block-group__inner-container is-layout-flow wp-block-group-is-layout-flow\">\n<div class=\"wp-block-group p-4 shadow-sm mb-4 has-base-3-background-color has-background\"><div class=\"wp-block-group__inner-container is-layout-flow wp-block-group-is-layout-flow\">\n<div class=\"wp-block-image\"><figure class=\"aligncenter size-full\"><img loading=\"lazy\" decoding=\"async\" width=\"547\" height=\"355\" src=\"https:\/\/ciguawatch.ilm.pf\/\/wp-content\/uploads\/2021\/12\/risk-assessment.jpg\" alt=\"\" class=\"wp-image-549\" srcset=\"https:\/\/ciguawatch.ilm.pf\/wp-content\/uploads\/2021\/12\/risk-assessment.jpg 547w, https:\/\/ciguawatch.ilm.pf\/wp-content\/uploads\/2021\/12\/risk-assessment-300x195.jpg 300w\" sizes=\"auto, (max-width: 547px) 100vw, 547px\" \/><\/figure><\/div>\n\n\n\n<h5 class=\"has-text-align-center wp-block-heading\" id=\"ciguatera-risk-assessment-sampling-strategy-detection-tools-etc\">\u00c9valuation <strong>du risque ciguat\u00e9rique<\/strong>: Strat\u00e9gie d\u2019\u00e9chantillonnage, outils de d\u00e9tection, etc.<\/h5>\n<\/div><\/div>\n\n\n\n<div class=\"wp-block-group p-4 shadow-sm mb-4 has-base-3-background-color has-background\"><div class=\"wp-block-group__inner-container is-layout-flow wp-block-group-is-layout-flow\">\n<div class=\"wp-block-image\"><figure class=\"aligncenter size-full\"><img loading=\"lazy\" decoding=\"async\" width=\"547\" height=\"355\" src=\"https:\/\/ciguawatch.ilm.pf\/\/wp-content\/uploads\/2021\/12\/in-vitro-cultures.jpg\" alt=\"\" class=\"wp-image-546\" srcset=\"https:\/\/ciguawatch.ilm.pf\/wp-content\/uploads\/2021\/12\/in-vitro-cultures.jpg 547w, https:\/\/ciguawatch.ilm.pf\/wp-content\/uploads\/2021\/12\/in-vitro-cultures-300x195.jpg 300w\" sizes=\"auto, (max-width: 547px) 100vw, 547px\" \/><\/figure><\/div>\n\n\n\n<h5 class=\"has-text-align-center wp-block-heading\" id=\"establishing-an-algal-collection-and-in-vitro-cultures-of-gambierdiscus\">Constitution d\u2019une algoth\u00e8que et mise en place <strong>de cultures<em> in vitro<\/em><\/strong> de <em>Gambierdiscus.<\/em><\/h5>\n<\/div><\/div>\n\n\n\n<div class=\"wp-block-group p-4 shadow-sm mb-4 has-base-3-background-color has-background\"><div class=\"wp-block-group__inner-container is-layout-flow wp-block-group-is-layout-flow\">\n<div class=\"wp-block-image\"><figure class=\"aligncenter size-full\"><img loading=\"lazy\" decoding=\"async\" width=\"547\" height=\"355\" src=\"https:\/\/ciguawatch.ilm.pf\/\/wp-content\/uploads\/2021\/12\/surveillance-program.jpg\" alt=\"\" class=\"wp-image-550\" srcset=\"https:\/\/ciguawatch.ilm.pf\/wp-content\/uploads\/2021\/12\/surveillance-program.jpg 547w, https:\/\/ciguawatch.ilm.pf\/wp-content\/uploads\/2021\/12\/surveillance-program-300x195.jpg 300w\" sizes=\"auto, (max-width: 547px) 100vw, 547px\" \/><\/figure><\/div>\n\n\n\n<h5 class=\"has-text-align-center wp-block-heading\" id=\"support-in-setting-up-an-epidemiological-surveillance-program-on-ciguatera\">Accompagnement \u00e0 la mise en place d\u2019un programme de <strong>surveillance \u00e9pid\u00e9miologique<\/strong> de la Ciguat\u00e9ra<\/h5>\n<\/div><\/div>\n\n\n\n<div class=\"wp-block-group p-4 shadow-sm mb-4 has-base-3-background-color has-background\"><div class=\"wp-block-group__inner-container is-layout-flow wp-block-group-is-layout-flow\">\n<div class=\"wp-block-image\"><figure class=\"aligncenter size-full\"><img loading=\"lazy\" decoding=\"async\" width=\"547\" height=\"355\" src=\"https:\/\/ciguawatch.ilm.pf\/\/wp-content\/uploads\/2021\/12\/neuroblastoma-cell.jpg\" alt=\"\" class=\"wp-image-548\" srcset=\"https:\/\/ciguawatch.ilm.pf\/wp-content\/uploads\/2021\/12\/neuroblastoma-cell.jpg 547w, https:\/\/ciguawatch.ilm.pf\/wp-content\/uploads\/2021\/12\/neuroblastoma-cell-300x195.jpg 300w\" sizes=\"auto, (max-width: 547px) 100vw, 547px\" \/><\/figure><\/div>\n\n\n\n<h5 class=\"has-text-align-center wp-block-heading\" id=\"hands-on-training-on-the-neuroblastoma-cell-based-assay-cba-n2a-for-the-detection-of-ctxs\">Formation \u00e0 la d\u00e9tection des Ciguatoxines au moyen du test <strong>de cytotoxicit\u00e9 cellulaire sur neuroblastomes<\/strong><\/h5>\n<\/div><\/div>\n\n\n\n<div class=\"wp-block-group p-4 shadow-sm mb-4 has-base-3-background-color has-background\"><div class=\"wp-block-group__inner-container is-layout-flow wp-block-group-is-layout-flow\">\n<div class=\"wp-block-image\"><figure class=\"aligncenter size-full\"><img loading=\"lazy\" decoding=\"async\" width=\"547\" height=\"355\" src=\"https:\/\/ciguawatch.ilm.pf\/\/wp-content\/uploads\/2021\/12\/Molecular-characterization.jpg\" alt=\"\" class=\"wp-image-547\" srcset=\"https:\/\/ciguawatch.ilm.pf\/wp-content\/uploads\/2021\/12\/Molecular-characterization.jpg 547w, https:\/\/ciguawatch.ilm.pf\/wp-content\/uploads\/2021\/12\/Molecular-characterization-300x195.jpg 300w\" sizes=\"auto, (max-width: 547px) 100vw, 547px\" \/><\/figure><\/div>\n\n\n\n<h5 class=\"has-text-align-center wp-block-heading\" id=\"molecular-characterization-of-gambierdiscus-species\"><strong>Caract\u00e9risation mol\u00e9culaire<\/strong> des esp\u00e8ces&nbsp;de<em> Gambierdiscus<\/em><\/h5>\n<\/div><\/div>\n\n\n\n<div class=\"wp-block-group p-4 shadow-sm mb-4 has-base-3-background-color has-background\"><div class=\"wp-block-group__inner-container is-layout-flow wp-block-group-is-layout-flow\">\n<div class=\"wp-block-image\"><figure class=\"aligncenter size-full\"><img loading=\"lazy\" decoding=\"async\" width=\"547\" height=\"355\" src=\"https:\/\/ciguawatch.ilm.pf\/\/wp-content\/uploads\/2021\/12\/Detection-of-ciguatoxins.jpg\" alt=\"\" class=\"wp-image-551\" srcset=\"https:\/\/ciguawatch.ilm.pf\/wp-content\/uploads\/2021\/12\/Detection-of-ciguatoxins.jpg 547w, https:\/\/ciguawatch.ilm.pf\/wp-content\/uploads\/2021\/12\/Detection-of-ciguatoxins-300x195.jpg 300w\" sizes=\"auto, (max-width: 547px) 100vw, 547px\" \/><\/figure><\/div>\n\n\n\n<h5 class=\"has-text-align-center wp-block-heading\" id=\"ciguatera-risk-assessment-detection-of-ciguatoxins-in-fish-microalgae-other-marine-organisms\"><strong>D\u00e9tection de ciguatoxines<\/strong> (dans les poissons, microalgues, autres organismes marins)<\/h5>\n<\/div><\/div>\n<\/div><\/div>\n<\/div><\/div>\n\n\n\n<div class=\"wp-block-group alignwide p-5 expertise-form\"><div class=\"wp-block-group__inner-container is-layout-flow wp-block-group-is-layout-flow\">\n<h3 class=\"has-text-align-left wp-block-heading\" id=\"expertise-support-request-form\">Formulaire de demande de service<\/h3>\n\n\n<div class=\"wpforms-container wpforms-container-full wpforms-block\" id=\"wpforms-1506\"><form id=\"wpforms-form-1506\" class=\"wpforms-validate wpforms-form wpforms-ajax-form\" data-formid=\"1506\" method=\"post\" enctype=\"multipart\/form-data\" action=\"\/fr\/wp-json\/wp\/v2\/pages\/541\" data-token=\"4e20be7004e278c4e232c06f530147d6\" data-token-time=\"1775410036\"><noscript class=\"wpforms-error-noscript\">Veuillez activer JavaScript dans votre navigateur pour remplir ce formulaire.<\/noscript><div class=\"wpforms-field-container\"><div id=\"wpforms-1506-field_4-container\" class=\"wpforms-field wpforms-field-select wpforms-field-select-style-modern\" data-field-id=\"4\"><label class=\"wpforms-field-label\" for=\"wpforms-1506-field_4\">S\u00e9lectionnez votre pays <span class=\"wpforms-required-label\">*<\/span><\/label><select id=\"wpforms-1506-field_4\" class=\"wpforms-field-medium wpforms-field-required choicesjs-select\" data-size-class=\"wpforms-field-row wpforms-field-medium\" data-search-enabled=\"1\" name=\"wpforms[fields][4]\" required=\"required\"><option value=\"\" class=\"placeholder\" disabled  selected='selected'><\/option><option value=\"\u00celes Cook\" >\u00celes Cook<\/option><option value=\"Etats f\u00e9d\u00e9r\u00e9s de Micron\u00e9sie\" >Etats f\u00e9d\u00e9r\u00e9s de Micron\u00e9sie<\/option><option value=\"Fidji\" >Fidji<\/option><option value=\"Guam\" >Guam<\/option><option value=\"Kiribati\" >Kiribati<\/option><option value=\"\u00celes Mariannes du Nord\" >\u00celes Mariannes du Nord<\/option><option value=\"\u00celes Marshall\" >\u00celes Marshall<\/option><option value=\"Nauru\" >Nauru<\/option><option value=\"Niue\" >Niue<\/option><option value=\"Nouvelle-Cal\u00e9donie\" >Nouvelle-Cal\u00e9donie<\/option><option value=\"Palau\" >Palau<\/option><option value=\"Papouasie-Nouvelle-Guin\u00e9e\" >Papouasie-Nouvelle-Guin\u00e9e<\/option><option value=\"Polyn\u00e9sie fran\u00e7aise\" >Polyn\u00e9sie fran\u00e7aise<\/option><option value=\"\u00celes Salomon\" >\u00celes Salomon<\/option><option value=\"Samoa\" >Samoa<\/option><option value=\"Samoa am\u00e9ricaines\" >Samoa am\u00e9ricaines<\/option><option value=\"Tokelau\" >Tokelau<\/option><option value=\"Tonga\" >Tonga<\/option><option value=\"Tuvalu\" >Tuvalu<\/option><option value=\"Vanuatu\" >Vanuatu<\/option><option value=\"Wallis et Futuna\" >Wallis et Futuna<\/option><option value=\"Autre\" >Autre<\/option><\/select><\/div><div id=\"wpforms-1506-field_0-container\" class=\"wpforms-field wpforms-field-name\" data-field-id=\"0\"><label class=\"wpforms-field-label wpforms-label-hide\" for=\"wpforms-1506-field_0\">Nom <span class=\"wpforms-required-label\">*<\/span><\/label><div class=\"wpforms-field-row wpforms-field-medium\"><div class=\"wpforms-field-row-block wpforms-first wpforms-one-half\"><input type=\"text\" id=\"wpforms-1506-field_0\" class=\"wpforms-field-name-first wpforms-field-required\" name=\"wpforms[fields][0][first]\" placeholder=\"Pr\u00e9nom\" required><label for=\"wpforms-1506-field_0\" class=\"wpforms-field-sublabel after wpforms-sublabel-hide\">Pr\u00e9nom<\/label><\/div><div class=\"wpforms-field-row-block wpforms-one-half\"><input type=\"text\" id=\"wpforms-1506-field_0-last\" class=\"wpforms-field-name-last wpforms-field-required\" name=\"wpforms[fields][0][last]\" placeholder=\"Nom\" required><label for=\"wpforms-1506-field_0-last\" class=\"wpforms-field-sublabel after wpforms-sublabel-hide\">Nom<\/label><\/div><\/div><\/div><div id=\"wpforms-1506-field_1-container\" class=\"wpforms-field wpforms-field-email\" data-field-id=\"1\"><label class=\"wpforms-field-label wpforms-label-hide\" for=\"wpforms-1506-field_1\">E-mail <span class=\"wpforms-required-label\">*<\/span><\/label><div class=\"wpforms-field-row wpforms-field-medium\"><div class=\"wpforms-field-row-block wpforms-one-half wpforms-first\"><input type=\"email\" id=\"wpforms-1506-field_1\" class=\"wpforms-field-required wpforms-field-email-primary\" name=\"wpforms[fields][1][primary]\" placeholder=\"Votre e-mail\" spellcheck=\"false\" required><label for=\"wpforms-1506-field_1\" class=\"wpforms-field-sublabel after wpforms-sublabel-hide\">E-mail<\/label><\/div><div class=\"wpforms-field-row-block wpforms-one-half\"><input type=\"email\" id=\"wpforms-1506-field_1-secondary\" class=\"wpforms-field-email-secondary wpforms-field-required\" data-rule-confirm=\"#wpforms-1506-field_1\" name=\"wpforms[fields][1][secondary]\" placeholder=\"Confirmez votre e-mail\" spellcheck=\"false\" required><label for=\"wpforms-1506-field_1-secondary\" class=\"wpforms-field-sublabel after wpforms-sublabel-hide\">Confirmez l\u2019e-mail<\/label><\/div><\/div><\/div><div id=\"wpforms-1506-field_6-container\" class=\"wpforms-field wpforms-field-text\" data-field-id=\"6\"><label class=\"wpforms-field-label\" for=\"wpforms-1506-field_6\">Organisme<\/label><input type=\"text\" id=\"wpforms-1506-field_6\" class=\"wpforms-field-medium\" name=\"wpforms[fields][6]\" ><\/div><div id=\"wpforms-1506-field_7-container\" class=\"wpforms-field wpforms-field-text\" data-field-id=\"7\"><label class=\"wpforms-field-label\" for=\"wpforms-1506-field_7\">Fonction<\/label><input type=\"text\" id=\"wpforms-1506-field_7\" class=\"wpforms-field-medium\" name=\"wpforms[fields][7]\" ><\/div><div id=\"wpforms-1506-field_9-container\" class=\"wpforms-field wpforms-field-checkbox\" data-field-id=\"9\"><label class=\"wpforms-field-label\">Nature de la demande <span class=\"wpforms-required-label\">*<\/span><\/label><ul id=\"wpforms-1506-field_9\" class=\"wpforms-field-required\"><li class=\"choice-14 depth-1\"><input type=\"checkbox\" id=\"wpforms-1506-field_9_14\" name=\"wpforms[fields][9][]\" value=\"Caract\u00e9risation mol\u00e9culaire des esp\u00e8ces  de &lt;i&gt;Gambierdiscus&lt;\/i&gt;\" required ><label class=\"wpforms-field-label-inline\" for=\"wpforms-1506-field_9_14\">Caract\u00e9risation mol\u00e9culaire des esp\u00e8ces  de <i>Gambierdiscus<\/i><\/label><\/li><li class=\"choice-15 depth-1\"><input type=\"checkbox\" id=\"wpforms-1506-field_9_15\" name=\"wpforms[fields][9][]\" value=\"D\u00e9tection des ciguatoxines (dans les poissons, micro-algues,\u2026)\" required ><label class=\"wpforms-field-label-inline\" for=\"wpforms-1506-field_9_15\">D\u00e9tection des ciguatoxines (dans les poissons, micro-algues,\u2026)<\/label><\/li><li class=\"choice-16 depth-1\"><input type=\"checkbox\" id=\"wpforms-1506-field_9_16\" name=\"wpforms[fields][9][]\" value=\"Formation sur site\" required ><label class=\"wpforms-field-label-inline\" for=\"wpforms-1506-field_9_16\">Formation sur site<\/label><\/li><li class=\"choice-17 depth-1\"><input type=\"checkbox\" id=\"wpforms-1506-field_9_17\" name=\"wpforms[fields][9][]\" value=\"Autres domaines d&#039;expertise\" required ><label class=\"wpforms-field-label-inline\" for=\"wpforms-1506-field_9_17\">Autres domaines d&rsquo;expertise<\/label><\/li><\/ul><\/div><div id=\"wpforms-1506-field_2-container\" class=\"wpforms-field wpforms-field-textarea\" data-field-id=\"2\"><label class=\"wpforms-field-label wpforms-label-hide\" for=\"wpforms-1506-field_2\">D\u00e9crivez votre demande<\/label><textarea id=\"wpforms-1506-field_2\" class=\"wpforms-field-medium wpforms-limit-characters-enabled\" data-form-id=\"1506\" data-field-id=\"2\" data-text-limit=\"2000\" name=\"wpforms[fields][2]\" placeholder=\"Inscrivez votre demande ici - Limit\u00e9e \u00e0 2000 caract\u00e8res\" maxlength=\"2000\" ><\/textarea><\/div><\/div><!-- .wpforms-field-container --><div class=\"wpforms-submit-container\" ><input type=\"hidden\" name=\"wpforms[id]\" value=\"1506\"><input type=\"hidden\" name=\"page_title\" value=\"\"><input type=\"hidden\" name=\"page_url\" value=\"https:\/\/ciguawatch.ilm.pf\/fr\/wp-json\/wp\/v2\/pages\/541\"><input type=\"hidden\" name=\"url_referer\" value=\"\"><span class=\"wpcf7-form-control-wrap cf7ic-wpf kc_captcha\" data-name=\"kc_captcha\"><span class=\"wpcf7-form-control wpcf7-cf7ic\"><span class=\"captcha-image cf7ic-style1\" style=\"border:none;\"><span class=\"cf7ic_instructions\">Veuillez prouver que vous \u00eates humain en s\u00e9lectionnant <span>le camion<\/span>:<span class=\"cf7ic-icon-wrapper\"><label><input aria-label=\"1\" type=\"radio\" name=\"kc_captcha\" value=\"322a7da9772fc2a23e15102fac2ffcffc5f26bc2c9447a54f6ef38aa31132b73\" \/><i class=\"fa fa-coffee\"><\/i><\/label><label><input aria-label=\"2\" type=\"radio\" name=\"kc_captcha\" value=\"e78d794655bb27749341ab5a96e03274e05cb8eac420bae315f206fa6ce8b66f\" \/><i class=\"fa fa-truck\"><\/i><\/label><label><input aria-label=\"3\" type=\"radio\" name=\"kc_captcha\" value=\"2d436e178cc969bcc2d0156c7a9dc6ff6fe0df30ca2647eeae901dc9feb37afb\" \/><i class=\"fa fa-tree\"><\/i><\/label><span aria-hidden=\"true\" class=\"ai1ic-fields\"><input type=\"hidden\" name=\"cf7ic_exists\" value=\"true\"\/><input type=\"hidden\" name=\"kc_key\" value=\"QQWr03CvZU2aXMMOcCbf\"><input type=\"text\" name=\"kc_honeypot\" tabindex=\"-1\" value=\"\"><\/span><\/span><\/span><\/span><\/span><\/span><button type=\"submit\" name=\"wpforms[submit]\" id=\"wpforms-submit-1506\" class=\"wpforms-submit\" data-alt-text=\"En cours d&#039;envoi...\" data-submit-text=\"Envoyer\" aria-live=\"assertive\" value=\"wpforms-submit\">Envoyer<\/button><img loading=\"lazy\" decoding=\"async\" src=\"https:\/\/ciguawatch.ilm.pf\/wp-content\/plugins\/wpforms-lite\/assets\/images\/submit-spin.svg\" class=\"wpforms-submit-spinner\" style=\"display: none;\" width=\"26\" height=\"26\" alt=\"Chargement en cours\"><\/div><\/form><\/div>  <!-- .wpforms-container --><\/div><\/div>\n","protected":false},"excerpt":{"rendered":"<p>Notre \u00e9quipe propose les activit\u00e9s d\u2019expertise et de transfert de comp\u00e9tences suivantes : \u00c9valuation du risque ciguat\u00e9rique: Strat\u00e9gie d\u2019\u00e9chantillonnage, outils de d\u00e9tection, etc. Constitution d\u2019une algoth\u00e8que et mise en place de cultures in vitro de Gambierdiscus. Accompagnement \u00e0 la mise en place d\u2019un programme de surveillance \u00e9pid\u00e9miologique de la Ciguat\u00e9ra Formation \u00e0 la d\u00e9tection des &#8230; <a title=\"Expertises et transfert de comp\u00e9tences\" class=\"read-more\" href=\"https:\/\/ciguawatch.ilm.pf\/fr\/expertise-support-skill-transfer\/\" aria-label=\"En savoir plus sur Expertises et transfert de comp\u00e9tences\">Lire la suite<\/a><\/p>\n","protected":false},"author":1,"featured_media":1402,"parent":0,"menu_order":0,"comment_status":"closed","ping_status":"closed","template":"","meta":{"footnotes":""},"tags":[],"class_list":["post-541","page","type-page","status-publish","has-post-thumbnail"],"translation":{"provider":"WPGlobus","version":"3.0.0","language":"fr","enabled_languages":["en","fr"],"languages":{"en":{"title":true,"content":true,"excerpt":false},"fr":{"title":true,"content":true,"excerpt":false}}},"_links":{"self":[{"href":"https:\/\/ciguawatch.ilm.pf\/fr\/wp-json\/wp\/v2\/pages\/541","targetHints":{"allow":["GET"]}}],"collection":[{"href":"https:\/\/ciguawatch.ilm.pf\/fr\/wp-json\/wp\/v2\/pages"}],"about":[{"href":"https:\/\/ciguawatch.ilm.pf\/fr\/wp-json\/wp\/v2\/types\/page"}],"author":[{"embeddable":true,"href":"https:\/\/ciguawatch.ilm.pf\/fr\/wp-json\/wp\/v2\/users\/1"}],"replies":[{"embeddable":true,"href":"https:\/\/ciguawatch.ilm.pf\/fr\/wp-json\/wp\/v2\/comments?post=541"}],"version-history":[{"count":0,"href":"https:\/\/ciguawatch.ilm.pf\/fr\/wp-json\/wp\/v2\/pages\/541\/revisions"}],"wp:featuredmedia":[{"embeddable":true,"href":"https:\/\/ciguawatch.ilm.pf\/fr\/wp-json\/wp\/v2\/media\/1402"}],"wp:attachment":[{"href":"https:\/\/ciguawatch.ilm.pf\/fr\/wp-json\/wp\/v2\/media?parent=541"}],"wp:term":[{"taxonomy":"post_tag","embeddable":true,"href":"https:\/\/ciguawatch.ilm.pf\/fr\/wp-json\/wp\/v2\/tags?post=541"}],"curies":[{"name":"wp","href":"https:\/\/api.w.org\/{rel}","templated":true}]}}