{"id":371,"date":"2021-12-03T01:00:31","date_gmt":"2021-12-03T01:00:31","guid":{"rendered":"https:\/\/ciguawatch.ilm.pf\/\/?page_id=371"},"modified":"2025-06-24T19:39:46","modified_gmt":"2025-06-24T19:39:46","slug":"team-leaders-of-the-ciguawatch-initiative","status":"publish","type":"page","link":"https:\/\/ciguawatch.ilm.pf\/fr\/team-leaders-of-the-ciguawatch-initiative\/","title":{"rendered":"Responsables de l\u2019initiative Ciguawatch"},"content":{"rendered":"\n<div id=\"accordion-1\" class=\"wp-block-group accordion-flush shadow\"><div class=\"wp-block-group__inner-container is-layout-flow wp-block-group-is-layout-flow\">\n<div class=\"wp-block-group accordion-item\"><div class=\"wp-block-group__inner-container is-layout-flow wp-block-group-is-layout-flow\">\n<h4 class=\"wp-block-heading accordion-header has-accent-color has-text-color\" id=\"institut-louis-malarde-laboratory-of-marine-biotoxins\"><strong><strong>Institut Louis Malard\u00e9  &#8211; <em><strong>Laboratoire de recherche sur les biotoxines marines<\/strong><\/em><\/strong><\/strong><\/h4>\n\n\n\n<div class=\"wp-block-group accordion-body ilm-columns\"><div class=\"wp-block-group__inner-container is-layout-flow wp-block-group-is-layout-flow\">\n<div class=\"wp-block-columns is-layout-flex wp-container-core-columns-is-layout-9d6595d7 wp-block-columns-is-layout-flex\">\n<div class=\"wp-block-column py-4 is-layout-flow wp-block-column-is-layout-flow\"><div class=\"wp-block-image\">\n<figure class=\"aligncenter size-full is-resized\"><img loading=\"lazy\" decoding=\"async\" width=\"395\" height=\"395\" src=\"https:\/\/ciguawatch.ilm.pf\/\/wp-content\/uploads\/2021\/12\/Clemence-portrait.png\" alt=\"\" class=\"wp-image-388\" style=\"width:198px;height:198px\" srcset=\"https:\/\/ciguawatch.ilm.pf\/wp-content\/uploads\/2021\/12\/Clemence-portrait.png 395w, https:\/\/ciguawatch.ilm.pf\/wp-content\/uploads\/2021\/12\/Clemence-portrait-300x300.png 300w, https:\/\/ciguawatch.ilm.pf\/wp-content\/uploads\/2021\/12\/Clemence-portrait-150x150.png 150w\" sizes=\"auto, (max-width: 395px) 100vw, 395px\" \/><\/figure>\n<\/div>\n\n\n<p class=\"has-text-align-center\"><strong><strong><strong>Cl\u00e9mence GATTI HOWELL, Dr. Sc.<\/strong><\/strong><\/strong><br><em><em>Charg\u00e9e de Recherche<\/em><\/em><\/p>\n\n\n\n<h5 class=\"wp-block-heading has-text-align-center\" id=\"e-platform-administrator\"><strong><em><strong><em><strong><em>Conceptrice et administratrice<\/em><\/strong><\/em><\/strong><\/em><\/strong><br><strong><em><strong><em><strong><em>de la plateforme<\/em><\/strong><\/em><\/strong><\/em><\/strong><\/h5>\n\n\n\n<h4 class=\"wp-block-heading has-text-align-center has-global-color-11-color has-text-color\" id=\"expertise\"><strong>EXPERTISE<\/strong><\/h4>\n\n\n\n<ul class=\"wp-block-list\">\n<li>Surveillance \u00e9pid\u00e9miologique<\/li>\n\n\n\n<li>Etudes biom\u00e9dicales<\/li>\n\n\n\n<li>Evaluation et gestion du risque ciguat\u00e9rique<\/li>\n\n\n\n<li>Programmes de sensibilisation<\/li>\n\n\n\n<li>Missions de terrain<\/li>\n<\/ul>\n<\/div>\n\n\n\n<div class=\"wp-block-column py-4 is-layout-flow wp-block-column-is-layout-flow\"><div class=\"wp-block-image\">\n<figure class=\"aligncenter size-full is-resized\"><img loading=\"lazy\" decoding=\"async\" width=\"395\" height=\"395\" src=\"https:\/\/ciguawatch.ilm.pf\/\/wp-content\/uploads\/2021\/12\/Taiana-portrait.png\" alt=\"\" class=\"wp-image-387\" style=\"width:198px;height:198px\" srcset=\"https:\/\/ciguawatch.ilm.pf\/wp-content\/uploads\/2021\/12\/Taiana-portrait.png 395w, https:\/\/ciguawatch.ilm.pf\/wp-content\/uploads\/2021\/12\/Taiana-portrait-300x300.png 300w, https:\/\/ciguawatch.ilm.pf\/wp-content\/uploads\/2021\/12\/Taiana-portrait-150x150.png 150w\" sizes=\"auto, (max-width: 395px) 100vw, 395px\" \/><\/figure>\n<\/div>\n\n\n<p class=\"has-text-align-center\"><strong><strong><strong>H. Taiana DARIUS, Dr. Sc., HDR<\/strong><\/strong><\/strong><br><em>Directrice de Recherche<\/em><\/p>\n\n\n\n<h5 class=\"wp-block-heading has-text-align-center\" id=\"reviewer\"><strong><em><strong><em>Reviewer<\/em><\/strong><\/em><\/strong><\/h5>\n\n\n\n<h4 class=\"wp-block-heading has-text-align-center has-global-color-11-color has-text-color\" id=\"expertise\"><strong>EXPERTISE<\/strong><\/h4>\n\n\n\n<ul class=\"wp-block-list\">\n<li>D\u00e9tection des toxines marines<\/li>\n\n\n\n<li>Evaluation et gestion du risque ciguat\u00e9rique<\/li>\n\n\n\n<li>Programmes de sensibilisation<\/li>\n<\/ul>\n<\/div>\n\n\n\n<div class=\"wp-block-column py-4 is-layout-flow wp-block-column-is-layout-flow\"><div class=\"wp-block-image\">\n<figure class=\"aligncenter size-full is-resized\"><img loading=\"lazy\" decoding=\"async\" width=\"395\" height=\"395\" src=\"https:\/\/ciguawatch.ilm.pf\/\/wp-content\/uploads\/2021\/12\/Chinain-portrait.png\" alt=\"\" class=\"wp-image-389\" style=\"width:198px;height:198px\" srcset=\"https:\/\/ciguawatch.ilm.pf\/wp-content\/uploads\/2021\/12\/Chinain-portrait.png 395w, https:\/\/ciguawatch.ilm.pf\/wp-content\/uploads\/2021\/12\/Chinain-portrait-300x300.png 300w, https:\/\/ciguawatch.ilm.pf\/wp-content\/uploads\/2021\/12\/Chinain-portrait-150x150.png 150w\" sizes=\"auto, (max-width: 395px) 100vw, 395px\" \/><\/figure>\n<\/div>\n\n\n<p class=\"has-text-align-center\"><strong><strong><strong>Mireille CHINAIN, Dr. Sc., HDR<\/strong><\/strong><\/strong><br><em><em><em>Directrice de Laboratoire<\/em><\/em><\/em><\/p>\n\n\n\n<h5 class=\"wp-block-heading has-text-align-center\" id=\"reviewer-and-supervisor\"><strong><em><strong><em><strong><em>Reviewer et superviseur du programme<\/em><\/strong><\/em><\/strong><\/em><\/strong><\/h5>\n\n\n\n<h4 class=\"wp-block-heading has-text-align-center has-global-color-11-color has-text-color\" id=\"expertise\"><strong>EXPERTISE<\/strong><\/h4>\n\n\n\n<ul class=\"wp-block-list\">\n<li>Culture de microalgues et taxonomie<\/li>\n\n\n\n<li>Surveillance \u00e9pid\u00e9miologique<\/li>\n\n\n\n<li>Evaluation et gestion du risque ciguat\u00e9rique<\/li>\n\n\n\n<li>Programmes de sensibilisation<\/li>\n\n\n\n<li>Missions de terrain<\/li>\n<\/ul>\n<\/div>\n<\/div>\n\n\n\n<p class=\"has-text-align-center\">En savoir plus sur le <a rel=\"noreferrer noopener\" href=\"https:\/\/www.ilm.pf\/recherche\/biotoxines-marines\/\" target=\"_blank\">Laboratoire des Biotoxines Marines<\/a> de&nbsp;l\u2019Institut Louis Malard\u00e9&nbsp;<\/p>\n<\/div><\/div>\n<\/div><\/div>\n\n\n\n<div class=\"wp-block-group accordion-item island-maps\"><div class=\"wp-block-group__inner-container is-layout-flow wp-block-group-is-layout-flow\">\n<h4 class=\"wp-block-heading accordion-header\" id=\"participating-countries\"><strong><strong>Pays participants<\/strong><\/strong><\/h4>\n\n\n\n<div class=\"wp-block-group accordion-body\"><div class=\"wp-block-group__inner-container is-layout-flow wp-block-group-is-layout-flow\">\n<div class=\"wp-block-columns is-layout-flex wp-container-core-columns-is-layout-9d6595d7 wp-block-columns-is-layout-flex\">\n<div class=\"wp-block-column is-layout-flow wp-block-column-is-layout-flow\">\n<div class=\"wp-block-group\"><div class=\"wp-block-group__inner-container is-layout-flow wp-block-group-is-layout-flow\"><div class=\"wp-block-image\">\n<figure class=\"aligncenter size-full is-resized\"><img loading=\"lazy\" decoding=\"async\" width=\"512\" height=\"512\" src=\"https:\/\/ciguawatch.ilm.pf\/wp-content\/uploads\/2021\/12\/WALLIS-ET-FUTUNA.png\" alt=\"\" class=\"wp-image-440\" style=\"width:256px;height:256px\" srcset=\"https:\/\/ciguawatch.ilm.pf\/wp-content\/uploads\/2021\/12\/WALLIS-ET-FUTUNA.png 512w, https:\/\/ciguawatch.ilm.pf\/wp-content\/uploads\/2021\/12\/WALLIS-ET-FUTUNA-300x300.png 300w, https:\/\/ciguawatch.ilm.pf\/wp-content\/uploads\/2021\/12\/WALLIS-ET-FUTUNA-150x150.png 150w\" sizes=\"auto, (max-width: 512px) 100vw, 512px\" \/><\/figure>\n<\/div>\n\n\n<div class=\"wp-block-group island-flag-map\"><div class=\"wp-block-group__inner-container is-layout-flow wp-block-group-is-layout-flow\">\n<figure class=\"wp-block-image size-full island-flag\"><img loading=\"lazy\" decoding=\"async\" width=\"320\" height=\"213\" src=\"https:\/\/ciguawatch.ilm.pf\/wp-content\/uploads\/2022\/01\/Wallis-and-futuna-flag.png\" alt=\"\" class=\"wp-image-1086\" srcset=\"https:\/\/ciguawatch.ilm.pf\/wp-content\/uploads\/2022\/01\/Wallis-and-futuna-flag.png 320w, https:\/\/ciguawatch.ilm.pf\/wp-content\/uploads\/2022\/01\/Wallis-and-futuna-flag-300x200.png 300w\" sizes=\"auto, (max-width: 320px) 100vw, 320px\" \/><\/figure>\n\n\n\n<h5 class=\"wp-block-heading\" id=\"wallis-futuna\">Wallis &amp; Futuna<\/h5>\n<\/div><\/div>\n<\/div><\/div>\n\n\n\n<div class=\"wp-block-group\"><div class=\"wp-block-group__inner-container is-layout-flow wp-block-group-is-layout-flow\"><div class=\"wp-block-image\">\n<figure class=\"aligncenter size-full is-resized\"><img loading=\"lazy\" decoding=\"async\" width=\"512\" height=\"512\" src=\"https:\/\/ciguawatch.ilm.pf\/wp-content\/uploads\/2021\/12\/Fiji.png\" alt=\"\" class=\"wp-image-443\" style=\"width:256px;height:256px\" srcset=\"https:\/\/ciguawatch.ilm.pf\/wp-content\/uploads\/2021\/12\/Fiji.png 512w, https:\/\/ciguawatch.ilm.pf\/wp-content\/uploads\/2021\/12\/Fiji-300x300.png 300w, https:\/\/ciguawatch.ilm.pf\/wp-content\/uploads\/2021\/12\/Fiji-150x150.png 150w\" sizes=\"auto, (max-width: 512px) 100vw, 512px\" \/><\/figure>\n<\/div>\n\n\n<div class=\"wp-block-group island-flag-map\"><div class=\"wp-block-group__inner-container is-layout-flow wp-block-group-is-layout-flow\">\n<figure class=\"wp-block-image size-full island-flag\"><img loading=\"lazy\" decoding=\"async\" width=\"320\" height=\"160\" src=\"https:\/\/ciguawatch.ilm.pf\/wp-content\/uploads\/2022\/01\/Fiji-flag.png\" alt=\"\" class=\"wp-image-1092\" srcset=\"https:\/\/ciguawatch.ilm.pf\/wp-content\/uploads\/2022\/01\/Fiji-flag.png 320w, https:\/\/ciguawatch.ilm.pf\/wp-content\/uploads\/2022\/01\/Fiji-flag-300x150.png 300w\" sizes=\"auto, (max-width: 320px) 100vw, 320px\" \/><\/figure>\n\n\n\n<h5 class=\"wp-block-heading\" id=\"fiji\">Fiji<\/h5>\n<\/div><\/div>\n<\/div><\/div>\n\n\n\n<div class=\"wp-block-group\"><div class=\"wp-block-group__inner-container is-layout-flow wp-block-group-is-layout-flow\"><div class=\"wp-block-image\">\n<figure class=\"aligncenter size-full is-resized\"><img loading=\"lazy\" decoding=\"async\" width=\"801\" height=\"511\" src=\"https:\/\/ciguawatch.ilm.pf\/wp-content\/uploads\/2022\/02\/TAHITI.png\" alt=\"\" class=\"wp-image-1373\" style=\"width:320px;height:auto\" srcset=\"https:\/\/ciguawatch.ilm.pf\/wp-content\/uploads\/2022\/02\/TAHITI.png 801w, https:\/\/ciguawatch.ilm.pf\/wp-content\/uploads\/2022\/02\/TAHITI-300x191.png 300w, https:\/\/ciguawatch.ilm.pf\/wp-content\/uploads\/2022\/02\/TAHITI-768x490.png 768w\" sizes=\"auto, (max-width: 801px) 100vw, 801px\" \/><\/figure>\n<\/div>\n\n\n<div class=\"wp-block-group island-flag-map\"><div class=\"wp-block-group__inner-container is-layout-flow wp-block-group-is-layout-flow\">\n<figure class=\"wp-block-image size-full island-flag\"><img loading=\"lazy\" decoding=\"async\" width=\"320\" height=\"213\" src=\"https:\/\/ciguawatch.ilm.pf\/wp-content\/uploads\/2022\/02\/French_Polynesia.png\" alt=\"\" class=\"wp-image-1374\" style=\"object-fit:cover\" srcset=\"https:\/\/ciguawatch.ilm.pf\/wp-content\/uploads\/2022\/02\/French_Polynesia.png 320w, https:\/\/ciguawatch.ilm.pf\/wp-content\/uploads\/2022\/02\/French_Polynesia-300x200.png 300w\" sizes=\"auto, (max-width: 320px) 100vw, 320px\" \/><\/figure>\n\n\n\n<h5 class=\"wp-block-heading has-text-align-left\" id=\"fiji\">Polyn\u00e9sie fran\u00e7aise<\/h5>\n<\/div><\/div>\n<\/div><\/div>\n<\/div>\n\n\n\n<div class=\"wp-block-column is-layout-flow wp-block-column-is-layout-flow\">\n<div class=\"wp-block-group\"><div class=\"wp-block-group__inner-container is-layout-flow wp-block-group-is-layout-flow\"><div class=\"wp-block-image\">\n<figure class=\"aligncenter size-full is-resized\"><img loading=\"lazy\" decoding=\"async\" width=\"512\" height=\"407\" src=\"https:\/\/ciguawatch.ilm.pf\/wp-content\/uploads\/2021\/12\/NC.png\" alt=\"\" class=\"wp-image-437\" style=\"width:322px;height:256px\" srcset=\"https:\/\/ciguawatch.ilm.pf\/wp-content\/uploads\/2021\/12\/NC.png 512w, https:\/\/ciguawatch.ilm.pf\/wp-content\/uploads\/2021\/12\/NC-300x238.png 300w\" sizes=\"auto, (max-width: 512px) 100vw, 512px\" \/><\/figure>\n<\/div>\n\n\n<div class=\"wp-block-group island-flag-map\"><div class=\"wp-block-group__inner-container is-layout-flow wp-block-group-is-layout-flow\">\n<figure class=\"wp-block-image size-full island-flag\"><img loading=\"lazy\" decoding=\"async\" width=\"320\" height=\"160\" src=\"https:\/\/ciguawatch.ilm.pf\/wp-content\/uploads\/2022\/01\/Flnks-flag.png\" alt=\"\" class=\"wp-image-1073\" srcset=\"https:\/\/ciguawatch.ilm.pf\/wp-content\/uploads\/2022\/01\/Flnks-flag.png 320w, https:\/\/ciguawatch.ilm.pf\/wp-content\/uploads\/2022\/01\/Flnks-flag-300x150.png 300w\" sizes=\"auto, (max-width: 320px) 100vw, 320px\" \/><\/figure>\n\n\n\n<h5 class=\"wp-block-heading\" id=\"new-caledonia\"><meta charset=\"utf-8\">Nouvelle-Cal\u00e9donie<\/h5>\n\n\n\n<p><\/p>\n<\/div><\/div>\n<\/div><\/div>\n\n\n\n<div class=\"wp-block-group\"><div class=\"wp-block-group__inner-container is-layout-flow wp-block-group-is-layout-flow\"><div class=\"wp-block-image\">\n<figure class=\"aligncenter size-full is-resized\"><img loading=\"lazy\" decoding=\"async\" width=\"512\" height=\"512\" src=\"https:\/\/ciguawatch.ilm.pf\/wp-content\/uploads\/2021\/12\/SAMOA.png\" alt=\"\" class=\"wp-image-441\" style=\"width:256px;height:256px\" srcset=\"https:\/\/ciguawatch.ilm.pf\/wp-content\/uploads\/2021\/12\/SAMOA.png 512w, https:\/\/ciguawatch.ilm.pf\/wp-content\/uploads\/2021\/12\/SAMOA-300x300.png 300w, https:\/\/ciguawatch.ilm.pf\/wp-content\/uploads\/2021\/12\/SAMOA-150x150.png 150w\" sizes=\"auto, (max-width: 512px) 100vw, 512px\" \/><\/figure>\n<\/div>\n\n\n<div class=\"wp-block-group island-flag-map\"><div class=\"wp-block-group__inner-container is-layout-flow wp-block-group-is-layout-flow\">\n<figure class=\"wp-block-image size-full island-flag\"><img loading=\"lazy\" decoding=\"async\" width=\"320\" height=\"160\" src=\"https:\/\/ciguawatch.ilm.pf\/wp-content\/uploads\/2022\/01\/Samoa-flag.png\" alt=\"\" class=\"wp-image-1079\" srcset=\"https:\/\/ciguawatch.ilm.pf\/wp-content\/uploads\/2022\/01\/Samoa-flag.png 320w, https:\/\/ciguawatch.ilm.pf\/wp-content\/uploads\/2022\/01\/Samoa-flag-300x150.png 300w\" sizes=\"auto, (max-width: 320px) 100vw, 320px\" \/><\/figure>\n\n\n\n<h5 class=\"wp-block-heading\" id=\"samoa-islands\"><meta charset=\"utf-8\">Samoa<\/h5>\n\n\n\n<p><\/p>\n<\/div><\/div>\n<\/div><\/div>\n\n\n\n<div class=\"wp-block-group\"><div class=\"wp-block-group__inner-container is-layout-flow wp-block-group-is-layout-flow\"><div class=\"wp-block-image\">\n<figure class=\"aligncenter size-full is-resized\"><img loading=\"lazy\" decoding=\"async\" width=\"300\" height=\"300\" src=\"https:\/\/ciguawatch.ilm.pf\/wp-content\/uploads\/2025\/06\/TONGA-300x300-1.png\" alt=\"\" class=\"wp-image-400642\" style=\"width:216px;height:auto\" srcset=\"https:\/\/ciguawatch.ilm.pf\/wp-content\/uploads\/2025\/06\/TONGA-300x300-1.png 300w, https:\/\/ciguawatch.ilm.pf\/wp-content\/uploads\/2025\/06\/TONGA-300x300-1-150x150.png 150w\" sizes=\"auto, (max-width: 300px) 100vw, 300px\" \/><\/figure>\n<\/div>\n\n\n<div class=\"wp-block-group island-flag-map\"><div class=\"wp-block-group__inner-container is-layout-flow wp-block-group-is-layout-flow\">\n<figure class=\"wp-block-image size-full island-flag\"><img loading=\"lazy\" decoding=\"async\" width=\"960\" height=\"480\" src=\"https:\/\/ciguawatch.ilm.pf\/wp-content\/uploads\/2025\/06\/Flag_of_Tonga.svg_.png\" alt=\"\" class=\"wp-image-400643\" style=\"object-fit:cover\" srcset=\"https:\/\/ciguawatch.ilm.pf\/wp-content\/uploads\/2025\/06\/Flag_of_Tonga.svg_.png 960w, https:\/\/ciguawatch.ilm.pf\/wp-content\/uploads\/2025\/06\/Flag_of_Tonga.svg_-300x150.png 300w, https:\/\/ciguawatch.ilm.pf\/wp-content\/uploads\/2025\/06\/Flag_of_Tonga.svg_-768x384.png 768w\" sizes=\"auto, (max-width: 960px) 100vw, 960px\" \/><\/figure>\n\n\n\n<h5 class=\"wp-block-heading has-text-align-left\" id=\"fiji\">Tonga<\/h5>\n<\/div><\/div>\n<\/div><\/div>\n<\/div>\n<\/div>\n\n\n\n<p class=\"has-text-align-center\">Vous souhaitez devenir membre de l\u2019initiative?<\/p>\n\n\n\n<div class=\"wp-block-buttons pb-4 is-horizontal is-content-justification-center is-layout-flex wp-container-core-buttons-is-layout-499968f5 wp-block-buttons-is-layout-flex\">\n<div class=\"wp-block-button\"><a class=\"wp-block-button__link has-accent-background-color has-background wp-element-button\" href=\"https:\/\/ciguawatch.ilm.pf\/fr\/contact-2\/\" style=\"border-radius:5px\"><strong><strong>Demandez votre inscription<\/strong><\/strong><\/a><\/div>\n<\/div>\n<\/div><\/div>\n<\/div><\/div>\n\n\n\n<div class=\"wp-block-group accordion-item leader has-base-3-background-color has-background\"><div class=\"wp-block-group__inner-container is-layout-flow wp-block-group-is-layout-flow\">\n<h4 class=\"wp-block-heading accordion-header\" id=\"leader\"><strong><strong><strong>Organisme promoteur de l\u2019initiative Ciguawatch<\/strong><\/strong><\/strong><\/h4>\n\n\n\n<div class=\"wp-block-group accordion-body partners-logos pt-5\"><div class=\"wp-block-group__inner-container is-layout-flow wp-block-group-is-layout-flow\">\n<div class=\"wp-block-columns is-layout-flex wp-container-core-columns-is-layout-9d6595d7 wp-block-columns-is-layout-flex\">\n<div class=\"wp-block-column is-layout-flow wp-block-column-is-layout-flow\"><div class=\"wp-block-image img-link\">\n<figure class=\"alignleft size-medium is-resized\"><a href=\"https:\/\/www.ilm.pf\" target=\"_blank\" rel=\"noopener\"><img loading=\"lazy\" decoding=\"async\" width=\"300\" height=\"300\" src=\"https:\/\/ciguawatch.ilm.pf\/\/wp-content\/uploads\/2021\/12\/ILM-LOGO-1-300x300.png\" alt=\"\" class=\"wp-image-378\" style=\"width:160px;height:auto\" srcset=\"https:\/\/ciguawatch.ilm.pf\/wp-content\/uploads\/2021\/12\/ILM-LOGO-1-300x300.png 300w, https:\/\/ciguawatch.ilm.pf\/wp-content\/uploads\/2021\/12\/ILM-LOGO-1-150x150.png 150w, https:\/\/ciguawatch.ilm.pf\/wp-content\/uploads\/2021\/12\/ILM-LOGO-1.png 512w\" sizes=\"auto, (max-width: 300px) 100vw, 300px\" \/><\/a><\/figure>\n<\/div>\n\n<div class=\"wp-block-image img-link\">\n<figure class=\"alignleft size-medium is-resized\"><img loading=\"lazy\" decoding=\"async\" width=\"300\" height=\"188\" src=\"https:\/\/ciguawatch.ilm.pf\/wp-content\/uploads\/2024\/02\/Logo-SECOPOL-1-300x188.png\" alt=\"\" class=\"wp-image-15206\" style=\"width:265px;height:auto\" srcset=\"https:\/\/ciguawatch.ilm.pf\/wp-content\/uploads\/2024\/02\/Logo-SECOPOL-1-300x188.png 300w, https:\/\/ciguawatch.ilm.pf\/wp-content\/uploads\/2024\/02\/Logo-SECOPOL-1-1024x642.png 1024w, https:\/\/ciguawatch.ilm.pf\/wp-content\/uploads\/2024\/02\/Logo-SECOPOL-1-768x482.png 768w, https:\/\/ciguawatch.ilm.pf\/wp-content\/uploads\/2024\/02\/Logo-SECOPOL-1-1536x964.png 1536w, https:\/\/ciguawatch.ilm.pf\/wp-content\/uploads\/2024\/02\/Logo-SECOPOL-1-2048x1285.png 2048w\" sizes=\"auto, (max-width: 300px) 100vw, 300px\" \/><\/figure>\n<\/div><\/div>\n\n\n\n<div class=\"wp-block-column is-layout-flow wp-block-column-is-layout-flow\"><\/div>\n<\/div>\n<\/div><\/div>\n<\/div><\/div>\n\n\n\n<div class=\"wp-block-group accordion-item financial has-base-2-background-color has-background\"><div class=\"wp-block-group__inner-container is-layout-flow wp-block-group-is-layout-flow\">\n<h4 class=\"wp-block-heading accordion-header\" id=\"financial-partners\"><strong><strong><strong>Partenaires financiers<\/strong><\/strong><\/strong><\/h4>\n\n\n\n<div class=\"wp-block-group accordion-body partners-logos pt-5\"><div class=\"wp-block-group__inner-container is-layout-flow wp-block-group-is-layout-flow\">\n<div class=\"wp-block-columns is-layout-flex wp-container-core-columns-is-layout-9d6595d7 wp-block-columns-is-layout-flex\">\n<div class=\"wp-block-column is-vertically-aligned-center is-layout-flow wp-block-column-is-layout-flow\"><div class=\"wp-block-image img-link\">\n<figure class=\"aligncenter size-medium is-resized\"><a href=\"https:\/\/www.service-public.pf\/voir\/annuaire\/rec-delegation-a-la-recherche\/\"><img loading=\"lazy\" decoding=\"async\" width=\"300\" height=\"151\" src=\"https:\/\/ciguawatch.ilm.pf\/wp-content\/uploads\/2022\/01\/PF-DRPF-300x151.png\" alt=\"\" class=\"wp-image-1104\" style=\"width:240px;height:119px\" srcset=\"https:\/\/ciguawatch.ilm.pf\/wp-content\/uploads\/2022\/01\/PF-DRPF-300x151.png 300w, https:\/\/ciguawatch.ilm.pf\/wp-content\/uploads\/2022\/01\/PF-DRPF.png 387w\" sizes=\"auto, (max-width: 300px) 100vw, 300px\" \/><\/a><\/figure>\n<\/div><\/div>\n\n\n\n<div class=\"wp-block-column is-vertically-aligned-center is-layout-flow wp-block-column-is-layout-flow\"><div class=\"wp-block-image img-link\">\n<figure class=\"aligncenter size-medium is-resized\"><a href=\"https:\/\/www.afd.fr\/fr\" target=\"_blank\" rel=\"noopener\"><img loading=\"lazy\" decoding=\"async\" width=\"300\" height=\"133\" src=\"https:\/\/ciguawatch.ilm.pf\/\/wp-content\/uploads\/2021\/12\/AFD-300x133.png\" alt=\"\" class=\"wp-image-430\" style=\"width:253px;height:112px\" srcset=\"https:\/\/ciguawatch.ilm.pf\/wp-content\/uploads\/2021\/12\/AFD-300x133.png 300w, https:\/\/ciguawatch.ilm.pf\/wp-content\/uploads\/2021\/12\/AFD-1024x453.png 1024w, https:\/\/ciguawatch.ilm.pf\/wp-content\/uploads\/2021\/12\/AFD-768x340.png 768w, https:\/\/ciguawatch.ilm.pf\/wp-content\/uploads\/2021\/12\/AFD.png 1200w\" sizes=\"auto, (max-width: 300px) 100vw, 300px\" \/><\/a><\/figure>\n<\/div><\/div>\n\n\n\n<div class=\"wp-block-column is-vertically-aligned-center is-layout-flow wp-block-column-is-layout-flow\"><div class=\"wp-block-image img-link\">\n<figure class=\"aligncenter size-medium is-resized\"><a href=\"http:\/\/www.upf.pf\/fr\" target=\"_blank\" rel=\"noopener\"><img loading=\"lazy\" decoding=\"async\" width=\"300\" height=\"162\" src=\"https:\/\/ciguawatch.ilm.pf\/wp-content\/uploads\/2021\/12\/UPF-logo-300x162.png\" alt=\"\" class=\"wp-image-522\" style=\"width:208px;height:112px\" srcset=\"https:\/\/ciguawatch.ilm.pf\/wp-content\/uploads\/2021\/12\/UPF-logo-300x162.png 300w, https:\/\/ciguawatch.ilm.pf\/wp-content\/uploads\/2021\/12\/UPF-logo.png 512w\" sizes=\"auto, (max-width: 300px) 100vw, 300px\" \/><\/a><\/figure>\n<\/div><\/div>\n<\/div>\n<\/div><\/div>\n<\/div><\/div>\n\n\n\n<div class=\"wp-block-group accordion-item support\"><div class=\"wp-block-group__inner-container is-layout-flow wp-block-group-is-layout-flow\">\n<h4 class=\"wp-block-heading accordion-header\" id=\"with-the-support-of\"><strong><strong>Avec le soutien de<\/strong><\/strong><\/h4>\n\n\n\n<div class=\"wp-block-group alignwide accordion-body p-5 d-inline-block\"><div class=\"wp-block-group__inner-container is-layout-flow wp-block-group-is-layout-flow\"><div class=\"wp-block-image img-link\">\n<figure class=\"alignleft size-medium is-resized\"><a href=\"https:\/\/www.spc.int\/\" target=\"_blank\" rel=\"noopener\"><img loading=\"lazy\" decoding=\"async\" width=\"300\" height=\"146\" src=\"https:\/\/ciguawatch.ilm.pf\/\/wp-content\/uploads\/2021\/12\/SPC-300x146.png\" alt=\"\" class=\"wp-image-432\" style=\"width:286px;height:140px\" srcset=\"https:\/\/ciguawatch.ilm.pf\/wp-content\/uploads\/2021\/12\/SPC-300x146.png 300w, https:\/\/ciguawatch.ilm.pf\/wp-content\/uploads\/2021\/12\/SPC-1024x498.png 1024w, https:\/\/ciguawatch.ilm.pf\/wp-content\/uploads\/2021\/12\/SPC-768x373.png 768w, https:\/\/ciguawatch.ilm.pf\/wp-content\/uploads\/2021\/12\/SPC-1536x747.png 1536w, https:\/\/ciguawatch.ilm.pf\/wp-content\/uploads\/2021\/12\/SPC-2048x996.png 2048w\" sizes=\"auto, (max-width: 300px) 100vw, 300px\" \/><\/a><\/figure>\n<\/div><\/div><\/div>\n<\/div><\/div>\n<\/div><\/div>\n","protected":false},"excerpt":{"rendered":"<p>Institut Louis Malard\u00e9 &#8211; Laboratoire de recherche sur les biotoxines marines Cl\u00e9mence GATTI HOWELL, Dr. Sc.Charg\u00e9e de Recherche Conceptrice et administratricede la plateforme EXPERTISE H. Taiana DARIUS, Dr. Sc., HDRDirectrice de Recherche Reviewer EXPERTISE Mireille CHINAIN, Dr. Sc., HDRDirectrice de Laboratoire Reviewer et superviseur du programme EXPERTISE En savoir plus sur le Laboratoire des Biotoxines &#8230; <a title=\"Responsables de l\u2019initiative Ciguawatch\" class=\"read-more\" href=\"https:\/\/ciguawatch.ilm.pf\/fr\/team-leaders-of-the-ciguawatch-initiative\/\" aria-label=\"En savoir plus sur Responsables de l\u2019initiative Ciguawatch\">Lire la suite<\/a><\/p>\n","protected":false},"author":1,"featured_media":1254,"parent":0,"menu_order":0,"comment_status":"closed","ping_status":"closed","template":"","meta":{"footnotes":""},"tags":[],"class_list":["post-371","page","type-page","status-publish","has-post-thumbnail"],"translation":{"provider":"WPGlobus","version":"3.0.0","language":"fr","enabled_languages":["en","fr"],"languages":{"en":{"title":true,"content":true,"excerpt":false},"fr":{"title":true,"content":true,"excerpt":false}}},"_links":{"self":[{"href":"https:\/\/ciguawatch.ilm.pf\/fr\/wp-json\/wp\/v2\/pages\/371","targetHints":{"allow":["GET"]}}],"collection":[{"href":"https:\/\/ciguawatch.ilm.pf\/fr\/wp-json\/wp\/v2\/pages"}],"about":[{"href":"https:\/\/ciguawatch.ilm.pf\/fr\/wp-json\/wp\/v2\/types\/page"}],"author":[{"embeddable":true,"href":"https:\/\/ciguawatch.ilm.pf\/fr\/wp-json\/wp\/v2\/users\/1"}],"replies":[{"embeddable":true,"href":"https:\/\/ciguawatch.ilm.pf\/fr\/wp-json\/wp\/v2\/comments?post=371"}],"version-history":[{"count":13,"href":"https:\/\/ciguawatch.ilm.pf\/fr\/wp-json\/wp\/v2\/pages\/371\/revisions"}],"predecessor-version":[{"id":400668,"href":"https:\/\/ciguawatch.ilm.pf\/fr\/wp-json\/wp\/v2\/pages\/371\/revisions\/400668"}],"wp:featuredmedia":[{"embeddable":true,"href":"https:\/\/ciguawatch.ilm.pf\/fr\/wp-json\/wp\/v2\/media\/1254"}],"wp:attachment":[{"href":"https:\/\/ciguawatch.ilm.pf\/fr\/wp-json\/wp\/v2\/media?parent=371"}],"wp:term":[{"taxonomy":"post_tag","embeddable":true,"href":"https:\/\/ciguawatch.ilm.pf\/fr\/wp-json\/wp\/v2\/tags?post=371"}],"curies":[{"name":"wp","href":"https:\/\/api.w.org\/{rel}","templated":true}]}}