{"id":35,"date":"2021-10-07T01:44:52","date_gmt":"2021-10-07T01:44:52","guid":{"rendered":"https:\/\/ciguawatch.ilm.pf\/\/?page_id=35"},"modified":"2025-06-24T19:44:24","modified_gmt":"2025-06-24T19:44:24","slug":"home","status":"publish","type":"page","link":"https:\/\/ciguawatch.ilm.pf\/fr\/","title":{"rendered":"Accueil"},"content":{"rendered":"\n<div class=\"wp-block-group\"><div class=\"wp-block-group__inner-container is-layout-flow wp-block-group-is-layout-flow\">\n<div class=\"wp-block-cover alignfull is-light my-0\"><span aria-hidden=\"true\" class=\"wp-block-cover__background has-background-dim-100 has-background-dim has-background-gradient\" style=\"background:linear-gradient(316deg,rgb(9,84,157) 26%,rgb(0,185,208) 100%)\"><\/span><div class=\"wp-block-cover__inner-container is-layout-flow wp-block-cover-is-layout-flow\">\n<h1 class=\"wp-block-heading has-text-align-center has-global-color-10-color has-text-color\" id=\"the-pacific-ciguawatch-initiative\" style=\"font-size:45px\">L&rsquo;initiative Pacific CIGUAWATCH<\/h1>\n\n\n\n<h4 class=\"wp-block-heading has-text-align-center has-base-3-color has-text-color\" id=\"the-first-regional-platform-for-training-data-sharing-on-ciguatera-poisoning\"><em><em>La premi\u00e8re plateforme r\u00e9gionale de formation et de partage de donn\u00e9es sur la Ciguat\u00e9ra<\/em><\/em><\/h4>\n\n\n\n<div class=\"wp-block-buttons is-horizontal is-content-justification-center is-layout-flex wp-container-core-buttons-is-layout-499968f5 wp-block-buttons-is-layout-flex\">\n<div class=\"wp-block-button\"><a class=\"wp-block-button__link has-global-color-11-background-color has-background wp-element-button\" href=\"https:\/\/ciguawatch.ilm.pf\/fr\/the-pacific-ciguawatch-initiative\/\" style=\"border-radius:5px\">Rejoignez-nous !<\/a><\/div>\n<\/div>\n<\/div><\/div>\n\n\n\n<div class=\"wp-block-group alignfull my-0 p-3 has-global-color-10-background-color has-background\"><div class=\"wp-block-group__inner-container is-layout-flow wp-block-group-is-layout-flow\">\n<div class=\"wp-block-group post-list p-0\"><div class=\"wp-block-group__inner-container is-layout-flow wp-block-group-is-layout-flow\">\n<div class=\"wp-block-group p-4 shadow-sm has-base-3-background-color has-background\"><div class=\"wp-block-group__inner-container is-layout-flow wp-block-group-is-layout-flow\">\n<div class=\"wp-block-group p-0\"><div class=\"wp-block-group__inner-container is-layout-flow wp-block-group-is-layout-flow\"><div class=\"wp-block-image\">\n<figure class=\"aligncenter size-large\"><img loading=\"lazy\" decoding=\"async\" width=\"1024\" height=\"576\" src=\"https:\/\/ciguawatch.ilm.pf\/wp-content\/uploads\/2022\/01\/6-Espace-Joindre-linitiative-ciguawatch-1024x576.jpg\" alt=\"\" class=\"wp-image-1254\" srcset=\"https:\/\/ciguawatch.ilm.pf\/wp-content\/uploads\/2022\/01\/6-Espace-Joindre-linitiative-ciguawatch-1024x576.jpg 1024w, https:\/\/ciguawatch.ilm.pf\/wp-content\/uploads\/2022\/01\/6-Espace-Joindre-linitiative-ciguawatch-300x169.jpg 300w, https:\/\/ciguawatch.ilm.pf\/wp-content\/uploads\/2022\/01\/6-Espace-Joindre-linitiative-ciguawatch-768x432.jpg 768w, https:\/\/ciguawatch.ilm.pf\/wp-content\/uploads\/2022\/01\/6-Espace-Joindre-linitiative-ciguawatch.jpg 1320w\" sizes=\"auto, (max-width: 1024px) 100vw, 1024px\" \/><\/figure>\n<\/div>\n\n\n<h5 class=\"wp-block-heading has-text-align-left\" id=\"team-leaders-and-participating-countries\">Responsables de l&rsquo;initiative et Pays participants<\/h5>\n<\/div><\/div>\n\n\n\n<div class=\"wp-block-buttons is-horizontal is-content-justification-center is-layout-flex wp-container-core-buttons-is-layout-499968f5 wp-block-buttons-is-layout-flex\">\n<div class=\"wp-block-button\"><a class=\"wp-block-button__link has-accent-background-color has-background wp-element-button\" href=\"https:\/\/ciguawatch.ilm.pf\/fr\/team-leaders-of-the-ciguawatch-initiative\/\" style=\"border-radius:5px\">Rencontrer l&rsquo;\u00e9quipe<\/a><\/div>\n<\/div>\n<\/div><\/div>\n\n\n\n<div class=\"wp-block-group p-4 shadow-sm has-base-3-background-color has-background\"><div class=\"wp-block-group__inner-container is-layout-flow wp-block-group-is-layout-flow\">\n<div class=\"wp-block-group p-0\"><div class=\"wp-block-group__inner-container is-layout-flow wp-block-group-is-layout-flow\"><div class=\"wp-block-image\">\n<figure class=\"aligncenter size-large\"><img loading=\"lazy\" decoding=\"async\" width=\"1024\" height=\"576\" src=\"https:\/\/ciguawatch.ilm.pf\/wp-content\/uploads\/2022\/01\/1-Acquisition-des-connaissances-de-base-1024x576.jpg\" alt=\"\" class=\"wp-image-1258\" srcset=\"https:\/\/ciguawatch.ilm.pf\/wp-content\/uploads\/2022\/01\/1-Acquisition-des-connaissances-de-base-1024x576.jpg 1024w, https:\/\/ciguawatch.ilm.pf\/wp-content\/uploads\/2022\/01\/1-Acquisition-des-connaissances-de-base-300x169.jpg 300w, https:\/\/ciguawatch.ilm.pf\/wp-content\/uploads\/2022\/01\/1-Acquisition-des-connaissances-de-base-768x432.jpg 768w, https:\/\/ciguawatch.ilm.pf\/wp-content\/uploads\/2022\/01\/1-Acquisition-des-connaissances-de-base.jpg 1320w\" sizes=\"auto, (max-width: 1024px) 100vw, 1024px\" \/><\/figure>\n<\/div>\n\n\n<h5 class=\"wp-block-heading has-text-align-left\" id=\"ciguatera-poisoning-learn-the-fundamentals\"><strong>LES FONDAMENTAUX <\/strong>sur la Ciguat\u00e9ra<\/h5>\n<\/div><\/div>\n\n\n\n<div class=\"wp-block-buttons is-horizontal is-content-justification-center is-layout-flex wp-container-core-buttons-is-layout-499968f5 wp-block-buttons-is-layout-flex\">\n<div class=\"wp-block-button\"><a class=\"wp-block-button__link has-accent-background-color has-background wp-element-button\" href=\"https:\/\/ciguawatch.ilm.pf\/fr\/starter-pack-base-knowledge-on-ciguatera\/\" style=\"border-radius:5px\">Cours en ligne<\/a><\/div>\n<\/div>\n<\/div><\/div>\n\n\n\n<div class=\"wp-block-group p-4 shadow-sm has-base-3-background-color has-background\"><div class=\"wp-block-group__inner-container is-layout-flow wp-block-group-is-layout-flow\">\n<div class=\"wp-block-group p-0\"><div class=\"wp-block-group__inner-container is-layout-flow wp-block-group-is-layout-flow\"><div class=\"wp-block-image\">\n<figure class=\"aligncenter size-large\"><img loading=\"lazy\" decoding=\"async\" width=\"1024\" height=\"576\" src=\"https:\/\/ciguawatch.ilm.pf\/wp-content\/uploads\/2022\/01\/3-Tutos-surveillance-epide\u0301mio-et-environnementale-1-1024x576.jpg\" alt=\"\" class=\"wp-image-1264\" srcset=\"https:\/\/ciguawatch.ilm.pf\/wp-content\/uploads\/2022\/01\/3-Tutos-surveillance-epide\u0301mio-et-environnementale-1-1024x576.jpg 1024w, https:\/\/ciguawatch.ilm.pf\/wp-content\/uploads\/2022\/01\/3-Tutos-surveillance-epide\u0301mio-et-environnementale-1-300x169.jpg 300w, https:\/\/ciguawatch.ilm.pf\/wp-content\/uploads\/2022\/01\/3-Tutos-surveillance-epide\u0301mio-et-environnementale-1-768x432.jpg 768w, https:\/\/ciguawatch.ilm.pf\/wp-content\/uploads\/2022\/01\/3-Tutos-surveillance-epide\u0301mio-et-environnementale-1.jpg 1320w\" sizes=\"auto, (max-width: 1024px) 100vw, 1024px\" \/><\/figure>\n<\/div>\n\n\n<h5 class=\"wp-block-heading has-text-align-left\" id=\"access-to-online-trainings-on-the-epidemiological-surveillance-and-environmental-monitoring-of-ciguatera-with-our-free-tutorials\">Formez-vous \u00e0 la surveillance \u00e9pid\u00e9miologique et environnementale de la Ciguat\u00e9ra avec nos <strong>TUTORIELS <\/strong><\/h5>\n<\/div><\/div>\n\n\n\n<div class=\"wp-block-buttons is-horizontal is-content-justification-center is-layout-flex wp-container-core-buttons-is-layout-499968f5 wp-block-buttons-is-layout-flex\">\n<div class=\"wp-block-button\"><a class=\"wp-block-button__link has-accent-background-color has-background wp-element-button\" href=\"https:\/\/ciguawatch.ilm.pf\/fr\/ciguatera-environmental-monitoring-methodology-2\/\" style=\"border-radius:5px\">Acc\u00e9der aux tutos<\/a><\/div>\n<\/div>\n<\/div><\/div>\n\n\n\n<div class=\"wp-block-group p-4 shadow-sm has-base-3-background-color has-background\"><div class=\"wp-block-group__inner-container is-layout-flow wp-block-group-is-layout-flow\">\n<div class=\"wp-block-group p-0\"><div class=\"wp-block-group__inner-container is-layout-flow wp-block-group-is-layout-flow\"><div class=\"wp-block-image\">\n<figure class=\"aligncenter size-large\"><img loading=\"lazy\" decoding=\"async\" width=\"1024\" height=\"576\" src=\"https:\/\/ciguawatch.ilm.pf\/wp-content\/uploads\/2022\/01\/2-Espace-de\u0301die\u0301-aux-supports-dinformation-1024x576.jpg\" alt=\"\" class=\"wp-image-1262\" srcset=\"https:\/\/ciguawatch.ilm.pf\/wp-content\/uploads\/2022\/01\/2-Espace-de\u0301die\u0301-aux-supports-dinformation-1024x576.jpg 1024w, https:\/\/ciguawatch.ilm.pf\/wp-content\/uploads\/2022\/01\/2-Espace-de\u0301die\u0301-aux-supports-dinformation-300x169.jpg 300w, https:\/\/ciguawatch.ilm.pf\/wp-content\/uploads\/2022\/01\/2-Espace-de\u0301die\u0301-aux-supports-dinformation-768x432.jpg 768w, https:\/\/ciguawatch.ilm.pf\/wp-content\/uploads\/2022\/01\/2-Espace-de\u0301die\u0301-aux-supports-dinformation.jpg 1320w\" sizes=\"auto, (max-width: 1024px) 100vw, 1024px\" \/><\/figure>\n<\/div>\n\n\n<h5 class=\"wp-block-heading has-text-align-left\" id=\"support-on-how-to-develop-information-and-awareness-materials-on-ciguatera\">Conseils pour \u00e9laborer des <strong>SUPPORTS D\u2019INFORMATION ET DE SENSIBILISATION <\/strong>\u00e0 la Ciguat\u00e9ra<\/h5>\n<\/div><\/div>\n\n\n\n<div class=\"wp-block-buttons is-horizontal is-content-justification-center is-layout-flex wp-container-core-buttons-is-layout-499968f5 wp-block-buttons-is-layout-flex\">\n<div class=\"wp-block-button\"><a class=\"wp-block-button__link has-accent-background-color has-background wp-element-button\" href=\"https:\/\/ciguawatch.ilm.pf\/fr\/awareness-material\/\" style=\"border-radius:5px\">Acc\u00e9der \u00e0 la page<\/a><\/div>\n<\/div>\n<\/div><\/div>\n\n\n\n<div class=\"wp-block-group p-4 shadow-sm has-base-3-background-color has-background\"><div class=\"wp-block-group__inner-container is-layout-flow wp-block-group-is-layout-flow\">\n<div class=\"wp-block-group p-0\"><div class=\"wp-block-group__inner-container is-layout-flow wp-block-group-is-layout-flow\"><div class=\"wp-block-image\">\n<figure class=\"aligncenter size-large\"><img loading=\"lazy\" decoding=\"async\" width=\"1024\" height=\"576\" src=\"https:\/\/ciguawatch.ilm.pf\/wp-content\/uploads\/2022\/01\/7-Accompagnement-a\u0300-distance-1024x576.jpg\" alt=\"\" class=\"wp-image-1292\" srcset=\"https:\/\/ciguawatch.ilm.pf\/wp-content\/uploads\/2022\/01\/7-Accompagnement-a\u0300-distance-1024x576.jpg 1024w, https:\/\/ciguawatch.ilm.pf\/wp-content\/uploads\/2022\/01\/7-Accompagnement-a\u0300-distance-300x169.jpg 300w, https:\/\/ciguawatch.ilm.pf\/wp-content\/uploads\/2022\/01\/7-Accompagnement-a\u0300-distance-768x432.jpg 768w, https:\/\/ciguawatch.ilm.pf\/wp-content\/uploads\/2022\/01\/7-Accompagnement-a\u0300-distance.jpg 1320w\" sizes=\"auto, (max-width: 1024px) 100vw, 1024px\" \/><\/figure>\n<\/div>\n\n\n<h5 class=\"wp-block-heading has-text-align-left\" id=\"plan-a-customized-online-support-with-our-experts\"><strong>Planifiez <\/strong>votre <strong>ACCOMPAGNEMENT \u00c0 DISTANCE <\/strong>personnalis\u00e9 avec nos experts.<\/h5>\n<\/div><\/div>\n\n\n\n<div class=\"wp-block-buttons is-horizontal is-content-justification-center is-layout-flex wp-container-core-buttons-is-layout-499968f5 wp-block-buttons-is-layout-flex\">\n<div class=\"wp-block-button\"><a class=\"wp-block-button__link has-accent-background-color has-background wp-element-button\" href=\"https:\/\/ciguawatch.ilm.pf\/fr\/request-planning-of-live-meetings-with-our-team\/\" style=\"border-radius:5px\">Contactez nos experts<\/a><\/div>\n<\/div>\n<\/div><\/div>\n\n\n\n<div class=\"wp-block-group p-4 shadow-sm has-base-3-background-color has-background\"><div class=\"wp-block-group__inner-container is-layout-flow wp-block-group-is-layout-flow\">\n<div class=\"wp-block-group p-0\"><div class=\"wp-block-group__inner-container is-layout-flow wp-block-group-is-layout-flow\"><div class=\"wp-block-image\">\n<figure class=\"aligncenter size-large\"><img loading=\"lazy\" decoding=\"async\" width=\"1024\" height=\"676\" src=\"https:\/\/ciguawatch.ilm.pf\/\/wp-content\/uploads\/2021\/12\/Report-form-1024x676.jpg\" alt=\"\" class=\"wp-image-867\" srcset=\"https:\/\/ciguawatch.ilm.pf\/wp-content\/uploads\/2021\/12\/Report-form-1024x676.jpg 1024w, https:\/\/ciguawatch.ilm.pf\/wp-content\/uploads\/2021\/12\/Report-form-300x198.jpg 300w, https:\/\/ciguawatch.ilm.pf\/wp-content\/uploads\/2021\/12\/Report-form-768x507.jpg 768w, https:\/\/ciguawatch.ilm.pf\/wp-content\/uploads\/2021\/12\/Report-form.jpg 1320w\" sizes=\"auto, (max-width: 1024px) 100vw, 1024px\" \/><\/figure>\n<\/div>\n\n\n<h5 class=\"wp-block-heading has-text-align-left\" id=\"report-a-ciguatera-case-using-the-online-declaration-form\"><strong>Signalez<\/strong> un cas de Ciguat\u00e9ra gr\u00e2ce au <strong>FORMULAIRE DE DECLARATION <\/strong>en ligne<\/h5>\n<\/div><\/div>\n\n\n\n<div class=\"wp-block-buttons is-horizontal is-content-justification-center is-layout-flex wp-container-core-buttons-is-layout-499968f5 wp-block-buttons-is-layout-flex\">\n<div class=\"wp-block-button\"><a class=\"wp-block-button__link has-accent-background-color has-background wp-element-button\" href=\"https:\/\/ciguawatch-app.ilm.pf\/ciguawatch\/case\/report\/new\" style=\"border-radius:5px\">Acc\u00e9der au formulaire<\/a><\/div>\n<\/div>\n<\/div><\/div>\n\n\n\n<div class=\"wp-block-group p-4 shadow-sm has-accent-background-color has-background\"><div class=\"wp-block-group__inner-container is-layout-flow wp-block-group-is-layout-flow\">\n<div class=\"wp-block-group p-0\"><div class=\"wp-block-group__inner-container is-layout-flow wp-block-group-is-layout-flow\"><div class=\"wp-block-image\">\n<figure class=\"aligncenter size-large\"><img loading=\"lazy\" decoding=\"async\" width=\"1024\" height=\"676\" src=\"https:\/\/ciguawatch.ilm.pf\/\/wp-content\/uploads\/2021\/12\/cpmap-1024x676.jpg\" alt=\"\" class=\"wp-image-869\" srcset=\"https:\/\/ciguawatch.ilm.pf\/wp-content\/uploads\/2021\/12\/cpmap-1024x676.jpg 1024w, https:\/\/ciguawatch.ilm.pf\/wp-content\/uploads\/2021\/12\/cpmap-300x198.jpg 300w, https:\/\/ciguawatch.ilm.pf\/wp-content\/uploads\/2021\/12\/cpmap-768x507.jpg 768w, https:\/\/ciguawatch.ilm.pf\/wp-content\/uploads\/2021\/12\/cpmap.jpg 1320w\" sizes=\"auto, (max-width: 1024px) 100vw, 1024px\" \/><\/figure>\n<\/div>\n\n\n<h5 class=\"wp-block-heading has-text-align-left has-base-3-color has-text-color\" id=\"consult-the-regional-map-dashboard-of-fishing-areas-for-species-responsible-for-poisoning-filter-by-year-country-or-marine-species\"><strong><strong>CONSULTEZ LA CARTOGRAPHIE <\/strong>r\u00e9gionale des zones de p\u00eache d\u2019esp\u00e8ces responsables d\u2019intoxications<\/strong><\/h5>\n<\/div><\/div>\n\n\n\n<div class=\"wp-block-buttons is-horizontal is-content-justification-center is-layout-flex wp-container-core-buttons-is-layout-499968f5 wp-block-buttons-is-layout-flex\">\n<div class=\"wp-block-button\"><a class=\"wp-block-button__link has-base-3-color has-global-color-11-background-color has-text-color has-background wp-element-button\" href=\"https:\/\/ciguawatch-app.ilm.pf\/ciguawatch\/case\/map\" style=\"border-radius:5px\">Voir la carte et le tableau de bord<\/a><\/div>\n<\/div>\n<\/div><\/div>\n\n\n\n<div class=\"wp-block-group p-4 shadow-sm has-base-3-background-color has-background\"><div class=\"wp-block-group__inner-container is-layout-flow wp-block-group-is-layout-flow\">\n<div class=\"wp-block-group p-0\"><div class=\"wp-block-group__inner-container is-layout-flow wp-block-group-is-layout-flow\"><div class=\"wp-block-image\">\n<figure class=\"aligncenter size-large\"><img loading=\"lazy\" decoding=\"async\" width=\"1024\" height=\"576\" src=\"https:\/\/ciguawatch.ilm.pf\/wp-content\/uploads\/2022\/02\/5-Services-et-expertises-en-plus-1024x576.jpg\" alt=\"\" class=\"wp-image-1402\" srcset=\"https:\/\/ciguawatch.ilm.pf\/wp-content\/uploads\/2022\/02\/5-Services-et-expertises-en-plus-1024x576.jpg 1024w, https:\/\/ciguawatch.ilm.pf\/wp-content\/uploads\/2022\/02\/5-Services-et-expertises-en-plus-300x169.jpg 300w, https:\/\/ciguawatch.ilm.pf\/wp-content\/uploads\/2022\/02\/5-Services-et-expertises-en-plus-768x432.jpg 768w, https:\/\/ciguawatch.ilm.pf\/wp-content\/uploads\/2022\/02\/5-Services-et-expertises-en-plus.jpg 1320w\" sizes=\"auto, (max-width: 1024px) 100vw, 1024px\" \/><\/figure>\n<\/div>\n\n\n<h5 class=\"wp-block-heading has-text-align-left\" id=\"expertise-support-skill-transfer\"><strong>Expertises et transfert de comp\u00e9tences<\/strong><\/h5>\n\n\n\n<p><\/p>\n<\/div><\/div>\n\n\n\n<div class=\"wp-block-buttons is-horizontal is-content-justification-center is-layout-flex wp-container-core-buttons-is-layout-499968f5 wp-block-buttons-is-layout-flex\">\n<div class=\"wp-block-button\"><a class=\"wp-block-button__link has-accent-background-color has-background wp-element-button\" href=\"https:\/\/ciguawatch.ilm.pf\/fr\/expertise-support-skill-transfer\/\" style=\"border-radius:5px\">Expertises et Services<\/a><\/div>\n<\/div>\n<\/div><\/div>\n\n\n\n<div class=\"wp-block-group p-4 shadow-sm has-base-3-background-color has-background\"><div class=\"wp-block-group__inner-container is-layout-flow wp-block-group-is-layout-flow\">\n<div class=\"wp-block-group p-0\"><div class=\"wp-block-group__inner-container is-layout-flow wp-block-group-is-layout-flow\"><div class=\"wp-block-image\">\n<figure class=\"aligncenter size-large\"><img loading=\"lazy\" decoding=\"async\" width=\"1024\" height=\"576\" src=\"https:\/\/ciguawatch.ilm.pf\/wp-content\/uploads\/2022\/01\/4-Espace-de\u0301die\u0301-aux-partages-des-savoirs-traditionnels-1024x576.jpg\" alt=\"\" class=\"wp-image-1290\" srcset=\"https:\/\/ciguawatch.ilm.pf\/wp-content\/uploads\/2022\/01\/4-Espace-de\u0301die\u0301-aux-partages-des-savoirs-traditionnels-1024x576.jpg 1024w, https:\/\/ciguawatch.ilm.pf\/wp-content\/uploads\/2022\/01\/4-Espace-de\u0301die\u0301-aux-partages-des-savoirs-traditionnels-300x169.jpg 300w, https:\/\/ciguawatch.ilm.pf\/wp-content\/uploads\/2022\/01\/4-Espace-de\u0301die\u0301-aux-partages-des-savoirs-traditionnels-768x432.jpg 768w, https:\/\/ciguawatch.ilm.pf\/wp-content\/uploads\/2022\/01\/4-Espace-de\u0301die\u0301-aux-partages-des-savoirs-traditionnels.jpg 1320w\" sizes=\"auto, (max-width: 1024px) 100vw, 1024px\" \/><\/figure>\n<\/div>\n\n\n<h5 class=\"wp-block-heading has-text-align-left\" id=\"contribute-to-the-development-of-a-regional-database-on-ciguatera-traditional-knowledge\">Contribuez au d\u00e9veloppement d&rsquo;une<strong> base de donn\u00e9es r\u00e9gionale <\/strong>regroupant <strong>LES SAVOIRS TRADITIONNELS <\/strong>sur la Ciguat\u00e9ra<\/h5>\n<\/div><\/div>\n\n\n\n<div class=\"wp-block-buttons is-horizontal is-content-justification-center is-layout-flex wp-container-core-buttons-is-layout-499968f5 wp-block-buttons-is-layout-flex\">\n<div class=\"wp-block-button\"><a class=\"wp-block-button__link has-accent-background-color has-background wp-element-button\" href=\"https:\/\/ciguawatch.ilm.pf\/fr\/sharing-traditional-knowledge-on-ciguatera\/\" style=\"border-radius:5px\">Int\u00e9grer le programme <\/a><\/div>\n<\/div>\n<\/div><\/div>\n<\/div><\/div>\n<\/div><\/div>\n\n\n\n<div class=\"wp-block-group py-5 my-0 w-100 has-base-2-background-color has-background\"><div class=\"wp-block-group__inner-container is-layout-flow wp-block-group-is-layout-flow\">\n<h3 class=\"wp-block-heading has-text-align-center\" id=\"leading-support\">Direction et soutien<\/h3>\n\n\n\n<div class=\"wp-block-columns alignwide is-layout-flex wp-container-core-columns-is-layout-9d6595d7 wp-block-columns-is-layout-flex\" id=\"ilm-partners\">\n<div class=\"wp-block-column is-layout-flow wp-block-column-is-layout-flow\"><div class=\"wp-block-image\">\n<figure class=\"aligncenter size-medium is-resized\"><img loading=\"lazy\" decoding=\"async\" width=\"300\" height=\"300\" src=\"https:\/\/ciguawatch.ilm.pf\/\/wp-content\/uploads\/2021\/12\/ILM-LOGO-300x300.png\" alt=\"\" class=\"wp-image-374\" style=\"width:135px;height:135px\" srcset=\"https:\/\/ciguawatch.ilm.pf\/wp-content\/uploads\/2021\/12\/ILM-LOGO-300x300.png 300w, https:\/\/ciguawatch.ilm.pf\/wp-content\/uploads\/2021\/12\/ILM-LOGO-150x150.png 150w, https:\/\/ciguawatch.ilm.pf\/wp-content\/uploads\/2021\/12\/ILM-LOGO.png 512w\" sizes=\"auto, (max-width: 300px) 100vw, 300px\" \/><\/figure>\n<\/div>\n\n<div class=\"wp-block-image\">\n<figure class=\"aligncenter size-medium is-resized\"><img loading=\"lazy\" decoding=\"async\" width=\"300\" height=\"162\" src=\"https:\/\/ciguawatch.ilm.pf\/\/wp-content\/uploads\/2021\/12\/UPF-logo-300x162.png\" alt=\"\" class=\"wp-image-522\" style=\"width:160px;height:90px\" srcset=\"https:\/\/ciguawatch.ilm.pf\/wp-content\/uploads\/2021\/12\/UPF-logo-300x162.png 300w, https:\/\/ciguawatch.ilm.pf\/wp-content\/uploads\/2021\/12\/UPF-logo.png 512w\" sizes=\"auto, (max-width: 300px) 100vw, 300px\" \/><\/figure>\n<\/div><\/div>\n\n\n\n<div class=\"wp-block-column is-layout-flow wp-block-column-is-layout-flow\"><div class=\"wp-block-image\">\n<figure class=\"aligncenter size-medium is-resized\"><img loading=\"lazy\" decoding=\"async\" width=\"298\" height=\"300\" src=\"https:\/\/ciguawatch.ilm.pf\/\/wp-content\/uploads\/2021\/12\/Flag_of_French_Polynesia-298x300.png\" alt=\"\" class=\"wp-image-517\" style=\"width:135px;height:135px\" srcset=\"https:\/\/ciguawatch.ilm.pf\/wp-content\/uploads\/2021\/12\/Flag_of_French_Polynesia-298x300.png 298w, https:\/\/ciguawatch.ilm.pf\/wp-content\/uploads\/2021\/12\/Flag_of_French_Polynesia-150x150.png 150w, https:\/\/ciguawatch.ilm.pf\/wp-content\/uploads\/2021\/12\/Flag_of_French_Polynesia.png 512w\" sizes=\"auto, (max-width: 298px) 100vw, 298px\" \/><\/figure>\n<\/div>\n\n<div class=\"wp-block-image\">\n<figure class=\"aligncenter size-medium is-resized\"><img loading=\"lazy\" decoding=\"async\" width=\"300\" height=\"133\" src=\"https:\/\/ciguawatch.ilm.pf\/\/wp-content\/uploads\/2021\/12\/AFD-300x133.png\" alt=\"\" class=\"wp-image-430\" style=\"width:160px;height:75px\" srcset=\"https:\/\/ciguawatch.ilm.pf\/wp-content\/uploads\/2021\/12\/AFD-300x133.png 300w, https:\/\/ciguawatch.ilm.pf\/wp-content\/uploads\/2021\/12\/AFD-1024x453.png 1024w, https:\/\/ciguawatch.ilm.pf\/wp-content\/uploads\/2021\/12\/AFD-768x340.png 768w, https:\/\/ciguawatch.ilm.pf\/wp-content\/uploads\/2021\/12\/AFD.png 1200w\" sizes=\"auto, (max-width: 300px) 100vw, 300px\" \/><\/figure>\n<\/div><\/div>\n\n\n\n<div class=\"wp-block-column is-layout-flow wp-block-column-is-layout-flow\"><div class=\"wp-block-image\">\n<figure class=\"aligncenter size-medium is-resized\"><img loading=\"lazy\" decoding=\"async\" width=\"300\" height=\"146\" src=\"https:\/\/ciguawatch.ilm.pf\/\/wp-content\/uploads\/2021\/12\/SPC-300x146.png\" alt=\"\" class=\"wp-image-432\" style=\"width:210px;height:100px\" srcset=\"https:\/\/ciguawatch.ilm.pf\/wp-content\/uploads\/2021\/12\/SPC-300x146.png 300w, https:\/\/ciguawatch.ilm.pf\/wp-content\/uploads\/2021\/12\/SPC-1024x498.png 1024w, https:\/\/ciguawatch.ilm.pf\/wp-content\/uploads\/2021\/12\/SPC-768x373.png 768w, https:\/\/ciguawatch.ilm.pf\/wp-content\/uploads\/2021\/12\/SPC-1536x747.png 1536w, https:\/\/ciguawatch.ilm.pf\/wp-content\/uploads\/2021\/12\/SPC-2048x996.png 2048w\" sizes=\"auto, (max-width: 300px) 100vw, 300px\" \/><\/figure>\n<\/div>\n\n<div class=\"wp-block-image is-resized\">\n<figure class=\"aligncenter size-medium\"><a href=\"https:\/\/www.umr-secopol.com\/\"><img loading=\"lazy\" decoding=\"async\" width=\"300\" height=\"188\" src=\"https:\/\/ciguawatch.ilm.pf\/wp-content\/uploads\/2024\/02\/Logo-SECOPOL-300x188.png\" alt=\"\" class=\"wp-image-15203\" style=\"width:184px;height:auto\" srcset=\"https:\/\/ciguawatch.ilm.pf\/wp-content\/uploads\/2024\/02\/Logo-SECOPOL-300x188.png 300w, https:\/\/ciguawatch.ilm.pf\/wp-content\/uploads\/2024\/02\/Logo-SECOPOL-1024x642.png 1024w, https:\/\/ciguawatch.ilm.pf\/wp-content\/uploads\/2024\/02\/Logo-SECOPOL-768x482.png 768w, https:\/\/ciguawatch.ilm.pf\/wp-content\/uploads\/2024\/02\/Logo-SECOPOL-1536x964.png 1536w, https:\/\/ciguawatch.ilm.pf\/wp-content\/uploads\/2024\/02\/Logo-SECOPOL-2048x1285.png 2048w\" sizes=\"auto, (max-width: 300px) 100vw, 300px\" \/><\/a><\/figure>\n<\/div>\n\n\n<p><\/p>\n<\/div>\n<\/div>\n<\/div><\/div>\n<\/div><\/div>\n","protected":false},"excerpt":{"rendered":"<p>La premi\u00e8re plateforme r\u00e9gionale de formation et de partage de donn\u00e9es sur la Ciguat\u00e9ra<\/p>\n","protected":false},"author":1,"featured_media":0,"parent":0,"menu_order":0,"comment_status":"closed","ping_status":"closed","template":"","meta":{"footnotes":""},"tags":[],"class_list":["post-35","page","type-page","status-publish"],"translation":{"provider":"WPGlobus","version":"3.0.0","language":"fr","enabled_languages":["en","fr"],"languages":{"en":{"title":true,"content":true,"excerpt":true},"fr":{"title":true,"content":true,"excerpt":true}}},"_links":{"self":[{"href":"https:\/\/ciguawatch.ilm.pf\/fr\/wp-json\/wp\/v2\/pages\/35","targetHints":{"allow":["GET"]}}],"collection":[{"href":"https:\/\/ciguawatch.ilm.pf\/fr\/wp-json\/wp\/v2\/pages"}],"about":[{"href":"https:\/\/ciguawatch.ilm.pf\/fr\/wp-json\/wp\/v2\/types\/page"}],"author":[{"embeddable":true,"href":"https:\/\/ciguawatch.ilm.pf\/fr\/wp-json\/wp\/v2\/users\/1"}],"replies":[{"embeddable":true,"href":"https:\/\/ciguawatch.ilm.pf\/fr\/wp-json\/wp\/v2\/comments?post=35"}],"version-history":[{"count":4,"href":"https:\/\/ciguawatch.ilm.pf\/fr\/wp-json\/wp\/v2\/pages\/35\/revisions"}],"predecessor-version":[{"id":400672,"href":"https:\/\/ciguawatch.ilm.pf\/fr\/wp-json\/wp\/v2\/pages\/35\/revisions\/400672"}],"wp:attachment":[{"href":"https:\/\/ciguawatch.ilm.pf\/fr\/wp-json\/wp\/v2\/media?parent=35"}],"wp:term":[{"taxonomy":"post_tag","embeddable":true,"href":"https:\/\/ciguawatch.ilm.pf\/fr\/wp-json\/wp\/v2\/tags?post=35"}],"curies":[{"name":"wp","href":"https:\/\/api.w.org\/{rel}","templated":true}]}}