{"id":3,"date":"2021-10-06T03:50:10","date_gmt":"2021-10-06T03:50:10","guid":{"rendered":"https:\/\/ciguawatch.ilm.pf\/\/?page_id=3"},"modified":"2022-03-31T19:17:19","modified_gmt":"2022-03-31T19:17:19","slug":"privacy-policy","status":"publish","type":"page","link":"https:\/\/ciguawatch.ilm.pf\/fr\/privacy-policy\/","title":{"rendered":"Politique de confidentialit\u00e9"},"content":{"rendered":"\n<h3 class=\"wp-block-heading\"><strong>INTRODUCTION<\/strong><\/h3>\n\n\n\n<p>Devant le d\u00e9veloppement des nouveaux outils de communication, il est n\u00e9cessaire de porter une attention particuli\u00e8re \u00e0 la protection de la vie priv\u00e9e. C\u2019est pourquoi, nous nous engageons \u00e0 respecter la confidentialit\u00e9 des renseignements personnels que nous collectons.<\/p>\n\n\n\n<h3 class=\"wp-block-heading\"><strong>COLLECTE DES RENSEIGNEMENTS PERSONNELS<\/strong><\/h3>\n\n\n\n<p>Nous collectons les renseignements suivants :<\/p>\n\n\n\n<ul class=\"wp-block-list\"><li>Nom<\/li><li>Pr\u00e9nom<\/li><li>Adresse \u00e9lectronique<\/li><li>Adresse&nbsp;IP<\/li><\/ul>\n\n\n\n<p>Les renseignements personnels que nous collectons sont recueillis au travers de formulaires et gr\u00e2ce \u00e0 l\u2019interactivit\u00e9 \u00e9tablie entre vous et notre site Web. Nous utilisons \u00e9galement, comme indiqu\u00e9 dans la section suivante, des fichiers t\u00e9moins et\/ou journaux pour r\u00e9unir des informations vous concernant.<\/p>\n\n\n\n<h3 class=\"wp-block-heading\"><strong>FORMULAIRES\u00a0 ET INTERACTIVITE<\/strong><\/h3>\n\n\n\n<p>Vos renseignements personnels sont collect\u00e9s par le biais de formulaires sur les pages suivantes:<\/p>\n\n\n\n<ul class=\"wp-block-list\"><li>formulaire de contact<\/li><li>formulaire de demande d\u2019adh\u00e9sion<\/li><li>formulaire de demande de suivi \u00e0 distance<\/li><li>formulaire de demande d\u2019expertise<\/li><\/ul>\n\n\n\n<p><\/p>\n\n\n\n<p>Nous utilisons les renseignements ainsi collect\u00e9s pour les finalit\u00e9s suivantes :<\/p>\n\n\n\n<ul class=\"wp-block-list\"><li>r\u00e9pondre \u00e0 une demande de renseignement<\/li><\/ul>\n\n\n\n<p><\/p>\n\n\n\n<p>Vos renseignements sont \u00e9galement collect\u00e9s par le biais de l\u2019interactivit\u00e9 pouvant s\u2019\u00e9tablir entre vous et notre site Web et ce, de la fa\u00e7on suivante:<\/p>\n\n\n\n<ul class=\"wp-block-list\"><li>suivi Google Analytics<\/li><li>cookies<\/li><\/ul>\n\n\n\n<p><\/p>\n\n\n\n<h3 class=\"wp-block-heading\"><strong>FICHIERS JOURNAUX ET TEMOINS<\/strong><\/h3>\n\n\n\n<p>Nous recueillons certaines informations par le biais de fichiers journaux (log file) et de fichiers t\u00e9moins (cookies). Il s\u2019agit principalement des informations suivantes :<\/p>\n\n\n\n<ul class=\"wp-block-list\"><li>Adresse IP<\/li><li>Syst\u00e8me d\u2019exploitation<\/li><li>Pages visit\u00e9es et requ\u00eates<\/li><li>Heure et jour de connexion<\/li><\/ul>\n\n\n\n<p><\/p>\n\n\n\n<p>Le recours \u00e0 de tels fichiers nous permet :<\/p>\n\n\n\n<ul class=\"wp-block-list\"><li>d\u2019\u00e9tablir des statistiques<\/li><\/ul>\n\n\n\n<p><\/p>\n\n\n\n<h3 class=\"wp-block-heading\"><strong>DROIT D\u2019OPPOSITION ET DE RETRAIT<\/strong><\/h3>\n\n\n\n<p>Nous nous engageons \u00e0 vous offrir un droit d\u2019opposition et de retrait quant \u00e0 vos renseignements personnels.<br>Le droit d\u2019opposition s\u2019entend comme \u00e9tant la possibilit\u00e9 offerte aux internautes de refuser que leurs renseignements personnels soient utilis\u00e9s \u00e0 certaines fins mentionn\u00e9es lors de la collecte.<\/p>\n\n\n\n<p>Le droit de retrait s\u2019entend comme \u00e9tant la possibilit\u00e9 offerte aux internautes de demander \u00e0 ce que leurs renseignements personnels ne figurent plus, par exemple, dans une liste de diffusion.<\/p>\n\n\n\n<p>Pour pouvoir exercer ces droits, vous pouvez :<br>Courriel : ciguawatch@ilm.pf<br>T\u00e9l\u00e9phone : +689 40.41.64.58<br>Section du site web : rubrique Contact<\/p>\n\n\n\n<h3 class=\"wp-block-heading\"><strong>DROIT D\u2019ACCES<\/strong><\/h3>\n\n\n\n<p>Nous nous engageons \u00e0 reconna\u00eetre un droit d\u2019acc\u00e8s et de rectification aux personnes concern\u00e9es d\u00e9sireuses de consulter, modifier, voire radier les informations les concernant.<br>L\u2019exercice de ce droit se fera :<br>Courriel : ciguawatch@ilm.pf<br>T\u00e9l\u00e9phone : +689 40.41.64.58<br>Section du site web : rubrique Contact<\/p>\n\n\n\n<h3 class=\"wp-block-heading\"><strong>SECURITE<\/strong><\/h3>\n\n\n\n<p>Les renseignements personnels que nous collectons sont conserv\u00e9s dans un environnement s\u00e9curis\u00e9. Les personnes travaillant pour nous sont tenues de respecter la confidentialit\u00e9 de vos informations.<br>Pour assurer la s\u00e9curit\u00e9 de vos renseignements personnels, nous avons recours aux mesures suivantes :<\/p>\n\n\n\n<ul class=\"wp-block-list\"><li>Protocole SSL (Secure Sockets Layer)<\/li><li>Protocole SET (Secure Electronic Transaction)<\/li><li>Gestion des acc\u00e8s \u2013 personne autoris\u00e9e<\/li><li>Gestion des acc\u00e8s \u2013 personne concern\u00e9e<\/li><li>Logiciel de surveillance du r\u00e9seau<\/li><li>Sauvegarde informatique<\/li><li>D\u00e9veloppement de certificat num\u00e9rique<\/li><li>Identifiant \/ mot de passe<\/li><li>Pare-feu (Firewalls)<\/li><\/ul>\n\n\n\n<p><\/p>\n\n\n\n<p>Nous nous engageons \u00e0 maintenir un haut degr\u00e9 de confidentialit\u00e9 en int\u00e9grant les derni\u00e8res innovations technologiques permettant d\u2019assurer la confidentialit\u00e9 de vos transactions. Toutefois, comme aucun m\u00e9canisme n\u2019offre une s\u00e9curit\u00e9 maximale, une part de risque est toujours pr\u00e9sente lorsque l\u2019on utilise Internet pour transmettre des renseignements personnels.<\/p>\n\n\n\n<h3 class=\"wp-block-heading\"><strong>LEGISLATION<\/strong><\/h3>\n\n\n\n<p>Nous nous engageons \u00e0 respecter les dispositions l\u00e9gislatives en vigueurs, consultables \u00e0 partir du site de la <a href=\"https:\/\/www.cnil.fr\">CNIL<\/a><\/p>\n","protected":false},"excerpt":{"rendered":"<p>INTRODUCTION Devant le d\u00e9veloppement des nouveaux outils de communication, il est n\u00e9cessaire de porter une attention particuli\u00e8re \u00e0 la protection de la vie priv\u00e9e. C\u2019est pourquoi, nous nous engageons \u00e0 respecter la confidentialit\u00e9 des renseignements personnels que nous collectons. COLLECTE DES RENSEIGNEMENTS PERSONNELS Nous collectons les renseignements suivants : Nom Pr\u00e9nom Adresse \u00e9lectronique Adresse&nbsp;IP Les &#8230; <a title=\"Politique de confidentialit\u00e9\" class=\"read-more\" href=\"https:\/\/ciguawatch.ilm.pf\/fr\/privacy-policy\/\" aria-label=\"En savoir plus sur Politique de confidentialit\u00e9\">Lire la suite<\/a><\/p>\n","protected":false},"author":1,"featured_media":0,"parent":0,"menu_order":0,"comment_status":"closed","ping_status":"closed","template":"","meta":{"footnotes":""},"tags":[],"class_list":["post-3","page","type-page","status-publish"],"translation":{"provider":"WPGlobus","version":"3.0.0","language":"fr","enabled_languages":["en","fr"],"languages":{"en":{"title":true,"content":true,"excerpt":false},"fr":{"title":true,"content":true,"excerpt":false}}},"_links":{"self":[{"href":"https:\/\/ciguawatch.ilm.pf\/fr\/wp-json\/wp\/v2\/pages\/3","targetHints":{"allow":["GET"]}}],"collection":[{"href":"https:\/\/ciguawatch.ilm.pf\/fr\/wp-json\/wp\/v2\/pages"}],"about":[{"href":"https:\/\/ciguawatch.ilm.pf\/fr\/wp-json\/wp\/v2\/types\/page"}],"author":[{"embeddable":true,"href":"https:\/\/ciguawatch.ilm.pf\/fr\/wp-json\/wp\/v2\/users\/1"}],"replies":[{"embeddable":true,"href":"https:\/\/ciguawatch.ilm.pf\/fr\/wp-json\/wp\/v2\/comments?post=3"}],"version-history":[{"count":0,"href":"https:\/\/ciguawatch.ilm.pf\/fr\/wp-json\/wp\/v2\/pages\/3\/revisions"}],"wp:attachment":[{"href":"https:\/\/ciguawatch.ilm.pf\/fr\/wp-json\/wp\/v2\/media?parent=3"}],"wp:term":[{"taxonomy":"post_tag","embeddable":true,"href":"https:\/\/ciguawatch.ilm.pf\/fr\/wp-json\/wp\/v2\/tags?post=3"}],"curies":[{"name":"wp","href":"https:\/\/api.w.org\/{rel}","templated":true}]}}