{"id":194,"date":"2021-12-02T04:34:18","date_gmt":"2021-12-02T04:34:18","guid":{"rendered":"https:\/\/ciguawatch.ilm.pf\/\/?page_id=194"},"modified":"2021-12-02T04:34:18","modified_gmt":"2021-12-02T04:34:18","slug":"contact","status":"publish","type":"page","link":"https:\/\/ciguawatch.ilm.pf\/fr\/contact\/","title":{"rendered":"Contactez-nous"},"content":{"rendered":"<div class=\"wpforms-container wpforms-container-full wpforms-block\" id=\"wpforms-186\"><form id=\"wpforms-form-186\" class=\"wpforms-validate wpforms-form wpforms-ajax-form\" data-formid=\"186\" method=\"post\" enctype=\"multipart\/form-data\" action=\"\/fr\/wp-json\/wp\/v2\/pages\/194\" data-token=\"dc8ef736c429ab9b5a3b2e4f348d4703\" data-token-time=\"1775409026\"><noscript class=\"wpforms-error-noscript\">Veuillez activer JavaScript dans votre navigateur pour remplir ce formulaire.<\/noscript><div class=\"wpforms-field-container\"><div id=\"wpforms-186-field_0-container\" class=\"wpforms-field wpforms-field-name\" data-field-id=\"0\"><label class=\"wpforms-field-label wpforms-label-hide\" for=\"wpforms-186-field_0\">Nom <span class=\"wpforms-required-label\">*<\/span><\/label><div class=\"wpforms-field-row wpforms-field-medium\"><div class=\"wpforms-field-row-block wpforms-first wpforms-one-half\"><input type=\"text\" id=\"wpforms-186-field_0\" class=\"wpforms-field-name-first wpforms-field-required\" name=\"wpforms[fields][0][first]\" placeholder=\"Pr\u00e9nom\" required><label for=\"wpforms-186-field_0\" class=\"wpforms-field-sublabel after wpforms-sublabel-hide\">Pr\u00e9nom<\/label><\/div><div class=\"wpforms-field-row-block wpforms-one-half\"><input type=\"text\" id=\"wpforms-186-field_0-last\" class=\"wpforms-field-name-last wpforms-field-required\" name=\"wpforms[fields][0][last]\" placeholder=\"Nom\" required><label for=\"wpforms-186-field_0-last\" class=\"wpforms-field-sublabel after wpforms-sublabel-hide\">Nom<\/label><\/div><\/div><\/div><div id=\"wpforms-186-field_1-container\" class=\"wpforms-field wpforms-field-email\" data-field-id=\"1\"><label class=\"wpforms-field-label wpforms-label-hide\" for=\"wpforms-186-field_1\">E-mail <span class=\"wpforms-required-label\">*<\/span><\/label><div class=\"wpforms-field-row wpforms-field-medium\"><div class=\"wpforms-field-row-block wpforms-one-half wpforms-first\"><input type=\"email\" id=\"wpforms-186-field_1\" class=\"wpforms-field-required wpforms-field-email-primary\" name=\"wpforms[fields][1][primary]\" placeholder=\"Votre e-mail\" spellcheck=\"false\" required><label for=\"wpforms-186-field_1\" class=\"wpforms-field-sublabel after wpforms-sublabel-hide\">E-mail<\/label><\/div><div class=\"wpforms-field-row-block wpforms-one-half\"><input type=\"email\" id=\"wpforms-186-field_1-secondary\" class=\"wpforms-field-email-secondary wpforms-field-required\" data-rule-confirm=\"#wpforms-186-field_1\" name=\"wpforms[fields][1][secondary]\" placeholder=\"Confirmez votre e-mail\" spellcheck=\"false\" required><label for=\"wpforms-186-field_1-secondary\" class=\"wpforms-field-sublabel after wpforms-sublabel-hide\">Confirmez l\u2019e-mail<\/label><\/div><\/div><\/div><div id=\"wpforms-186-field_4-container\" class=\"wpforms-field wpforms-field-select wpforms-field-select-style-classic\" data-field-id=\"4\"><label class=\"wpforms-field-label\" for=\"wpforms-186-field_4\">Sujet <span class=\"wpforms-required-label\">*<\/span><\/label><select id=\"wpforms-186-field_4\" class=\"wpforms-field-medium wpforms-field-required\" name=\"wpforms[fields][4]\" required=\"required\"><option value=\"\" class=\"placeholder\" disabled  selected='selected'>S\u00e9lectionner<\/option><option value=\"Inscription au programme de partage des connaissances traditionnelles\" >Inscription au programme de partage des connaissances traditionnelles<\/option><option value=\"Information g\u00e9n\u00e9rale\" >Information g\u00e9n\u00e9rale<\/option><option value=\"Autre\" >Autre<\/option><\/select><\/div><div id=\"wpforms-186-field_2-container\" class=\"wpforms-field wpforms-field-textarea\" data-field-id=\"2\"><label class=\"wpforms-field-label wpforms-label-hide\" for=\"wpforms-186-field_2\">Votre message <span class=\"wpforms-required-label\">*<\/span><\/label><textarea id=\"wpforms-186-field_2\" class=\"wpforms-field-medium wpforms-field-required wpforms-limit-characters-enabled\" data-form-id=\"186\" data-field-id=\"2\" data-text-limit=\"2000\" name=\"wpforms[fields][2]\" placeholder=\"Inscrivez votre message ici (limit\u00e9 \u00e0 2 000 caract\u00e8res)\" maxlength=\"2000\" required><\/textarea><\/div><\/div><!-- .wpforms-field-container --><div class=\"wpforms-submit-container\" ><input type=\"hidden\" name=\"wpforms[id]\" value=\"186\"><input type=\"hidden\" name=\"page_title\" value=\"\"><input type=\"hidden\" name=\"page_url\" value=\"https:\/\/ciguawatch.ilm.pf\/fr\/wp-json\/wp\/v2\/pages\/194\"><input type=\"hidden\" name=\"url_referer\" value=\"\"><span class=\"wpcf7-form-control-wrap cf7ic-wpf kc_captcha\" data-name=\"kc_captcha\"><span class=\"wpcf7-form-control wpcf7-cf7ic\"><span class=\"captcha-image cf7ic-style1\" style=\"border:none;\"><span class=\"cf7ic_instructions\">Veuillez prouver que vous \u00eates humain en s\u00e9lectionnant <span>le c\u0153ur<\/span>:<span class=\"cf7ic-icon-wrapper\"><label><input aria-label=\"1\" type=\"radio\" name=\"kc_captcha\" value=\"e3666951d386a93e861b9d14f0cba2e1c1c5eb9400457bafe85b02bd2e1f52e1\" \/><i class=\"fa fa-home\"><\/i><\/label><label><input aria-label=\"2\" type=\"radio\" name=\"kc_captcha\" value=\"a54755d3012176349fcec6a398b7f8fb25163c67e8cd4a971634e4ab2a9c0194\" \/><i class=\"fa fa-heart\"><\/i><\/label><label><input aria-label=\"3\" type=\"radio\" name=\"kc_captcha\" value=\"0ebe8bc1bbe627cb052696307c5d7953b89dc6a8ac1eed3b54708c8635c9554b\" \/><i class=\"fa fa-plane\"><\/i><\/label><span aria-hidden=\"true\" class=\"ai1ic-fields\"><input type=\"hidden\" name=\"cf7ic_exists\" value=\"true\"\/><input type=\"hidden\" name=\"kc_key\" value=\"2PYyBdzK4a2J4f2hE7E3\"><input type=\"text\" name=\"kc_honeypot\" tabindex=\"-1\" value=\"\"><\/span><\/span><\/span><\/span><\/span><\/span><button type=\"submit\" name=\"wpforms[submit]\" id=\"wpforms-submit-186\" class=\"wpforms-submit\" data-alt-text=\"En cours d&#039;envoi...\" data-submit-text=\"Envoyer\" aria-live=\"assertive\" value=\"wpforms-submit\">Envoyer<\/button><img loading=\"lazy\" decoding=\"async\" src=\"https:\/\/ciguawatch.ilm.pf\/wp-content\/plugins\/wpforms-lite\/assets\/images\/submit-spin.svg\" class=\"wpforms-submit-spinner\" style=\"display: none;\" width=\"26\" height=\"26\" alt=\"Chargement en cours\"><\/div><\/form><\/div>  <!-- .wpforms-container -->","protected":false},"excerpt":{"rendered":"","protected":false},"author":1,"featured_media":0,"parent":0,"menu_order":0,"comment_status":"closed","ping_status":"closed","template":"","meta":{"footnotes":""},"tags":[],"class_list":["post-194","page","type-page","status-publish"],"translation":{"provider":"WPGlobus","version":"3.0.0","language":"fr","enabled_languages":["en","fr"],"languages":{"en":{"title":true,"content":true,"excerpt":false},"fr":{"title":true,"content":true,"excerpt":false}}},"_links":{"self":[{"href":"https:\/\/ciguawatch.ilm.pf\/fr\/wp-json\/wp\/v2\/pages\/194","targetHints":{"allow":["GET"]}}],"collection":[{"href":"https:\/\/ciguawatch.ilm.pf\/fr\/wp-json\/wp\/v2\/pages"}],"about":[{"href":"https:\/\/ciguawatch.ilm.pf\/fr\/wp-json\/wp\/v2\/types\/page"}],"author":[{"embeddable":true,"href":"https:\/\/ciguawatch.ilm.pf\/fr\/wp-json\/wp\/v2\/users\/1"}],"replies":[{"embeddable":true,"href":"https:\/\/ciguawatch.ilm.pf\/fr\/wp-json\/wp\/v2\/comments?post=194"}],"version-history":[{"count":0,"href":"https:\/\/ciguawatch.ilm.pf\/fr\/wp-json\/wp\/v2\/pages\/194\/revisions"}],"wp:attachment":[{"href":"https:\/\/ciguawatch.ilm.pf\/fr\/wp-json\/wp\/v2\/media?parent=194"}],"wp:term":[{"taxonomy":"post_tag","embeddable":true,"href":"https:\/\/ciguawatch.ilm.pf\/fr\/wp-json\/wp\/v2\/tags?post=194"}],"curies":[{"name":"wp","href":"https:\/\/api.w.org\/{rel}","templated":true}]}}