{"id":1266,"date":"2022-01-26T21:28:38","date_gmt":"2022-01-26T21:28:38","guid":{"rendered":"https:\/\/ciguawatch.ilm.pf\/?page_id=1266"},"modified":"2025-06-21T08:25:45","modified_gmt":"2025-06-21T08:25:45","slug":"ciguatera-environmental-monitoring-methodology-2","status":"publish","type":"page","link":"https:\/\/ciguawatch.ilm.pf\/fr\/ciguatera-environmental-monitoring-methodology-2\/","title":{"rendered":"M\u00e9thodologie de surveillance environnementale"},"content":{"rendered":"\n<h4 class=\"wp-block-heading has-text-color\" style=\"color:#c71658\"><strong>Objectifs du tutoriel<\/strong><\/h4>\n\n\n\n<p>Ce tutoriel propose un ensemble d\u2019outils et de conseils relatifs \u00e0 la surveillance environnementale des microalgues associ\u00e9es \u00e0 la ciguat\u00e9ra.<\/p>\n\n\n\n<div id=\"accordion-1\" class=\"wp-block-group accordion-flush shadow\"><div class=\"wp-block-group__inner-container is-layout-flow wp-block-group-is-layout-flow\">\n<div class=\"wp-block-group accordion-item\"><div class=\"wp-block-group__inner-container is-layout-flow wp-block-group-is-layout-flow\">\n<h3 class=\"wp-block-heading accordion-header\"><strong>Assemblage, d\u00e9ploiement et collecte des window-screens (ou substrats artificiels)&nbsp;<\/strong><\/h3>\n\n\n\n<div class=\"wp-block-group accordion-body\"><div class=\"wp-block-group__inner-container is-layout-flow wp-block-group-is-layout-flow\">\n<p>Les \u00ab&nbsp;Window screens&nbsp;\u00bb (WSs) sont des dispositifs d\u2019\u00e9chantillonnage passif de cellules de microalgues benthiques.&nbsp;Ce sont des dispositifs peu co\u00fbteux, simples de conception et faciles d\u2019utilisation.&nbsp;Les vid\u00e9os ci-apr\u00e8s d\u00e9taillent les modes d\u2019assemblage, de d\u00e9ploiement et de collecte des WSs <em>in situ<\/em>.<\/p>\n\n\n\n<figure class=\"wp-block-embed is-type-video is-provider-youtube wp-block-embed-youtube wp-embed-aspect-16-9 wp-has-aspect-ratio\"><div class=\"wp-block-embed__wrapper\">\n<iframe loading=\"lazy\" title=\"Assembly of a Window Screen Device \/ Montage d&#039;un dispositif de type Window Screen\" width=\"1200\" height=\"675\" src=\"https:\/\/www.youtube.com\/embed\/HMCaBIxomTk?feature=oembed\" frameborder=\"0\" allow=\"accelerometer; autoplay; clipboard-write; encrypted-media; gyroscope; picture-in-picture; web-share\" allowfullscreen><\/iframe>\n<\/div><\/figure>\n\n\n\n<div class=\"wp-block-buttons mt-2 mb-5 is-horizontal is-content-justification-left is-layout-flex wp-container-core-buttons-is-layout-7e5fce0a wp-block-buttons-is-layout-flex\">\n<div class=\"wp-block-button\"><a class=\"wp-block-button__link has-accent-background-color has-background wp-element-button\" href=\"https:\/\/ciguawatch.ilm.pf\/wp-content\/uploads\/2022\/04\/1-ilm-device-assembly-trad-st-vf.mp4\" style=\"border-radius:5px\" target=\"_blank\" rel=\"noreferrer noopener\">T\u00e9l\u00e9charger la vid\u00e9o (mp4)<\/a><\/div>\n\n\n\n<div class=\"wp-block-button\"><a class=\"wp-block-button__link has-accent-background-color has-background wp-element-button\" href=\"https:\/\/ciguawatch.ilm.pf\/wp-content\/uploads\/2022\/04\/ASSEMBLY-OF-A-WS-DEVICES-List-of-Equipments.pdf\" style=\"border-radius:5px\" target=\"_blank\" rel=\"noreferrer noopener\">Liste des \u00e9quipements (pdf)<\/a><\/div>\n\n\n\n<div class=\"wp-block-button\"><a class=\"wp-block-button__link has-accent-background-color has-background wp-element-button\" href=\"https:\/\/ciguawatch.ilm.pf\/wp-content\/uploads\/2024\/02\/SOP-ASSEMBLAGE-DES-WINDOW-SCREENS.pdf\" style=\"border-radius:5px\">T\u00e9l\u00e9charger le protocole (pdf) <\/a><\/div>\n<\/div>\n\n\n\n<figure class=\"wp-block-embed is-type-video is-provider-youtube wp-block-embed-youtube wp-embed-aspect-16-9 wp-has-aspect-ratio\"><div class=\"wp-block-embed__wrapper\">\n<iframe loading=\"lazy\" title=\"Deployment and Collection of  Window Screen Devices \/ Deploiement et Collecte des Window Screens\" width=\"1200\" height=\"675\" src=\"https:\/\/www.youtube.com\/embed\/FxkgEQZYyQw?feature=oembed\" frameborder=\"0\" allow=\"accelerometer; autoplay; clipboard-write; encrypted-media; gyroscope; picture-in-picture; web-share\" allowfullscreen><\/iframe>\n<\/div><\/figure>\n\n\n\n<div class=\"wp-block-buttons mt-2 mb-5 is-horizontal is-content-justification-left is-layout-flex wp-container-core-buttons-is-layout-7e5fce0a wp-block-buttons-is-layout-flex\">\n<div class=\"wp-block-button\"><a class=\"wp-block-button__link has-accent-background-color has-background wp-element-button\" href=\"https:\/\/ciguawatch.ilm.pf\/wp-content\/uploads\/2022\/04\/2-ilm-deployement-and-collection-devices-st-vf.mp4\" style=\"border-radius:5px\" target=\"_blank\" rel=\"noreferrer noopener\">T\u00e9l\u00e9charger la vid\u00e9o (mp4)<\/a><\/div>\n\n\n\n<div class=\"wp-block-button\"><a class=\"wp-block-button__link has-accent-background-color has-background wp-element-button\" href=\"https:\/\/ciguawatch.ilm.pf\/wp-content\/uploads\/2022\/04\/DEPLOYMENT-AND-COLLECTION-OF-WS-DEVICES-List-of-Equipments.pdf\" style=\"border-radius:5px\" target=\"_blank\" rel=\"noreferrer noopener\">Liste des \u00e9quipements (pdf)<\/a><\/div>\n\n\n\n<div class=\"wp-block-button\"><a class=\"wp-block-button__link has-accent-background-color has-background wp-element-button\" href=\"https:\/\/ciguawatch.ilm.pf\/wp-content\/uploads\/2024\/02\/SOP-DEPLOIEMENT-ET-COLLECTE-DES-WINDOW-SCREENS.pdf\" style=\"border-radius:5px\">T\u00e9l\u00e9charger le protocole (pdf) <\/a><\/div>\n<\/div>\n<\/div><\/div>\n<\/div><\/div>\n\n\n\n<div class=\"wp-block-group accordion-item\"><div class=\"wp-block-group__inner-container is-layout-flow wp-block-group-is-layout-flow\">\n<h3 class=\"wp-block-heading accordion-header\">Collecte des macroalgues (substrats naturels des dinoflagell\u00e9s associ\u00e9s \u00e0 la ciguat\u00e9ra)<\/h3>\n\n\n\n<div class=\"wp-block-group accordion-body\"><div class=\"wp-block-group__inner-container is-layout-flow wp-block-group-is-layout-flow\">\n<p>La vid\u00e9o ci-apr\u00e8s illustre le mode de collecte des \u00e9chantillons de macroalgues.<\/p>\n\n\n\n<figure class=\"wp-block-embed is-type-video is-provider-youtube wp-block-embed-youtube wp-embed-aspect-16-9 wp-has-aspect-ratio\"><div class=\"wp-block-embed__wrapper\">\n<iframe loading=\"lazy\" title=\"Macroalgal Sampling Methode \/ M\u00e9thode de Collecte de Macroalgues\" width=\"1200\" height=\"675\" src=\"https:\/\/www.youtube.com\/embed\/8pxRIwRKxUs?feature=oembed\" frameborder=\"0\" allow=\"accelerometer; autoplay; clipboard-write; encrypted-media; gyroscope; picture-in-picture; web-share\" allowfullscreen><\/iframe>\n<\/div><\/figure>\n\n\n\n<div class=\"wp-block-buttons mt-2 mb-5 is-horizontal is-content-justification-left is-layout-flex wp-container-core-buttons-is-layout-7e5fce0a wp-block-buttons-is-layout-flex\">\n<div class=\"wp-block-button\"><a class=\"wp-block-button__link has-accent-background-color has-background wp-element-button\" href=\"https:\/\/ciguawatch.ilm.pf\/wp-content\/uploads\/2022\/04\/3-ilm-microalgal-sampling-st-vf.mp4\" style=\"border-radius:5px\" target=\"_blank\" rel=\"noreferrer noopener\">T\u00e9l\u00e9charger la vid\u00e9o (mp4)<\/a><\/div>\n\n\n\n<div class=\"wp-block-button\"><a class=\"wp-block-button__link has-accent-background-color has-background wp-element-button\" href=\"https:\/\/ciguawatch.ilm.pf\/wp-content\/uploads\/2022\/04\/MACROALGAL-SAMPLING-METHODE-List-of-Equipments.pdf\" style=\"border-radius:5px\" target=\"_blank\" rel=\"noreferrer noopener\">Liste des \u00e9quipements (pdf)<\/a><\/div>\n\n\n\n<div class=\"wp-block-button\"><a class=\"wp-block-button__link has-accent-background-color has-background wp-element-button\" href=\"https:\/\/ciguawatch.ilm.pf\/wp-content\/uploads\/2024\/02\/SOP-METHODE-DE-COLLECTE-DES-MACROALGUES.pdf\" style=\"border-radius:5px\">T\u00e9l\u00e9charger le protocole (pdf)<\/a><\/div>\n<\/div>\n<\/div><\/div>\n<\/div><\/div>\n\n\n\n<div class=\"wp-block-group accordion-item\"><div class=\"wp-block-group__inner-container is-layout-flow wp-block-group-is-layout-flow\">\n<h3 class=\"wp-block-heading accordion-header\">Traitement et fixation des \u00e9chantillons de window-screens et de macroalgues<\/h3>\n\n\n\n<div class=\"wp-block-group accordion-body\"><div class=\"wp-block-group__inner-container is-layout-flow wp-block-group-is-layout-flow\">\n<p>Les vid\u00e9os ci-apr\u00e8s d\u00e9taillent les modes de traitement et de fixation des \u00e9chantillons de window screens et de macro-algues, selon la nature des analyses auxquelles ils sont destin\u00e9s.<\/p>\n\n\n\n<figure class=\"wp-block-embed is-type-video is-provider-youtube wp-block-embed-youtube wp-embed-aspect-16-9 wp-has-aspect-ratio\"><div class=\"wp-block-embed__wrapper\">\n<iframe loading=\"lazy\" title=\"Processing of Window Screen Samples\/ Traitement des \u00e9chantillons de Window Screen\" width=\"1200\" height=\"675\" src=\"https:\/\/www.youtube.com\/embed\/V-gA9Wja948?feature=oembed\" frameborder=\"0\" allow=\"accelerometer; autoplay; clipboard-write; encrypted-media; gyroscope; picture-in-picture; web-share\" allowfullscreen><\/iframe>\n<\/div><\/figure>\n\n\n\n<div class=\"wp-block-buttons mt-2 mb-5 is-horizontal is-content-justification-left is-layout-flex wp-container-core-buttons-is-layout-7e5fce0a wp-block-buttons-is-layout-flex\">\n<div class=\"wp-block-button\"><a class=\"wp-block-button__link has-accent-background-color has-background wp-element-button\" href=\"https:\/\/ciguawatch.ilm.pf\/wp-content\/uploads\/2022\/04\/4-ilm-processing-ws-samples-st-vf.mp4\" style=\"border-radius:5px\" target=\"_blank\" rel=\"noreferrer noopener\">T\u00e9l\u00e9charger la vid\u00e9o (mp4)<\/a><\/div>\n\n\n\n<div class=\"wp-block-button\"><a class=\"wp-block-button__link has-accent-background-color has-background wp-element-button\" href=\"https:\/\/ciguawatch.ilm.pf\/wp-content\/uploads\/2022\/04\/PROCESSING-OF-WS-SAMPLES-List-of-Equipments.pdf\" style=\"border-radius:5px\" target=\"_blank\" rel=\"noreferrer noopener\">Liste des \u00e9quipements (pdf)<\/a><\/div>\n\n\n\n<div class=\"wp-block-button\"><a class=\"wp-block-button__link has-accent-background-color has-background wp-element-button\" href=\"https:\/\/ciguawatch.ilm.pf\/wp-content\/uploads\/2024\/02\/SOP-TRAITEMENT-DES-ECHANTILLONS-DE-WINDOW-SCREEN.pdf\" style=\"border-radius:5px\">T\u00e9l\u00e9charger le protocole (pdf)<\/a><\/div>\n<\/div>\n\n\n\n<figure class=\"wp-block-embed is-type-video is-provider-youtube wp-block-embed-youtube wp-embed-aspect-16-9 wp-has-aspect-ratio\"><div class=\"wp-block-embed__wrapper\">\n<iframe loading=\"lazy\" title=\"Processing of Macroalgal Samples \/ Traitement des Echantillons de Macro-algues\" width=\"1200\" height=\"675\" src=\"https:\/\/www.youtube.com\/embed\/i9cp_0vtsfU?feature=oembed\" frameborder=\"0\" allow=\"accelerometer; autoplay; clipboard-write; encrypted-media; gyroscope; picture-in-picture; web-share\" allowfullscreen><\/iframe>\n<\/div><\/figure>\n\n\n\n<div class=\"wp-block-buttons mt-2 mb-5 is-horizontal is-content-justification-left is-layout-flex wp-container-core-buttons-is-layout-7e5fce0a wp-block-buttons-is-layout-flex\">\n<div class=\"wp-block-button\"><a class=\"wp-block-button__link has-accent-background-color has-background wp-element-button\" href=\"https:\/\/ciguawatch.ilm.pf\/wp-content\/uploads\/2022\/04\/5-ilm-processing-microalgual-samples-st-vf.mp4\" style=\"border-radius:5px\" target=\"_blank\" rel=\"noreferrer noopener\">T\u00e9l\u00e9charger la vid\u00e9o (mp4)<\/a><\/div>\n\n\n\n<div class=\"wp-block-button\"><a class=\"wp-block-button__link has-accent-background-color has-background wp-element-button\" href=\"https:\/\/ciguawatch.ilm.pf\/wp-content\/uploads\/2022\/04\/PROCESSING-OF-MACROALGAL-SAMPLES-List-of-Epquipments.pdf\" style=\"border-radius:5px\" target=\"_blank\" rel=\"noreferrer noopener\">Liste des \u00e9quipements (pdf)<\/a><\/div>\n\n\n\n<div class=\"wp-block-button\"><a class=\"wp-block-button__link has-accent-background-color has-background wp-element-button\" href=\"https:\/\/ciguawatch.ilm.pf\/wp-content\/uploads\/2024\/02\/SOP-TRAITEMENT-DES-ECHANTILLONS-DE-MACROALGUE.pdf\" style=\"border-radius:5px\">T\u00e9l\u00e9charger le protocole (pdf)<\/a><\/div>\n<\/div>\n<\/div><\/div>\n<\/div><\/div>\n\n\n\n<div class=\"wp-block-group accordion-item\"><div class=\"wp-block-group__inner-container is-layout-flow wp-block-group-is-layout-flow\">\n<h3 class=\"wp-block-heading accordion-header\">Identification et d\u00e9nombrement des cellules de dinoflagell\u00e9s en microscopie optique<\/h3>\n\n\n\n<div class=\"wp-block-group accordion-body\"><div class=\"wp-block-group__inner-container is-layout-flow wp-block-group-is-layout-flow\">\n<p><strong><strong>MAT\u00c9RIEL REQUIS<\/strong><\/strong><\/p>\n\n\n\n<ul class=\"wp-block-list\"><li>&nbsp;1 microscope invers\u00e9 muni d\u2019objectifs x10, x20, x40, x100 et d&rsquo;une cam\u00e9ra digitale<\/li><li>Chambre de comptage de type \u00ab&nbsp;Sedgewick Rafter Cell&nbsp;\u00bb (\u00e0 d\u00e9faut, utiliser des lames et lamelles de verre)<\/li><li>Micropipette (P1000) et pointes adapt\u00e9es<\/li><li>1 compteur manuel<\/li><\/ul>\n\n\n\n<hr class=\"wp-block-separator has-css-opacity\"\/>\n\n\n\n<p><strong><strong><strong>OBSERVATION DES ECHANTILLONS AU MICROSCOPE<\/strong><\/strong><\/strong><\/p>\n\n\n\n<ul class=\"wp-block-list\"><li>1- Retourner plusieurs fois le tube contenant l\u2019\u00e9chantillon pour bien remettre en suspension les cellules<\/li><li>2- D\u00e9poser l\u2019\u00e9quivalent d\u20191 ml d\u2019\u00e9chantillon dans la chambre de comptage \u00e0 l\u2019aide de la micropipette<\/li><li>3- Observer l\u2019\u00e9chantillon au microscope<\/li><li>4- D\u00e9nombrer les cellules en faisant d\u00e9filer la chambre de comptage de droite \u00e0 gauche et de haut en bas afin de balayer tout le champ.&nbsp;<\/li><li>5- Identifier les diff\u00e9rentes esp\u00e8ces pr\u00e9sentes \u00e0 l\u2019aide du cours sur l\u2019identification des micro-algues benthiques associ\u00e9es \u00e0 la ciguat\u00e9ra accessible ci-dessous.<\/li><li>6- R\u00e9aliser au moins 3 comptages\/\u00e9chantillon pour d\u00e9terminer une densit\u00e9 cellulaire moyenne<\/li><\/ul>\n\n\n\n<p class=\"has-contrast-color has-text-color\"><em>NB: si vous ne disposez pas d\u2019une cellule de Rafter, l\u2019observation des \u00e9chantillons peut s\u2019effectuer entre lames et lamelles, sur des aliquots de 100 \u00b5l d\u2019\u00e9chantillon.<\/em><\/p>\n\n\n\n<p><\/p>\n\n\n\n<p class=\"has-base-3-color has-global-color-11-background-color has-text-color has-background has-medium-font-size\"><strong>Cours d&rsquo;introduction aux micro-algues benthiques nuisibles (bHABs) <\/strong><\/p>\n\n\n\n<p class=\"has-accent-color has-text-color has-medium-font-size\"><strong>Module 1<\/strong> <\/p>\n\n\n\n<p class=\"has-contrast-color has-text-color\" style=\"font-size:16px\"><em>Bref aper\u00e7u des HABs- Impacts nuisibles<\/em>&#8211; <em>Esp\u00e8ces en cause<\/em>&#8211; <em>Introduction  g\u00e9n\u00e9rale \u00e0 la taxonomie des dinoflagell\u00e9s<\/em> (course en anglais)<\/p>\n\n\n\n<div class=\"wp-block-buttons is-content-justification-left is-layout-flex wp-container-core-buttons-is-layout-fdcfc74e wp-block-buttons-is-layout-flex\">\n<div class=\"wp-block-button has-custom-font-size\" style=\"font-size:16px\"><a class=\"wp-block-button__link has-base-3-color has-accent-background-color has-text-color has-background\" href=\"https:\/\/ciguawatch.ilm.pf\/wp-content\/uploads\/2022\/07\/Module-1-Introduction-to-Harmful-Algae-Jacob-Larsen-University-of-Copenhagen.pdf\" style=\"border-radius:10px\"><strong>T\u00e9l\u00e9charger le Module 1 (pdf)<\/strong><\/a><\/div>\n<\/div>\n\n\n\n<hr class=\"wp-block-separator has-css-opacity\"\/>\n\n\n\n<p><\/p>\n\n\n\n<p><\/p>\n\n\n\n<p class=\"has-text-align-left has-accent-color has-text-color has-medium-font-size\"><strong>Module 2<\/strong><\/p>\n\n\n\n<p class=\"has-text-align-left has-contrast-color has-text-color\"><em>Introduction g\u00e9n\u00e9rale aux  micro-algues benthiques nuisibles (bHABs) pr\u00e9sentes dans le Pacifique Sud:  Gambierdiscus<\/em> (cours en anglais)<\/p>\n\n\n\n<p><\/p>\n\n\n\n<div class=\"wp-block-buttons is-layout-flex wp-block-buttons-is-layout-flex\">\n<div class=\"wp-block-button\"><a class=\"wp-block-button__link has-base-3-color has-accent-background-color has-text-color has-background\" href=\"https:\/\/ciguawatch.ilm.pf\/wp-content\/uploads\/2022\/07\/Module-2-Introduction-to-bHABs-in-the-Pacific-and-Gambierdiscus-sp-Jacob-Larsen-University-of-Copenhagen.pdf\" style=\"border-radius:13px\"><strong><strong>T\u00e9l\u00e9charger le<\/strong><\/strong> <strong>Module 2 (<em><strong><em>pdf<\/em><\/strong><\/em>)<\/strong><\/a><\/div>\n<\/div>\n\n\n\n<hr class=\"wp-block-separator has-css-opacity\"\/>\n\n\n\n<p class=\"has-base-3-color has-text-color\" style=\"font-size:16px\"><\/p>\n\n\n\n<p><\/p>\n\n\n\n<p class=\"has-accent-color has-text-color has-medium-font-size\"><strong>Module 3<\/strong><\/p>\n\n\n\n<p class=\"has-contrast-color has-text-color\" style=\"font-size:16px\"><em>Introduction aux genres Ostreopsis et Coolia<\/em> (cours en anglais)<\/p>\n\n\n\n<div class=\"wp-block-buttons is-content-justification-left is-layout-flex wp-container-core-buttons-is-layout-fdcfc74e wp-block-buttons-is-layout-flex\">\n<div class=\"wp-block-button\"><a class=\"wp-block-button__link has-accent-background-color has-background\" href=\"https:\/\/ciguawatch.ilm.pf\/wp-content\/uploads\/2022\/07\/Module-3_Introduction-to-Coolia-and-Ostreopsis-genera.pdf\" style=\"border-radius:7px\"><strong><strong>T\u00e9l\u00e9charger le<\/strong><\/strong> <strong>Module 3 (<em><strong><em>pdf)<\/em><\/strong><\/em><\/strong><\/a><\/div>\n<\/div>\n\n\n\n<hr class=\"wp-block-separator has-css-opacity\"\/>\n\n\n\n<p><\/p>\n\n\n\n<p><\/p>\n\n\n\n<p><\/p>\n\n\n\n<p class=\"has-accent-color has-text-color has-medium-font-size\"><strong>Module 4<\/strong><\/p>\n\n\n\n<p style=\"font-size:16px\"><em>Introduction au genre Prorocentrum et  aux dinoflagell\u00e9s nus (Amphidinium)<\/em> (cours en anglais)<\/p>\n\n\n\n<div class=\"wp-block-buttons is-layout-flex wp-block-buttons-is-layout-flex\">\n<div class=\"wp-block-button\"><a class=\"wp-block-button__link has-accent-background-color has-background\" href=\"https:\/\/ciguawatch.ilm.pf\/wp-content\/uploads\/2022\/07\/Module-4_Prorocentrum-unarmoured-dinoflagellates-Jacob-Larsen-University-of-Copenhagen.pdf\" style=\"border-radius:10px\"><strong><strong>T\u00e9l\u00e9charger le<\/strong><\/strong> <strong>Module 4 (pdf)<\/strong><\/a><\/div>\n<\/div>\n\n\n\n<hr class=\"wp-block-separator has-css-opacity\"\/>\n\n\n\n<p><\/p>\n\n\n\n<p><\/p>\n<\/div><\/div>\n<\/div><\/div>\n\n\n\n<div class=\"wp-block-group accordion-item\"><div class=\"wp-block-group__inner-container is-layout-flow wp-block-group-is-layout-flow\">\n<h3 class=\"wp-block-heading accordion-header\">Calcul des densit\u00e9s cellulaires de dinoflagell\u00e9s pr\u00e9sents dans les \u00e9chantillons<\/h3>\n\n\n\n<div class=\"wp-block-group accordion-body\"><div class=\"wp-block-group__inner-container is-layout-flow wp-block-group-is-layout-flow\">\n<div class=\"wp-block-columns is-layout-flex wp-container-core-columns-is-layout-9d6595d7 wp-block-columns-is-layout-flex\">\n<div class=\"wp-block-column is-layout-flow wp-block-column-is-layout-flow\">\n<div class=\"wp-block-group p-2 mb-4 mb-lg-1\"><div class=\"wp-block-group__inner-container is-layout-flow wp-block-group-is-layout-flow\">\n<h4 class=\"wp-block-heading\">Calculer le nombre de cellules \u00e0 partir d\u2019\u00e9chantillons de macro-algues<\/h4>\n\n\n\n<p><em><em>T\u00e9l\u00e9charger le tableur Excel avec les formules<\/em><\/em><\/p>\n\n\n\n<div class=\"wp-block-buttons is-horizontal is-content-justification-left is-layout-flex wp-container-core-buttons-is-layout-7e5fce0a wp-block-buttons-is-layout-flex\">\n<div class=\"wp-block-button\"><a class=\"wp-block-button__link has-accent-background-color has-background wp-element-button\" href=\"https:\/\/ciguawatch.ilm.pf\/wp-content\/uploads\/2022\/03\/Cell-count-formulas-mod-08-mars-2022-Macroalgal-samples.xlsx\" style=\"border-radius:5px\">T\u00e9l\u00e9charger le tableur<\/a><\/div>\n<\/div>\n<\/div><\/div>\n<\/div>\n\n\n\n<div class=\"wp-block-column is-layout-flow wp-block-column-is-layout-flow\">\n<div class=\"wp-block-group p-2\"><div class=\"wp-block-group__inner-container is-layout-flow wp-block-group-is-layout-flow\">\n<h4 class=\"wp-block-heading\">Calculer le nombre de cellules \u00e0 partir d\u2019\u00e9chantillons de window screens<\/h4>\n\n\n\n<p><em><em><em>T\u00e9l\u00e9charger le tableur Excel avec les formules<\/em><\/em><\/em><\/p>\n\n\n\n<div class=\"wp-block-buttons is-horizontal is-content-justification-left is-layout-flex wp-container-core-buttons-is-layout-7e5fce0a wp-block-buttons-is-layout-flex\">\n<div class=\"wp-block-button\"><a class=\"wp-block-button__link has-accent-background-color has-background wp-element-button\" href=\"https:\/\/ciguawatch.ilm.pf\/wp-content\/uploads\/2022\/03\/Cell-count-formulas-mod-08-mars-2022-Window-Screen-samples.xlsx\" style=\"border-radius:5px\">T\u00e9l\u00e9charger le tableur<\/a><\/div>\n<\/div>\n<\/div><\/div>\n<\/div>\n<\/div>\n<\/div><\/div>\n<\/div><\/div>\n<\/div><\/div>\n\n\n\n<p>Pour en savoir plus sur <a rel=\"noreferrer noopener\" href=\"https:\/\/ciguawatch.ilm.pf\/wp-content\/uploads\/2022\/03\/Tester-Kibler-2018-BHAB-Sampling-methods.pdf\" target=\"_blank\">les techniques d\u2019\u00e9chantillonnage des dinoflagell\u00e9s benthiques<\/a><\/p>\n\n\n\n<div class=\"wp-block-buttons is-layout-flex wp-block-buttons-is-layout-flex\">\n<div class=\"wp-block-button\"><a class=\"wp-block-button__link has-base-3-color has-global-color-11-background-color has-text-color has-background wp-element-button\" href=\"https:\/\/ciguawatch.ilm.pf\/wp-content\/uploads\/2024\/02\/SOPs-Surveillance-environmentale-1.pdf\" style=\"border-radius:8px\"><strong>T\u00e9l\u00e9charger l&rsquo;ensemble des protocoles (SOPs)<\/strong><\/a><\/div>\n<\/div>\n","protected":false},"excerpt":{"rendered":"<p>Ce tutoriel <\/p>\n","protected":false},"author":1,"featured_media":1264,"parent":0,"menu_order":0,"comment_status":"closed","ping_status":"closed","template":"","meta":{"footnotes":""},"tags":[],"class_list":["post-1266","page","type-page","status-publish","has-post-thumbnail"],"translation":{"provider":"WPGlobus","version":"3.0.0","language":"fr","enabled_languages":["en","fr"],"languages":{"en":{"title":true,"content":true,"excerpt":true},"fr":{"title":true,"content":true,"excerpt":true}}},"_links":{"self":[{"href":"https:\/\/ciguawatch.ilm.pf\/fr\/wp-json\/wp\/v2\/pages\/1266","targetHints":{"allow":["GET"]}}],"collection":[{"href":"https:\/\/ciguawatch.ilm.pf\/fr\/wp-json\/wp\/v2\/pages"}],"about":[{"href":"https:\/\/ciguawatch.ilm.pf\/fr\/wp-json\/wp\/v2\/types\/page"}],"author":[{"embeddable":true,"href":"https:\/\/ciguawatch.ilm.pf\/fr\/wp-json\/wp\/v2\/users\/1"}],"replies":[{"embeddable":true,"href":"https:\/\/ciguawatch.ilm.pf\/fr\/wp-json\/wp\/v2\/comments?post=1266"}],"version-history":[{"count":0,"href":"https:\/\/ciguawatch.ilm.pf\/fr\/wp-json\/wp\/v2\/pages\/1266\/revisions"}],"wp:featuredmedia":[{"embeddable":true,"href":"https:\/\/ciguawatch.ilm.pf\/fr\/wp-json\/wp\/v2\/media\/1264"}],"wp:attachment":[{"href":"https:\/\/ciguawatch.ilm.pf\/fr\/wp-json\/wp\/v2\/media?parent=1266"}],"wp:term":[{"taxonomy":"post_tag","embeddable":true,"href":"https:\/\/ciguawatch.ilm.pf\/fr\/wp-json\/wp\/v2\/tags?post=1266"}],"curies":[{"name":"wp","href":"https:\/\/api.w.org\/{rel}","templated":true}]}}